{"id":9178,"date":"2026-05-06T18:12:28","date_gmt":"2026-05-06T16:12:28","guid":{"rendered":"https:\/\/lasenia.cat\/web\/?page_id=9178"},"modified":"2026-05-06T18:12:29","modified_gmt":"2026-05-06T16:12:29","slug":"periode-mitja-de-pagament-a-proveidors-2026","status":"publish","type":"page","link":"https:\/\/lasenia.cat\/web\/periode-mitja-de-pagament-a-proveidors-2026\/","title":{"rendered":"Per\u00edode mitj\u00e0 de pagament a prove\u00efdors 2026"},"content":{"rendered":"\n<figure class=\"wp-block-table is-style-stripes has-small-font-size\"><table class=\"has-fixed-layout\"><tbody><tr><td class=\"has-text-align-center\" data-align=\"center\"><strong>Any<\/strong><\/td><td class=\"has-text-align-center\" data-align=\"center\"><strong>Tipus de per\u00edode<\/strong><\/td><td class=\"has-text-align-center\" data-align=\"center\"><strong>Per\u00edode<\/strong><\/td><td class=\"has-text-align-center\" data-align=\"center\"><strong>P.M.P <\/strong><\/td><td class=\"has-text-align-center\" data-align=\"center\"><strong>R.O.Pagades<\/strong><\/td><td class=\"has-text-align-center\" data-align=\"center\"><strong>R.O.Pendents<\/strong><\/td><td class=\"has-text-align-center\" data-align=\"center\"><strong>Total pagaments<\/strong><\/td><td class=\"has-text-align-center\" data-align=\"center\"><strong>Total pendents<\/strong><\/td><\/tr><tr><td class=\"has-text-align-center\" data-align=\"center\">2026<\/td><td class=\"has-text-align-center\" data-align=\"center\">Trimestral<\/td><td class=\"has-text-align-center\" data-align=\"center\">1r trimestre<\/td><td class=\"has-text-align-center\" data-align=\"center\">34,018726348877<\/td><td class=\"has-text-align-center\" data-align=\"center\">35,9503288269043<\/td><td class=\"has-text-align-center\" data-align=\"center\">27,0571537017822<\/td><td class=\"has-text-align-center\" data-align=\"center\">535541,73<\/td><td class=\"has-text-align-center\" data-align=\"center\">148594,96<\/td><\/tr><\/tbody><\/table><\/figure>\n\n\n\n<p><\/p>\n","protected":false},"excerpt":{"rendered":"<p>Any Tipus de per\u00edode Per\u00edode P.M.P R.O.Pagades R.O.Pendents Total pagaments Total pendents 2026 Trimestral 1r trimestre 34,018726348877 35,9503288269043 27,0571537017822 535541,73<\/p>\n","protected":false},"author":8,"featured_media":0,"parent":0,"menu_order":0,"comment_status":"closed","ping_status":"closed","template":"","meta":{"colormag_page_container_layout":"default_layout","colormag_page_sidebar_layout":"default_layout","footnotes":""},"class_list":["post-9178","page","type-page","status-publish","hentry"],"_links":{"self":[{"href":"https:\/\/lasenia.cat\/web\/wp-json\/wp\/v2\/pages\/9178","targetHints":{"allow":["GET"]}}],"collection":[{"href":"https:\/\/lasenia.cat\/web\/wp-json\/wp\/v2\/pages"}],"about":[{"href":"https:\/\/lasenia.cat\/web\/wp-json\/wp\/v2\/types\/page"}],"author":[{"embeddable":true,"href":"https:\/\/lasenia.cat\/web\/wp-json\/wp\/v2\/users\/8"}],"replies":[{"embeddable":true,"href":"https:\/\/lasenia.cat\/web\/wp-json\/wp\/v2\/comments?post=9178"}],"version-history":[{"count":1,"href":"https:\/\/lasenia.cat\/web\/wp-json\/wp\/v2\/pages\/9178\/revisions"}],"predecessor-version":[{"id":9179,"href":"https:\/\/lasenia.cat\/web\/wp-json\/wp\/v2\/pages\/9178\/revisions\/9179"}],"wp:attachment":[{"href":"https:\/\/lasenia.cat\/web\/wp-json\/wp\/v2\/media?parent=9178"}],"curies":[{"name":"wp","href":"https:\/\/api.w.org\/{rel}","templated":true}]}}