{"id":8903,"date":"2026-04-16T07:43:12","date_gmt":"2026-04-16T05:43:12","guid":{"rendered":"https:\/\/lasenia.cat\/web\/?page_id=8903"},"modified":"2026-04-27T11:48:08","modified_gmt":"2026-04-27T09:48:08","slug":"borsa-tecnics-ques-educadors-es","status":"publish","type":"page","link":"https:\/\/lasenia.cat\/web\/borsa-tecnics-ques-educadors-es\/","title":{"rendered":"Borsa t\u00e8cnics\/ques educadors\/es (CFGS)"},"content":{"rendered":"\n<figure class=\"wp-block-table is-style-regular\"><table class=\"has-fixed-layout\"><thead><tr><th><strong>Grup<\/strong><\/th><th><strong>Procediment<\/strong><\/th><th><strong>Perfil<\/strong><\/th><th><strong>Places<\/strong><\/th><th><strong>Data BOPT<\/strong><\/th><th><strong>Data DOGC<\/strong><\/th><\/tr><\/thead><tbody><tr><td>C1<\/td><td>Concurs <\/td><td>Borsa<\/td><td>&#8211;<\/td><td>16.04.2026<\/td><td>27.04.2026<\/td><\/tr><\/tbody><\/table><\/figure>\n\n\n\n<figure class=\"wp-block-table is-style-stripes\"><table class=\"has-fixed-layout\"><tbody><tr><td class=\"has-text-align-left\" data-align=\"left\"><a href=\"https:\/\/aplicacions.dipta.cat\/bopt\/web\/anunci\/358691\/borsa-de-treball-de-tecnic-a-educador-a-de-la-llar-d-infants-bases-i-convocatoria-ajuntament-senia-la\" data-type=\"link\" data-id=\"https:\/\/aplicacions.dipta.cat\/bopt\/web\/anunci\/358691\/borsa-de-treball-de-tecnic-a-educador-a-de-la-llar-d-infants-bases-i-convocatoria-ajuntament-senia-la\">Anunci bases BOPT n\u00fam. 2026-03315 de 16\/04\/2026<\/a><\/td><\/tr><tr><td class=\"has-text-align-left\" data-align=\"left\"><a href=\"https:\/\/dogc.gencat.cat\/ca\/document-del-dogc\/?documentId=1042791\" data-type=\"link\" data-id=\"https:\/\/dogc.gencat.cat\/ca\/document-del-dogc\/?documentId=1042791\" target=\"_blank\" rel=\"noreferrer noopener\">Anunci convocat\u00f2ria DOGC n\u00fam. 9653 de 27\/04\/2026<\/a><br>Termini de presentaci\u00f3 d&#8217;inst\u00e0ncies: <strong>Del 28 d&#8217;abril al 27 de maig, ambd\u00f3s inclosos.<\/strong><\/td><\/tr><tr><td class=\"has-text-align-left\" data-align=\"left\"><a href=\"https:\/\/lasenia.cat\/web\/wp-content\/uploads\/2026\/04\/04.1-Decjurada-TECEDU.docx\" data-type=\"link\" data-id=\"https:\/\/lasenia.cat\/web\/wp-content\/uploads\/2026\/04\/04.1-Decjurada-TECEDU.docx\" target=\"_blank\" rel=\"noreferrer noopener\">Model de declaraci\u00f3 jurada a adjuntar a la sol\u00b7licitud<\/a><\/td><\/tr><tr><td class=\"has-text-align-left\" data-align=\"left\">La documentaci\u00f3 es podr\u00e0 presentar a trav\u00e9s de la Seu electr\u00f2nica, mitjan\u00e7ant una&nbsp;<a href=\"https:\/\/actio.dipta.cat\/catalegserveis\/id\/4304450006\/servei\/AT110_ATENC_00001?origen=seu\" target=\"_blank\" rel=\"noreferrer noopener\">inst\u00e0ncia gen\u00e8rica<\/a> o presencialment al PAC (Pgs. de la Clotada,7).<br><br><em>L\u2019aplicaci\u00f3 nom\u00e9s deixa adjuntar 5 arxius. Per tal que us sigui m\u00e9s \u00e0gil la presentaci\u00f3 de la documentaci\u00f3, us recomanem crear un document pdf amb tota la documentaci\u00f3 referent als requisits i un altre amb la documentaci\u00f3 de m\u00e8rits, de manera que nom\u00e9s us caldr\u00e0 adjuntar dos arxiu.<\/em><\/td><\/tr><\/tbody><\/table><\/figure>\n\n\n\n<p><\/p>\n","protected":false},"excerpt":{"rendered":"<p>Grup Procediment Perfil Places Data BOPT Data DOGC C1 Concurs Borsa &#8211; 16.04.2026 27.04.2026 Anunci bases BOPT n\u00fam. 2026-03315 de<\/p>\n","protected":false},"author":3,"featured_media":0,"parent":0,"menu_order":0,"comment_status":"closed","ping_status":"closed","template":"","meta":{"colormag_page_container_layout":"default_layout","colormag_page_sidebar_layout":"default_layout","footnotes":""},"class_list":["post-8903","page","type-page","status-publish","hentry"],"_links":{"self":[{"href":"https:\/\/lasenia.cat\/web\/wp-json\/wp\/v2\/pages\/8903","targetHints":{"allow":["GET"]}}],"collection":[{"href":"https:\/\/lasenia.cat\/web\/wp-json\/wp\/v2\/pages"}],"about":[{"href":"https:\/\/lasenia.cat\/web\/wp-json\/wp\/v2\/types\/page"}],"author":[{"embeddable":true,"href":"https:\/\/lasenia.cat\/web\/wp-json\/wp\/v2\/users\/3"}],"replies":[{"embeddable":true,"href":"https:\/\/lasenia.cat\/web\/wp-json\/wp\/v2\/comments?post=8903"}],"version-history":[{"count":10,"href":"https:\/\/lasenia.cat\/web\/wp-json\/wp\/v2\/pages\/8903\/revisions"}],"predecessor-version":[{"id":9079,"href":"https:\/\/lasenia.cat\/web\/wp-json\/wp\/v2\/pages\/8903\/revisions\/9079"}],"wp:attachment":[{"href":"https:\/\/lasenia.cat\/web\/wp-json\/wp\/v2\/media?parent=8903"}],"curies":[{"name":"wp","href":"https:\/\/api.w.org\/{rel}","templated":true}]}}