{"id":8804,"date":"2026-03-24T08:00:04","date_gmt":"2026-03-24T07:00:04","guid":{"rendered":"https:\/\/lasenia.cat\/web\/?page_id=8804"},"modified":"2026-04-02T09:24:48","modified_gmt":"2026-04-02T07:24:48","slug":"borsa-de-treball-de-monitoratge-de-lleure-2026","status":"publish","type":"page","link":"https:\/\/lasenia.cat\/web\/borsa-de-treball-de-monitoratge-de-lleure-2026\/","title":{"rendered":"Borsa de treball de monitoratge de lleure (2026)"},"content":{"rendered":"\n<p><\/p>\n\n\n\n<div class=\"wp-block-group is-layout-constrained wp-block-group-is-layout-constrained\">\n<figure class=\"wp-block-table is-style-stripes\"><table class=\"has-fixed-layout\"><tbody><tr><td class=\"has-text-align-center\" data-align=\"center\"><strong>Grup<\/strong><\/td><td class=\"has-text-align-center\" data-align=\"center\"><strong>Tipus de procediment<\/strong><\/td><td class=\"has-text-align-center\" data-align=\"center\"><strong>Perfil<\/strong><\/td><td class=\"has-text-align-center\" data-align=\"center\"><strong>N\u00famero de places<\/strong><\/td><td class=\"has-text-align-center\" data-align=\"center\"><strong>Data BOPT<\/strong><\/td><td class=\"has-text-align-center\" data-align=\"center\"><strong>Data DOGC<\/strong><\/td><\/tr><tr><td class=\"has-text-align-center\" data-align=\"center\">AP<\/td><td class=\"has-text-align-center\" data-align=\"center\">Concurs de m\u00e8rits<\/td><td class=\"has-text-align-center\" data-align=\"center\">Laboral<\/td><td class=\"has-text-align-center\" data-align=\"center\">Borsa<\/td><td class=\"has-text-align-center\" data-align=\"center\">24.03.2026<\/td><td class=\"has-text-align-center\" data-align=\"center\">31.03.2026<\/td><\/tr><\/tbody><\/table><\/figure>\n<\/div>\n\n\n\n<div class=\"wp-block-group is-layout-constrained wp-block-group-is-layout-constrained\">\n<div class=\"wp-block-group is-layout-constrained wp-block-group-is-layout-constrained\">\n<figure class=\"wp-block-table is-style-stripes\"><table class=\"has-fixed-layout\"><tbody><tr><td class=\"has-text-align-left\" data-align=\"left\"><a href=\"https:\/\/aplicacions.dipta.cat\/bopt\/web\/anunci\/357589\/borsa-de-treball-de-monitor-a-de-lleure-infantil-i-juvenil-bases-i-convocatoria-ajuntament-senia-la\">Anunci Bases BOPT n\u00fam. 02283 de 24.03.2026<\/a><\/td><\/tr><tr><td class=\"has-text-align-left\" data-align=\"left\"><a href=\"https:\/\/dogc.gencat.cat\/ca\/document-del-dogc\/?documentId=1040747\" data-type=\"link\" data-id=\"https:\/\/dogc.gencat.cat\/ca\/document-del-dogc\/?documentId=1040747\" target=\"_blank\" rel=\"noreferrer noopener nofollow\">Anunci convocat\u00f2ria DOGC n\u00fam. 9636 de 31.03.2026<\/a><\/td><\/tr><tr><td class=\"has-text-align-left\" data-align=\"left\"><a href=\"https:\/\/lasenia.cat\/web\/wp-content\/uploads\/2026\/03\/Declaracio-jurada.docx\" data-type=\"link\" data-id=\"https:\/\/lasenia.cat\/web\/wp-content\/uploads\/2026\/03\/Declaracio-jurada.docx\" target=\"_blank\" rel=\"noreferrer noopener\">Declaraci\u00f3 jurada<\/a><\/td><\/tr><tr><td class=\"has-text-align-left\" data-align=\"left\"><strong>Termini de presentaci\u00f3 de sol\u00b7licituds:<\/strong> De l&#8217;1 al 30 d&#8217;abril de 2026<br><br>La documentaci\u00f3 es podr\u00e0 presentar a trav\u00e9s de la Seu electr\u00f2nica, mitjan\u00e7ant una\u00a0<a href=\"https:\/\/actio.dipta.cat\/catalegserveis\/id\/4304450006\/servei\/AT110_ATENC_00001?origen=seu\" target=\"_blank\" rel=\"noreferrer noopener\">inst\u00e0ncia gen\u00e8rica<\/a> o presencialment al PAC (Pgs. de la Clotada,7).<br><br><em>L&#8217;aplicaci\u00f3 nom\u00e9s deixa adjuntar 5 arxius. Per tal que us sigui m\u00e9s \u00e0gil la presentaci\u00f3 de la documentaci\u00f3, us recomanem crear un document pdf amb tota la documentaci\u00f3 referent als requisits i un altre amb la documentaci\u00f3 de m\u00e8rits, de manera que nom\u00e9s us caldr\u00e0 adjuntar dos arxiu.<\/em><\/td><\/tr><\/tbody><\/table><\/figure>\n<\/div>\n<\/div>\n\n\n\n<p><\/p>\n","protected":false},"excerpt":{"rendered":"<p>Grup Tipus de procediment Perfil N\u00famero de places Data BOPT Data DOGC AP Concurs de m\u00e8rits Laboral Borsa 24.03.2026 31.03.2026<\/p>\n","protected":false},"author":8,"featured_media":0,"parent":0,"menu_order":0,"comment_status":"closed","ping_status":"closed","template":"","meta":{"colormag_page_container_layout":"default_layout","colormag_page_sidebar_layout":"default_layout","footnotes":""},"class_list":["post-8804","page","type-page","status-publish","hentry"],"_links":{"self":[{"href":"https:\/\/lasenia.cat\/web\/wp-json\/wp\/v2\/pages\/8804","targetHints":{"allow":["GET"]}}],"collection":[{"href":"https:\/\/lasenia.cat\/web\/wp-json\/wp\/v2\/pages"}],"about":[{"href":"https:\/\/lasenia.cat\/web\/wp-json\/wp\/v2\/types\/page"}],"author":[{"embeddable":true,"href":"https:\/\/lasenia.cat\/web\/wp-json\/wp\/v2\/users\/8"}],"replies":[{"embeddable":true,"href":"https:\/\/lasenia.cat\/web\/wp-json\/wp\/v2\/comments?post=8804"}],"version-history":[{"count":11,"href":"https:\/\/lasenia.cat\/web\/wp-json\/wp\/v2\/pages\/8804\/revisions"}],"predecessor-version":[{"id":8835,"href":"https:\/\/lasenia.cat\/web\/wp-json\/wp\/v2\/pages\/8804\/revisions\/8835"}],"wp:attachment":[{"href":"https:\/\/lasenia.cat\/web\/wp-json\/wp\/v2\/media?parent=8804"}],"curies":[{"name":"wp","href":"https:\/\/api.w.org\/{rel}","templated":true}]}}