{"id":876,"date":"2021-01-19T18:56:15","date_gmt":"2021-01-19T17:56:15","guid":{"rendered":"http:\/\/lasenia.cat\/web\/?page_id=876"},"modified":"2025-10-15T12:54:52","modified_gmt":"2025-10-15T10:54:52","slug":"festes-populars","status":"publish","type":"page","link":"https:\/\/lasenia.cat\/web\/festes-populars\/","title":{"rendered":"Festes populars"},"content":{"rendered":"\n<p>La regidoria de Festes Populars \u00e9s l\u2019encarregada de l\u2019organitzaci\u00f3 i coordinaci\u00f3 de la majoria de les festivitats que tenen lloc al municipi durant tot l\u2019any. Totes les gestions es realitzen conjuntament amb les diferents agrupacions, entitats i altres organismes municipals implicats , amb la intenci\u00f3 d\u2019aconseguir que les nostres festivitats esdevinguen del tot llu\u00efdes.<\/p>\n\n\n\n<p>Les celebracions s\u00f3n les seg\u00fcents: Sant Antoni, Carnestoltes, Sant Joan, Sant Crist\u00f2fol, Festa de la Mare de D\u00e9u de Pallerols, Festa del C\/ Sant Miquel, Festa del Tossal del Rei, la Castanyada i els diferents actes que s\u2019organitzen durant els Nadals.<\/p>\n\n\n\n<p><strong>Regidora:<\/strong> Merc\u00e8 Carb\u00f3 Gasc\u00f3<br><strong>Secretari:<\/strong> \u00c0ngel Fabregat<\/p>\n\n\n\n<ul class=\"wp-block-list\">\n<li>Adre\u00e7a electr\u00f2nica:&nbsp;<span class=\"link-color sendIt\">festes<img decoding=\"async\" class=\"inline-img\" style=\"max-height:2em\" src=\"https:\/\/lasenia.cat\/html\/images\/arroba.svg\" alt=\"@\">lasenia.cat<\/span><\/li>\n\n\n\n<li>Horari de visita: de dilluns a divendres (amb cita pr\u00e8via)<\/li>\n<\/ul>\n\n\n\n<p><\/p>\n","protected":false},"excerpt":{"rendered":"<p>La regidoria de Festes Populars \u00e9s l\u2019encarregada de l\u2019organitzaci\u00f3 i coordinaci\u00f3 de la majoria de les festivitats que tenen lloc<\/p>\n","protected":false},"author":1,"featured_media":0,"parent":0,"menu_order":0,"comment_status":"closed","ping_status":"closed","template":"","meta":{"colormag_page_container_layout":"default_layout","colormag_page_sidebar_layout":"default_layout","footnotes":""},"class_list":["post-876","page","type-page","status-publish","hentry"],"_links":{"self":[{"href":"https:\/\/lasenia.cat\/web\/wp-json\/wp\/v2\/pages\/876","targetHints":{"allow":["GET"]}}],"collection":[{"href":"https:\/\/lasenia.cat\/web\/wp-json\/wp\/v2\/pages"}],"about":[{"href":"https:\/\/lasenia.cat\/web\/wp-json\/wp\/v2\/types\/page"}],"author":[{"embeddable":true,"href":"https:\/\/lasenia.cat\/web\/wp-json\/wp\/v2\/users\/1"}],"replies":[{"embeddable":true,"href":"https:\/\/lasenia.cat\/web\/wp-json\/wp\/v2\/comments?post=876"}],"version-history":[{"count":6,"href":"https:\/\/lasenia.cat\/web\/wp-json\/wp\/v2\/pages\/876\/revisions"}],"predecessor-version":[{"id":7853,"href":"https:\/\/lasenia.cat\/web\/wp-json\/wp\/v2\/pages\/876\/revisions\/7853"}],"wp:attachment":[{"href":"https:\/\/lasenia.cat\/web\/wp-json\/wp\/v2\/media?parent=876"}],"curies":[{"name":"wp","href":"https:\/\/api.w.org\/{rel}","templated":true}]}}