{"id":874,"date":"2021-01-19T18:52:11","date_gmt":"2021-01-19T17:52:11","guid":{"rendered":"http:\/\/lasenia.cat\/web\/?page_id=874"},"modified":"2025-10-15T12:48:33","modified_gmt":"2025-10-15T10:48:33","slug":"ensenyament","status":"publish","type":"page","link":"https:\/\/lasenia.cat\/web\/ensenyament\/","title":{"rendered":"Ensenyament"},"content":{"rendered":"\n<p>La Regidoria d&#8217;Ensenyament \u00e9s el departament que s&#8217;encarrega directament de la gesti\u00f3 de la Llar d&#8217;Infants Municipal, a la vegada que tamb\u00e9 coordina i col\u00b7labora amb totes les accions que es requereix relacionades amb la resta d&#8217;organismes del sector educatiu de la S\u00e9nia, o que desenvolupen algun tipus de projecte educatiu a la nostra poblaci\u00f3 (Escola Jaume I, Institut la S\u00e9nia, Universitat Rovira i Virgili, Consorci per a la Normalitzaci\u00f3 Ling\u00fc\u00edstica&#8230;), amb la intenci\u00f3 de dotar el municipi d&#8217;un servei educatiu de qualitat i d&#8217;acord amb les exig\u00e8ncies del sector.<\/p>\n\n\n\n<p><strong>Regidora:<\/strong> Susanna Querol Gavald\u00e0<br><strong>Secret\u00e0ria:<\/strong> Ana Bonfill <\/p>\n\n\n\n<ul class=\"wp-block-list\">\n<li>Adre\u00e7a electr\u00f2nica:&nbsp;<span class=\"link-color sendIt\">abonfill<img decoding=\"async\" class=\"inline-img\" style=\"max-height:2em\" src=\"https:\/\/lasenia.cat\/html\/images\/arroba.svg\" alt=\"@\">lasenia.cat<\/span><\/li>\n\n\n\n<li>Horari de visita: de dilluns a divendres (amb cita pr\u00e8via).<\/li>\n<\/ul>\n","protected":false},"excerpt":{"rendered":"<p>La Regidoria d&#8217;Ensenyament \u00e9s el departament que s&#8217;encarrega directament de la gesti\u00f3 de la Llar d&#8217;Infants Municipal, a la vegada<\/p>\n","protected":false},"author":1,"featured_media":0,"parent":0,"menu_order":0,"comment_status":"closed","ping_status":"closed","template":"","meta":{"colormag_page_container_layout":"default_layout","colormag_page_sidebar_layout":"default_layout","footnotes":""},"class_list":["post-874","page","type-page","status-publish","hentry"],"_links":{"self":[{"href":"https:\/\/lasenia.cat\/web\/wp-json\/wp\/v2\/pages\/874","targetHints":{"allow":["GET"]}}],"collection":[{"href":"https:\/\/lasenia.cat\/web\/wp-json\/wp\/v2\/pages"}],"about":[{"href":"https:\/\/lasenia.cat\/web\/wp-json\/wp\/v2\/types\/page"}],"author":[{"embeddable":true,"href":"https:\/\/lasenia.cat\/web\/wp-json\/wp\/v2\/users\/1"}],"replies":[{"embeddable":true,"href":"https:\/\/lasenia.cat\/web\/wp-json\/wp\/v2\/comments?post=874"}],"version-history":[{"count":5,"href":"https:\/\/lasenia.cat\/web\/wp-json\/wp\/v2\/pages\/874\/revisions"}],"predecessor-version":[{"id":7847,"href":"https:\/\/lasenia.cat\/web\/wp-json\/wp\/v2\/pages\/874\/revisions\/7847"}],"wp:attachment":[{"href":"https:\/\/lasenia.cat\/web\/wp-json\/wp\/v2\/media?parent=874"}],"curies":[{"name":"wp","href":"https:\/\/api.w.org\/{rel}","templated":true}]}}