{"id":8709,"date":"2026-03-06T10:30:06","date_gmt":"2026-03-06T09:30:06","guid":{"rendered":"https:\/\/lasenia.cat\/web\/?page_id=8709"},"modified":"2026-03-06T10:33:26","modified_gmt":"2026-03-06T09:33:26","slug":"aprovacio-del-pressupost-exercici-2026","status":"publish","type":"page","link":"https:\/\/lasenia.cat\/web\/aprovacio-del-pressupost-exercici-2026\/","title":{"rendered":"Aprovaci\u00f3 del pressupost \u2013 Exercici 2026"},"content":{"rendered":"\n<figure class=\"wp-block-table is-style-stripes\"><table class=\"has-fixed-layout\"><tbody><tr><td class=\"has-text-align-left\" data-align=\"left\"><a href=\"https:\/\/aplicacions.dipta.cat\/bopt\/web\/anuncio\/356397\/pressupost-general-per-a-l-exercici-2026-aprovacio-inicial-ajuntament-senia-la\" data-type=\"link\" data-id=\"https:\/\/aplicacions.dipta.cat\/bopt\/web\/anuncio\/356397\/pressupost-general-per-a-l-exercici-2026-aprovacio-inicial-ajuntament-senia-la\" target=\"_blank\" rel=\"noreferrer noopener\">Anunci BOPT aprovaci\u00f3 inicial del pressupost 2026<\/a><\/td><\/tr><tr><td class=\"has-text-align-left\" data-align=\"left\"><a href=\"https:\/\/aplicacions.dipta.cat\/bopt\/web\/anuncio\/357225\/pressupost-general-per-a-l-exercici-2026-i-plantilla-aprovacio-definitiva-ajuntament-senia-la\" data-type=\"link\" data-id=\"https:\/\/aplicacions.dipta.cat\/bopt\/web\/anuncio\/357225\/pressupost-general-per-a-l-exercici-2026-i-plantilla-aprovacio-definitiva-ajuntament-senia-la\" target=\"_blank\" rel=\"noreferrer noopener\">Anunci BOPT aprovaci\u00f3 definitiva del pressupost 2026<\/a><\/td><\/tr><tr><td class=\"has-text-align-left\" data-align=\"left\">Anunci DOGC aprovaci\u00f3 definitiva del pressupost 2026<\/td><\/tr><tr><td class=\"has-text-align-left\" data-align=\"left\"><\/td><\/tr><\/tbody><\/table><\/figure>\n","protected":false},"excerpt":{"rendered":"<p>Anunci BOPT aprovaci\u00f3 inicial del pressupost 2026 Anunci BOPT aprovaci\u00f3 definitiva del pressupost 2026 Anunci DOGC aprovaci\u00f3 definitiva del pressupost<\/p>\n","protected":false},"author":8,"featured_media":0,"parent":0,"menu_order":0,"comment_status":"closed","ping_status":"closed","template":"","meta":{"colormag_page_container_layout":"default_layout","colormag_page_sidebar_layout":"default_layout","footnotes":""},"class_list":["post-8709","page","type-page","status-publish","hentry"],"_links":{"self":[{"href":"https:\/\/lasenia.cat\/web\/wp-json\/wp\/v2\/pages\/8709","targetHints":{"allow":["GET"]}}],"collection":[{"href":"https:\/\/lasenia.cat\/web\/wp-json\/wp\/v2\/pages"}],"about":[{"href":"https:\/\/lasenia.cat\/web\/wp-json\/wp\/v2\/types\/page"}],"author":[{"embeddable":true,"href":"https:\/\/lasenia.cat\/web\/wp-json\/wp\/v2\/users\/8"}],"replies":[{"embeddable":true,"href":"https:\/\/lasenia.cat\/web\/wp-json\/wp\/v2\/comments?post=8709"}],"version-history":[{"count":3,"href":"https:\/\/lasenia.cat\/web\/wp-json\/wp\/v2\/pages\/8709\/revisions"}],"predecessor-version":[{"id":8714,"href":"https:\/\/lasenia.cat\/web\/wp-json\/wp\/v2\/pages\/8709\/revisions\/8714"}],"wp:attachment":[{"href":"https:\/\/lasenia.cat\/web\/wp-json\/wp\/v2\/media?parent=8709"}],"curies":[{"name":"wp","href":"https:\/\/api.w.org\/{rel}","templated":true}]}}