{"id":819,"date":"2021-01-14T17:48:46","date_gmt":"2021-01-14T16:48:46","guid":{"rendered":"http:\/\/lasenia.cat\/web\/?page_id=819"},"modified":"2025-10-15T13:03:37","modified_gmt":"2025-10-15T11:03:37","slug":"comerc-empresa-i-industria","status":"publish","type":"page","link":"https:\/\/lasenia.cat\/web\/comerc-empresa-i-industria\/","title":{"rendered":"Comer\u00e7, empresa i ind\u00fastria"},"content":{"rendered":"\n<p>Les funcions de la Regidoria de Comer\u00e7, Ind\u00fastria, Empresa i Ocupaci\u00f3 s\u00f3n portar a terme totes les tasques relacionades en el municipi de la S\u00e9nia, que fan refer\u00e8ncia a:<\/p>\n\n\n\n<ul class=\"wp-block-list\">\n<li>L\u2019impuls i desenvolupament del pla de treball de l\u2019Agent d\u2019Ocupaci\u00f3 i Desenvolupament Local.<\/li>\n\n\n\n<li>Difusi\u00f3 i informaci\u00f3 sobre premis i subvencions als diferents col\u00b7lectius interessats.<\/li>\n\n\n\n<li>Gesti\u00f3 i organitzaci\u00f3 de cursos de formaci\u00f3.<\/li>\n\n\n\n<li>Donar suport i informaci\u00f3 a emprenedors i desocupats.<\/li>\n\n\n\n<li>Fer d\u2019enlla\u00e7 entre les associacions municipals de comer\u00e7os i empresaris.<\/li>\n\n\n\n<li>Organitzaci\u00f3 d\u2019activitats relacionades amb l\u2019empresa, com per exemple premis o jornades.<\/li>\n<\/ul>\n\n\n\n<hr class=\"wp-block-separator has-css-opacity\"\/>\n\n\n\n<p><strong>Regidor: <\/strong>Rub\u00e9n Cervera Rodr\u00edguez<br><strong>Secret\u00e0ria<\/strong>: Ana Bonfill<\/p>\n\n\n\n<ul class=\"wp-block-list\">\n<li>Adre\u00e7a electr\u00f2nica: <span class=\"link-color sendIt\">aodl<img decoding=\"async\" class=\"inline-img\" style=\"max-height:2em\" src=\"https:\/\/lasenia.cat\/html\/images\/arroba.svg\" alt=\"@\">lasenia.cat<\/span><\/li>\n\n\n\n<li>Horari d\u2019atenci\u00f3 al p\u00fablic: Dilluns a Divendres (cita pr\u00e8via)<\/li>\n<\/ul>\n","protected":false},"excerpt":{"rendered":"<p>Les funcions de la Regidoria de Comer\u00e7, Ind\u00fastria, Empresa i Ocupaci\u00f3 s\u00f3n portar a terme totes les tasques relacionades en<\/p>\n","protected":false},"author":1,"featured_media":0,"parent":0,"menu_order":0,"comment_status":"closed","ping_status":"closed","template":"","meta":{"colormag_page_container_layout":"default_layout","colormag_page_sidebar_layout":"default_layout","footnotes":""},"class_list":["post-819","page","type-page","status-publish","hentry"],"_links":{"self":[{"href":"https:\/\/lasenia.cat\/web\/wp-json\/wp\/v2\/pages\/819","targetHints":{"allow":["GET"]}}],"collection":[{"href":"https:\/\/lasenia.cat\/web\/wp-json\/wp\/v2\/pages"}],"about":[{"href":"https:\/\/lasenia.cat\/web\/wp-json\/wp\/v2\/types\/page"}],"author":[{"embeddable":true,"href":"https:\/\/lasenia.cat\/web\/wp-json\/wp\/v2\/users\/1"}],"replies":[{"embeddable":true,"href":"https:\/\/lasenia.cat\/web\/wp-json\/wp\/v2\/comments?post=819"}],"version-history":[{"count":7,"href":"https:\/\/lasenia.cat\/web\/wp-json\/wp\/v2\/pages\/819\/revisions"}],"predecessor-version":[{"id":7859,"href":"https:\/\/lasenia.cat\/web\/wp-json\/wp\/v2\/pages\/819\/revisions\/7859"}],"wp:attachment":[{"href":"https:\/\/lasenia.cat\/web\/wp-json\/wp\/v2\/media?parent=819"}],"curies":[{"name":"wp","href":"https:\/\/api.w.org\/{rel}","templated":true}]}}