{"id":813,"date":"2021-01-14T17:46:04","date_gmt":"2021-01-14T16:46:04","guid":{"rendered":"http:\/\/lasenia.cat\/web\/?page_id=813"},"modified":"2025-10-15T12:59:29","modified_gmt":"2025-10-15T10:59:29","slug":"turisme","status":"publish","type":"page","link":"https:\/\/lasenia.cat\/web\/turisme\/","title":{"rendered":"Turisme"},"content":{"rendered":"\n<p>El departament de turisme t\u00e9 com a objectiu principal dinamitzar el turisme de la poblaci\u00f3, efectuant el manteniment i millores corresponents dels actius tur\u00edstics existents i creant nous projectes d\u2019aquest \u00e0mbit que ajudin al desenvolupament i dinamitzaci\u00f3 de l\u2019economia local.<\/p>\n\n\n\n<p>Les principals tasques que es realitzen des d\u2019aquesta regidoria s\u00f3n:<\/p>\n\n\n\n<ul class=\"wp-block-list\">\n<li>Activitats pr\u00f2pies de l\u2019oficina de turisme: atenci\u00f3 als visitants, elaboraci\u00f3 de material divulgatiu, promoci\u00f3 del turisme local als mitjans de comunicaci\u00f3 (xarxes socials, revistes, diaris, r\u00e0dios\u2026), assist\u00e8ncia a fires, confecci\u00f3 del perfil del visitant&#8230;<\/li>\n\n\n\n<li>Co-organitzaci\u00f3 i gesti\u00f3 de diversos esdeveniments de caire tur\u00edstic que tenen lloc al llarg de l\u2019any al municipi (Fira Gastron\u00f2mica, Fira de Primavera, Diada del Camp d\u2019Aviaci\u00f3, Fira d\u2019Artesania i Festa del Moble&#8230;)<\/li>\n\n\n\n<li>Manteniment i millora dels productes tur\u00edstics ja existents: itineraris (senyalitzaci\u00f3 i recorregut adequat), museus (millora de les instal\u00b7lacions i serveis oferts)&#8230;<\/li>\n\n\n\n<li>Disseny, creaci\u00f3 i execuci\u00f3 de nous projectes de caire tur\u00edstic: confecci\u00f3 del pla de treball, recerca de debilitats d\u2019\u00e0mbit tur\u00edstic de la poblaci\u00f3, disseny de les estrat\u00e8gies a seguir per tal de construir un sector tur\u00edstic potent per a la localitat&#8230;<\/li>\n\n\n\n<li>Realitzaci\u00f3 dels guiatges que s\u2019ofereixen al municipi: Camp d\u2019Aviaci\u00f3, Centre d\u2019Interpretaci\u00f3 del Riu S\u00e9nia, Nucli Antic, Oliveres Mil\u00b7len\u00e0ries&#8230;<\/li>\n\n\n\n<li>Altres activitats: assist\u00e8ncia a cursos, reunions, xerrades&#8230; sempre relacionats amb el sector del turisme.<\/li>\n<\/ul>\n\n\n\n<hr class=\"wp-block-separator has-css-opacity\"\/>\n\n\n\n<p><strong>Regidora:<\/strong> Rub\u00e9n Cervera Rodr\u00edguez<br><strong>Secret\u00e0ria:<\/strong> Anna Maria Miguel Gilabert<\/p>\n\n\n\n<ul class=\"wp-block-list\">\n<li>Adre\u00e7a electr\u00f2nica: <span class=\"link-color sendIt\">turisme<img decoding=\"async\" class=\"inline-img\" style=\"max-height:2em\" src=\"https:\/\/lasenia.cat\/html\/images\/arroba.svg\" alt=\"@\">lasenia.cat<\/span><\/li>\n\n\n\n<li>Horari d\u2019atenci\u00f3 al p\u00fablic: Dilluns a Divendres (cita pr\u00e8via)<\/li>\n<\/ul>\n\n\n\n<p><br><strong>Oficina de Turisme i Centre de Visitants del Parc Natural dels Ports<\/strong><br>Passeig de la Clotada, 23 43560 la S\u00e9nia<br><strong>Tel\u00e8fon:<\/strong> 977 576 156 \/ 977 713 000 (ext. 7)<br><strong>Web tur\u00edstica:<\/strong>&nbsp;<a href=\"http:\/\/www.visitalasenia.com\/\">www.visitalasenia.com<\/a><\/p>\n\n\n\n<figure class=\"wp-block-embed is-type-video is-provider-youtube wp-block-embed-youtube wp-embed-aspect-16-9 wp-has-aspect-ratio\"><div class=\"wp-block-embed__wrapper\">\n<iframe loading=\"lazy\" title=\"La S\u00e9nia - Un paratge per descobrir\" width=\"800\" height=\"450\" src=\"https:\/\/www.youtube.com\/embed\/tx0IGJoV7w0?feature=oembed\" frameborder=\"0\" allow=\"accelerometer; autoplay; clipboard-write; encrypted-media; gyroscope; picture-in-picture; web-share\" referrerpolicy=\"strict-origin-when-cross-origin\" allowfullscreen><\/iframe>\n<\/div><\/figure>\n\n\n\n<figure class=\"wp-block-image size-large is-resized\"><img loading=\"lazy\" decoding=\"async\" width=\"400\" height=\"273\" src=\"https:\/\/lasenia.cat\/web\/wp-content\/uploads\/2021\/01\/lasenia-turisme-paratge.png\" alt=\"\" class=\"wp-image-859\" style=\"width:122px;height:83px\" srcset=\"https:\/\/lasenia.cat\/web\/wp-content\/uploads\/2021\/01\/lasenia-turisme-paratge.png 400w, https:\/\/lasenia.cat\/web\/wp-content\/uploads\/2021\/01\/lasenia-turisme-paratge-300x205.png 300w, https:\/\/lasenia.cat\/web\/wp-content\/uploads\/2021\/01\/lasenia-turisme-paratge-130x90.png 130w\" sizes=\"auto, (max-width: 400px) 100vw, 400px\" \/><\/figure>\n","protected":false},"excerpt":{"rendered":"<p>El departament de turisme t\u00e9 com a objectiu principal dinamitzar el turisme de la poblaci\u00f3, efectuant el manteniment i millores<\/p>\n","protected":false},"author":1,"featured_media":0,"parent":0,"menu_order":0,"comment_status":"closed","ping_status":"closed","template":"","meta":{"colormag_page_container_layout":"default_layout","colormag_page_sidebar_layout":"default_layout","footnotes":""},"class_list":["post-813","page","type-page","status-publish","hentry"],"_links":{"self":[{"href":"https:\/\/lasenia.cat\/web\/wp-json\/wp\/v2\/pages\/813","targetHints":{"allow":["GET"]}}],"collection":[{"href":"https:\/\/lasenia.cat\/web\/wp-json\/wp\/v2\/pages"}],"about":[{"href":"https:\/\/lasenia.cat\/web\/wp-json\/wp\/v2\/types\/page"}],"author":[{"embeddable":true,"href":"https:\/\/lasenia.cat\/web\/wp-json\/wp\/v2\/users\/1"}],"replies":[{"embeddable":true,"href":"https:\/\/lasenia.cat\/web\/wp-json\/wp\/v2\/comments?post=813"}],"version-history":[{"count":7,"href":"https:\/\/lasenia.cat\/web\/wp-json\/wp\/v2\/pages\/813\/revisions"}],"predecessor-version":[{"id":7857,"href":"https:\/\/lasenia.cat\/web\/wp-json\/wp\/v2\/pages\/813\/revisions\/7857"}],"wp:attachment":[{"href":"https:\/\/lasenia.cat\/web\/wp-json\/wp\/v2\/media?parent=813"}],"curies":[{"name":"wp","href":"https:\/\/api.w.org\/{rel}","templated":true}]}}