{"id":811,"date":"2021-01-14T17:44:58","date_gmt":"2021-01-14T16:44:58","guid":{"rendered":"http:\/\/lasenia.cat\/web\/?page_id=811"},"modified":"2025-10-15T12:58:48","modified_gmt":"2025-10-15T10:58:48","slug":"governacio","status":"publish","type":"page","link":"https:\/\/lasenia.cat\/web\/governacio\/","title":{"rendered":"Governaci\u00f3"},"content":{"rendered":"\n<p>Les funcions en la Regidoria de Governaci\u00f3 s\u00f3n la gesti\u00f3 del cos de Policia Local, el tr\u00e0nsit i la seguretat ciutadana, transports p\u00fablics i col\u00b7lectius, aix\u00ed com qualsevol altre assumpte que incideixi directament en mat\u00e8ries de Governaci\u00f3.<\/p>\n\n\n\n<p>Entre els objectius d\u2019aquesta \u00e0rea hi figura el de convertir la Policia Local en un cos de proximitat, que pugui intervenir en casos de conflicte entre ve\u00efns, per exemple, i que garanteixi la bona conviv\u00e8ncia. Tamb\u00e9 hem d\u2019impulsar mesures per fomentar el civisme de la ciutadania a trav\u00e9s de pol\u00edtiques preventives que trobin solucions.<\/p>\n\n\n\n<hr class=\"wp-block-separator has-css-opacity\"\/>\n\n\n\n<p><strong>Regidor:<\/strong> Maria Victoria Almuni Balada<br><strong>Secret\u00e0ria:<\/strong> Sonia Torrejon<\/p>\n\n\n\n<ul class=\"wp-block-list\">\n<li>Adre\u00e7a electr\u00f2nica: <span class=\"link-color sendIt\">governacio<img decoding=\"async\" class=\"inline-img\" style=\"max-height:2em\" src=\"https:\/\/lasenia.cat\/html\/images\/arroba.svg\" alt=\"@\">lasenia.cat<\/span> \/ <span class=\"link-color sendIt\">policia<img decoding=\"async\" class=\"inline-img\" style=\"max-height:2em\" src=\"https:\/\/lasenia.cat\/html\/images\/arroba.svg\" alt=\"@\">lasenia.cat<\/span><\/li>\n\n\n\n<li>Horari de visita: de dilluns a divendres (amb cita pr\u00e8via)<\/li>\n\n\n\n<li>Tel\u00e8fon Policia Local (emerg\u00e8ncies &#8211; 24 h): 658 906 960<\/li>\n<\/ul>\n\n\n\n<p><br><\/p>\n","protected":false},"excerpt":{"rendered":"<p>Les funcions en la Regidoria de Governaci\u00f3 s\u00f3n la gesti\u00f3 del cos de Policia Local, el tr\u00e0nsit i la seguretat<\/p>\n","protected":false},"author":1,"featured_media":0,"parent":0,"menu_order":0,"comment_status":"closed","ping_status":"closed","template":"","meta":{"colormag_page_container_layout":"default_layout","colormag_page_sidebar_layout":"default_layout","footnotes":""},"class_list":["post-811","page","type-page","status-publish","hentry"],"_links":{"self":[{"href":"https:\/\/lasenia.cat\/web\/wp-json\/wp\/v2\/pages\/811","targetHints":{"allow":["GET"]}}],"collection":[{"href":"https:\/\/lasenia.cat\/web\/wp-json\/wp\/v2\/pages"}],"about":[{"href":"https:\/\/lasenia.cat\/web\/wp-json\/wp\/v2\/types\/page"}],"author":[{"embeddable":true,"href":"https:\/\/lasenia.cat\/web\/wp-json\/wp\/v2\/users\/1"}],"replies":[{"embeddable":true,"href":"https:\/\/lasenia.cat\/web\/wp-json\/wp\/v2\/comments?post=811"}],"version-history":[{"count":8,"href":"https:\/\/lasenia.cat\/web\/wp-json\/wp\/v2\/pages\/811\/revisions"}],"predecessor-version":[{"id":7856,"href":"https:\/\/lasenia.cat\/web\/wp-json\/wp\/v2\/pages\/811\/revisions\/7856"}],"wp:attachment":[{"href":"https:\/\/lasenia.cat\/web\/wp-json\/wp\/v2\/media?parent=811"}],"curies":[{"name":"wp","href":"https:\/\/api.w.org\/{rel}","templated":true}]}}