{"id":795,"date":"2021-01-14T17:38:32","date_gmt":"2021-01-14T16:38:32","guid":{"rendered":"http:\/\/lasenia.cat\/web\/?page_id=795"},"modified":"2025-10-15T12:50:56","modified_gmt":"2025-10-15T10:50:56","slug":"cultura","status":"publish","type":"page","link":"https:\/\/lasenia.cat\/web\/cultura\/","title":{"rendered":"Cultura"},"content":{"rendered":"\n<p>Des de la Regidoria de Cultura es duen a terme activitats culturals adre\u00e7ades a tot el municipi, amb la intenci\u00f3 d\u2019impulsar i promoure la vida cultural del municipi a trav\u00e9s de la programaci\u00f3 pr\u00f2pia de l\u2019Ajuntament o col\u00b7laborant amb les entitats locals. La Biblioteca Municipal es troba vinculada tamb\u00e9 a aquesta regidoria.<\/p>\n\n\n\n<p>Les activitats culturals m\u00e9s destacades del municipi s\u00f3n: el Certamen Internacional de Bandes, Sant Jordi, el Cicle d\u2019Orgue, el Concurs de Pintura R\u00e0pida Josep Mart\u00ed Roca, l\u201911 de setembre, el Festival de M\u00fasiques en Terres de Cru\u00eflla i la Diada del Camp d\u2019Aviaci\u00f3.<\/p>\n\n\n\n<hr class=\"wp-block-separator has-css-opacity\"\/>\n\n\n\n<p><strong>Regidor:<\/strong> Merc\u00e8 Carb\u00f3 Gasc\u00f3<br><strong>Secret\u00e0ria:<\/strong> \u00c0ngel Fabregat<\/p>\n\n\n\n<ul class=\"wp-block-list\">\n<li>Adre\u00e7a electr\u00f2nica: <span class=\"link-color sendIt\">cultura<img decoding=\"async\" class=\"inline-img\" style=\"max-height:2em\" src=\"https:\/\/lasenia.cat\/html\/images\/arroba.svg\" alt=\"@\">lasenia.cat<\/span> \/ <span class=\"link-color sendIt\">afabregat<img decoding=\"async\" class=\"inline-img\" style=\"max-height:2em\" src=\"https:\/\/lasenia.cat\/html\/images\/arroba.svg\" alt=\"@\">lasenia.cat<\/span><\/li>\n\n\n\n<li>Horari d\u2019atenci\u00f3 al p\u00fablic: de dilluns a divendres (amb cita pr\u00e8via).<\/li>\n<\/ul>\n\n\n\n<p><\/p>\n","protected":false},"excerpt":{"rendered":"<p>Des de la Regidoria de Cultura es duen a terme activitats culturals adre\u00e7ades a tot el municipi, amb la intenci\u00f3<\/p>\n","protected":false},"author":1,"featured_media":0,"parent":0,"menu_order":0,"comment_status":"closed","ping_status":"closed","template":"","meta":{"colormag_page_container_layout":"default_layout","colormag_page_sidebar_layout":"default_layout","footnotes":""},"class_list":["post-795","page","type-page","status-publish","hentry"],"_links":{"self":[{"href":"https:\/\/lasenia.cat\/web\/wp-json\/wp\/v2\/pages\/795","targetHints":{"allow":["GET"]}}],"collection":[{"href":"https:\/\/lasenia.cat\/web\/wp-json\/wp\/v2\/pages"}],"about":[{"href":"https:\/\/lasenia.cat\/web\/wp-json\/wp\/v2\/types\/page"}],"author":[{"embeddable":true,"href":"https:\/\/lasenia.cat\/web\/wp-json\/wp\/v2\/users\/1"}],"replies":[{"embeddable":true,"href":"https:\/\/lasenia.cat\/web\/wp-json\/wp\/v2\/comments?post=795"}],"version-history":[{"count":7,"href":"https:\/\/lasenia.cat\/web\/wp-json\/wp\/v2\/pages\/795\/revisions"}],"predecessor-version":[{"id":7849,"href":"https:\/\/lasenia.cat\/web\/wp-json\/wp\/v2\/pages\/795\/revisions\/7849"}],"wp:attachment":[{"href":"https:\/\/lasenia.cat\/web\/wp-json\/wp\/v2\/media?parent=795"}],"curies":[{"name":"wp","href":"https:\/\/api.w.org\/{rel}","templated":true}]}}