{"id":789,"date":"2021-01-14T17:34:43","date_gmt":"2021-01-14T16:34:43","guid":{"rendered":"http:\/\/lasenia.cat\/web\/?page_id=789"},"modified":"2025-10-15T12:46:21","modified_gmt":"2025-10-15T10:46:21","slug":"infancia","status":"publish","type":"page","link":"https:\/\/lasenia.cat\/web\/infancia\/","title":{"rendered":"Inf\u00e0ncia"},"content":{"rendered":"\n<p>La Regidoria d\u2019Inf\u00e0ncia \u00e9s l\u2019encarregada de l\u2019organitzaci\u00f3 dels parc de la Manjoia i del Parc de Nadal. A m\u00e9s a m\u00e9s, durant el mes de juliol s\u2019organitza el casal d\u2019estiu de l\u2019Espavil, dirigit a tots els nens i nenes del municipi des dels 3 fins als 12 anys.<\/p>\n\n\n\n<hr class=\"wp-block-separator has-css-opacity\"\/>\n\n\n\n<p><strong>Regidora:<\/strong> Susanna Querol Gavald\u00e0<br><strong>Secretari:<\/strong> Roberto Marquez<\/p>\n\n\n\n<ul class=\"wp-block-list\">\n<li>Adre\u00e7a electr\u00f2nica: <span class=\"link-color sendIt\">rmarquez<img decoding=\"async\" class=\"inline-img\" style=\"max-height:2em\" src=\"https:\/\/lasenia.cat\/html\/images\/arroba.svg\" alt=\"@\">lasenia.cat<\/span><\/li>\n\n\n\n<li>Horari de visita: de dilluns a divendres (amb cita pr\u00e8via)<\/li>\n<\/ul>\n","protected":false},"excerpt":{"rendered":"<p>La Regidoria d\u2019Inf\u00e0ncia \u00e9s l\u2019encarregada de l\u2019organitzaci\u00f3 dels parc de la Manjoia i del Parc de Nadal. A m\u00e9s a<\/p>\n","protected":false},"author":1,"featured_media":0,"parent":0,"menu_order":0,"comment_status":"closed","ping_status":"closed","template":"","meta":{"colormag_page_container_layout":"default_layout","colormag_page_sidebar_layout":"default_layout","footnotes":""},"class_list":["post-789","page","type-page","status-publish","hentry"],"_links":{"self":[{"href":"https:\/\/lasenia.cat\/web\/wp-json\/wp\/v2\/pages\/789","targetHints":{"allow":["GET"]}}],"collection":[{"href":"https:\/\/lasenia.cat\/web\/wp-json\/wp\/v2\/pages"}],"about":[{"href":"https:\/\/lasenia.cat\/web\/wp-json\/wp\/v2\/types\/page"}],"author":[{"embeddable":true,"href":"https:\/\/lasenia.cat\/web\/wp-json\/wp\/v2\/users\/1"}],"replies":[{"embeddable":true,"href":"https:\/\/lasenia.cat\/web\/wp-json\/wp\/v2\/comments?post=789"}],"version-history":[{"count":5,"href":"https:\/\/lasenia.cat\/web\/wp-json\/wp\/v2\/pages\/789\/revisions"}],"predecessor-version":[{"id":7845,"href":"https:\/\/lasenia.cat\/web\/wp-json\/wp\/v2\/pages\/789\/revisions\/7845"}],"wp:attachment":[{"href":"https:\/\/lasenia.cat\/web\/wp-json\/wp\/v2\/media?parent=789"}],"curies":[{"name":"wp","href":"https:\/\/api.w.org\/{rel}","templated":true}]}}