{"id":782,"date":"2021-01-14T17:31:22","date_gmt":"2021-01-14T16:31:22","guid":{"rendered":"http:\/\/lasenia.cat\/web\/?page_id=782"},"modified":"2025-10-24T08:14:10","modified_gmt":"2025-10-24T06:14:10","slug":"serveis-municipals","status":"publish","type":"page","link":"https:\/\/lasenia.cat\/web\/serveis-municipals\/","title":{"rendered":"Serveis Municipals"},"content":{"rendered":"\n<ul class=\"wp-block-list\">\n<li>La Regidoria de Serveis Municipals \u00e9s l\u2019encarregada de:<\/li>\n\n\n\n<li>La gesti\u00f3 i manteniment dels diversos serveis municipals (xarxa d\u2019aigua, xarxa de clavegueram, xarxa d\u2019aig\u00fces pluvials, enllumenat, jardineria&#8230;)<\/li>\n\n\n\n<li>La neteja vi\u00e0ria del municipi, el manteniment i neteja del mobiliari urb\u00e0 i dels parcs infantils.<\/li>\n\n\n\n<li>La senyalitzaci\u00f3 vi\u00e0ria, la gesti\u00f3 d\u2019incid\u00e8ncies de qualsevol tipus i que afecti a qualsevol servei municipal mitjan\u00e7ant l\u2019aplicaci\u00f3 \u201cL\u00ednia Verda\u201d.<\/li>\n\n\n\n<li>Els treballs relacionats amb esdeveniments realitzats en l\u2019\u00e0mbit municipal.<\/li>\n<\/ul>\n\n\n\n<hr class=\"wp-block-separator has-css-opacity\"\/>\n\n\n\n<p><strong>Regidor:<\/strong> V\u00edctor Revert\u00e9 Querol<br><strong>Secretari:<\/strong> Laia Ferreres Fatsini<\/p>\n\n\n\n<ul class=\"wp-block-list\">\n<li>Adre\u00e7a electr\u00f2nica: <span class=\"link-color sendIt\">serveismunicipals<img decoding=\"async\" class=\"inline-img\" style=\"max-height:2em\" src=\"https:\/\/lasenia.cat\/html\/images\/arroba.svg\" alt=\"@\">lasenia.cat<\/span><\/li>\n\n\n\n<li>Horari de visita:\n<ul class=\"wp-block-list\">\n<li>Dilluns, dimecres i divendres de 9h a 14h.<\/li>\n\n\n\n<li>Amb cita pr\u00e8via al tel\u00e8fon 977 71 30 00 extensi\u00f3 4<\/li>\n<\/ul>\n<\/li>\n<\/ul>\n\n\n\n<p><\/p>\n","protected":false},"excerpt":{"rendered":"<p>Regidor: V\u00edctor Revert\u00e9 QuerolSecretari: Laia Ferreres Fatsini<\/p>\n","protected":false},"author":1,"featured_media":0,"parent":0,"menu_order":0,"comment_status":"closed","ping_status":"closed","template":"","meta":{"colormag_page_container_layout":"default_layout","colormag_page_sidebar_layout":"default_layout","footnotes":""},"class_list":["post-782","page","type-page","status-publish","hentry"],"_links":{"self":[{"href":"https:\/\/lasenia.cat\/web\/wp-json\/wp\/v2\/pages\/782","targetHints":{"allow":["GET"]}}],"collection":[{"href":"https:\/\/lasenia.cat\/web\/wp-json\/wp\/v2\/pages"}],"about":[{"href":"https:\/\/lasenia.cat\/web\/wp-json\/wp\/v2\/types\/page"}],"author":[{"embeddable":true,"href":"https:\/\/lasenia.cat\/web\/wp-json\/wp\/v2\/users\/1"}],"replies":[{"embeddable":true,"href":"https:\/\/lasenia.cat\/web\/wp-json\/wp\/v2\/comments?post=782"}],"version-history":[{"count":15,"href":"https:\/\/lasenia.cat\/web\/wp-json\/wp\/v2\/pages\/782\/revisions"}],"predecessor-version":[{"id":7929,"href":"https:\/\/lasenia.cat\/web\/wp-json\/wp\/v2\/pages\/782\/revisions\/7929"}],"wp:attachment":[{"href":"https:\/\/lasenia.cat\/web\/wp-json\/wp\/v2\/media?parent=782"}],"curies":[{"name":"wp","href":"https:\/\/api.w.org\/{rel}","templated":true}]}}