{"id":777,"date":"2021-01-14T17:26:02","date_gmt":"2021-01-14T16:26:02","guid":{"rendered":"http:\/\/lasenia.cat\/web\/?page_id=777"},"modified":"2025-07-15T11:49:51","modified_gmt":"2025-07-15T09:49:51","slug":"mitjans-de-comunicacio","status":"publish","type":"page","link":"https:\/\/lasenia.cat\/web\/mitjans-de-comunicacio\/","title":{"rendered":"Mitjans de comunicaci\u00f3"},"content":{"rendered":"\n<p>La Regidoria de Mitjans de Comunicaci\u00f3 \u00e9s l&#8217;encarregada de gestionar lo Senienc, lo Full, els pregons, l&#8217;eBando, la Web&#8230; aix\u00ed com tots els altres instruments que l&#8217;Ajuntament utilitza per comunicar-se amb els ciutadans.<br>Podeu veure els nostres plens al Youtube a l&#8217;enlla\u00e7 seg\u00fcent. <a href=\"https:\/\/www.youtube.com\/user\/ajuntamentdelasenia\" target=\"_blank\" rel=\"noreferrer noopener\">Enlla\u00e7<\/a><\/p>\n\n\n\n<hr class=\"wp-block-separator has-css-opacity\"\/>\n\n\n\n<p>Regidor:\u00a0Artur Mart\u00ednez Hern\u00e1ndez<br>Secretaria: Anna M. Miguel<\/p>\n\n\n\n<ul class=\"wp-block-list\">\n<li>Adre\u00e7a electr\u00f2nica: <a href=\"mailto:comunicaci\u00f3@lasenia.cat\">comunicaci\u00f3@lasenia.cat<\/a><\/li>\n\n\n\n<li>Horari de visita: Dilluns a Divendres (cita pr\u00e8via)<br><\/li>\n<\/ul>\n","protected":false},"excerpt":{"rendered":"<p>La Regidoria de Mitjans de Comunicaci\u00f3 \u00e9s l&#8217;encarregada de gestionar lo Senienc, lo Full, els pregons, l&#8217;eBando, la Web&#8230; aix\u00ed<\/p>\n","protected":false},"author":1,"featured_media":0,"parent":0,"menu_order":0,"comment_status":"closed","ping_status":"closed","template":"","meta":{"colormag_page_container_layout":"default_layout","colormag_page_sidebar_layout":"default_layout","footnotes":""},"class_list":["post-777","page","type-page","status-publish","hentry"],"_links":{"self":[{"href":"https:\/\/lasenia.cat\/web\/wp-json\/wp\/v2\/pages\/777","targetHints":{"allow":["GET"]}}],"collection":[{"href":"https:\/\/lasenia.cat\/web\/wp-json\/wp\/v2\/pages"}],"about":[{"href":"https:\/\/lasenia.cat\/web\/wp-json\/wp\/v2\/types\/page"}],"author":[{"embeddable":true,"href":"https:\/\/lasenia.cat\/web\/wp-json\/wp\/v2\/users\/1"}],"replies":[{"embeddable":true,"href":"https:\/\/lasenia.cat\/web\/wp-json\/wp\/v2\/comments?post=777"}],"version-history":[{"count":3,"href":"https:\/\/lasenia.cat\/web\/wp-json\/wp\/v2\/pages\/777\/revisions"}],"predecessor-version":[{"id":7345,"href":"https:\/\/lasenia.cat\/web\/wp-json\/wp\/v2\/pages\/777\/revisions\/7345"}],"wp:attachment":[{"href":"https:\/\/lasenia.cat\/web\/wp-json\/wp\/v2\/media?parent=777"}],"curies":[{"name":"wp","href":"https:\/\/api.w.org\/{rel}","templated":true}]}}