{"id":7675,"date":"2025-10-08T08:24:00","date_gmt":"2025-10-08T06:24:00","guid":{"rendered":"https:\/\/lasenia.cat\/web\/?page_id=7675"},"modified":"2026-02-27T09:34:32","modified_gmt":"2026-02-27T08:34:32","slug":"borsa-enginyers-es-tecnics-ques-2025","status":"publish","type":"page","link":"https:\/\/lasenia.cat\/web\/borsa-enginyers-es-tecnics-ques-2025\/","title":{"rendered":"Borsa enginyers\/es t\u00e8cnics\/ques &#8211; 2025"},"content":{"rendered":"\n<figure class=\"wp-block-table\"><table><thead><tr><th><strong>Grup<\/strong><\/th><th><strong>Procediment<\/strong><\/th><th><strong>Perfil<\/strong><\/th><th><strong>Places<\/strong><\/th><th><strong>Data BOPT<\/strong><\/th><th><strong>Data DOGC<\/strong><\/th><\/tr><\/thead><tbody><tr><td>A2<\/td><td>Concurs de m\u00e8rits<\/td><td>Inter\u00ed<\/td><td>Borsa<\/td><td>15.10.2025<\/td><td>14.10.2025<\/td><\/tr><\/tbody><\/table><\/figure>\n\n\n\n<figure class=\"wp-block-table is-style-stripes\"><table class=\"has-black-color has-text-color has-link-color\"><tbody><tr><td class=\"has-text-align-left\" data-align=\"left\"><a href=\"https:\/\/aplicacions.dipta.cat\/bopt\/web\/anunci\/351279\/borsa-de-treball-d-enginyer-a-tecnic-a-bases-i-convocatoria-ajuntament-senia-la\" data-type=\"link\" data-id=\"https:\/\/aplicacions.dipta.cat\/bopt\/web\/anunci\/351279\/borsa-de-treball-d-enginyer-a-tecnic-a-bases-i-convocatoria-ajuntament-senia-la\" target=\"_blank\" rel=\"noreferrer noopener\">Anunci bases BOPT n\u00famero CVE 2025-09007<\/a> de 15 d&#8217;octubre de 2025<\/td><\/tr><tr><td class=\"has-text-align-left\" data-align=\"left\"><a href=\"https:\/\/dogc.gencat.cat\/ca\/document-del-dogc\/?documentId=1026725\" data-type=\"link\" data-id=\"https:\/\/dogc.gencat.cat\/ca\/document-del-dogc\/?documentId=1026725\" target=\"_blank\" rel=\"noreferrer noopener\">Anunci convocat\u00f2ria i bases DOGC n\u00famero 9519<\/a> de 14 d&#8217;octubre de 2025 <\/td><\/tr><tr><td class=\"has-text-align-left\" data-align=\"left\"><a href=\"https:\/\/lasenia.cat\/web\/wp-content\/uploads\/2025\/11\/Provisional_BorsaENGTEC.pdf\" data-type=\"link\" data-id=\"https:\/\/lasenia.cat\/web\/wp-content\/uploads\/2025\/11\/Provisional_BorsaENGTEC.pdf\" target=\"_blank\" rel=\"noreferrer noopener nofollow\">Anunci llista provisional de persones admeses i excloses<\/a> <\/td><\/tr><tr><td class=\"has-text-align-left\" data-align=\"left\"><a href=\"https:\/\/lasenia.cat\/web\/wp-content\/uploads\/2025\/11\/Def_Borsaeng.pdf\" data-type=\"link\" data-id=\"https:\/\/lasenia.cat\/web\/wp-content\/uploads\/2025\/11\/Def_Borsaeng.pdf\" target=\"_blank\" rel=\"noreferrer noopener nofollow\">Anunci llista definitiva de persones admeses i excloses<\/a><\/td><\/tr><tr><td class=\"has-text-align-left\" data-align=\"left\"><a href=\"https:\/\/lasenia.cat\/web\/wp-content\/uploads\/2025\/12\/ANUNCI-borsaENGTEC.pdf\" data-type=\"link\" data-id=\"https:\/\/lasenia.cat\/web\/wp-content\/uploads\/2025\/12\/ANUNCI-borsaENGTEC.pdf\" target=\"_blank\" rel=\"noreferrer noopener\">Anunci de constituci\u00f3 de la borsa<\/a> (RA 2025-844 de 10.12.2025)<\/td><\/tr><\/tbody><\/table><\/figure>\n\n\n\n<div class=\"wp-block-columns is-layout-flex wp-container-core-columns-is-layout-28f84493 wp-block-columns-is-layout-flex\">\n<div class=\"wp-block-column is-layout-flow wp-block-column-is-layout-flow\" style=\"flex-basis:100%\">\n<figure class=\"wp-block-table is-style-stripes\"><table class=\"has-fixed-layout\"><tbody><tr><td class=\"has-text-align-left\" data-align=\"left\"><strong>DESENVOLUPAMENT DEL PROC\u00c9S DE SELECCI\u00d3 <\/strong><\/td><\/tr><tr><td class=\"has-text-align-left\" data-align=\"left\"><a href=\"https:\/\/lasenia.cat\/web\/wp-content\/uploads\/2025\/11\/Borsaeng_Cat.pdf\" data-type=\"link\" data-id=\"https:\/\/lasenia.cat\/web\/wp-content\/uploads\/2025\/11\/Borsaeng_Cat.pdf\" target=\"_blank\" rel=\"noreferrer noopener nofollow\">Resultat prova de catal\u00e0<\/a><\/td><\/tr><tr><td class=\"has-text-align-left\" data-align=\"left\"><a href=\"https:\/\/lasenia.cat\/web\/wp-content\/uploads\/2025\/11\/Borsaeng_Con.pdf\" data-type=\"link\" data-id=\"https:\/\/lasenia.cat\/web\/wp-content\/uploads\/2025\/11\/Borsaeng_Con.pdf\" target=\"_blank\" rel=\"noreferrer noopener nofollow\">Resultat fase de concurs<\/a><\/td><\/tr><tr><td class=\"has-text-align-left\" data-align=\"left\"><a href=\"https:\/\/lasenia.cat\/web\/wp-content\/uploads\/2025\/11\/Borsaeng_Resulprov.pdf\" data-type=\"link\" data-id=\"https:\/\/lasenia.cat\/web\/wp-content\/uploads\/2025\/11\/Borsaeng_Resulprov.pdf\" target=\"_blank\" rel=\"noreferrer noopener nofollow\">Resultat provisional del proc\u00e9s de selecci\u00f3<\/a><\/td><\/tr><\/tbody><\/table><\/figure>\n<\/div>\n<\/div>\n\n\n\n<p><\/p>\n","protected":false},"excerpt":{"rendered":"<p>Grup Procediment Perfil Places Data BOPT Data DOGC A2 Concurs de m\u00e8rits Inter\u00ed Borsa 15.10.2025 14.10.2025 Anunci bases BOPT n\u00famero<\/p>\n","protected":false},"author":3,"featured_media":0,"parent":0,"menu_order":0,"comment_status":"closed","ping_status":"closed","template":"","meta":{"colormag_page_container_layout":"default_layout","colormag_page_sidebar_layout":"default_layout","footnotes":""},"class_list":["post-7675","page","type-page","status-publish","hentry"],"_links":{"self":[{"href":"https:\/\/lasenia.cat\/web\/wp-json\/wp\/v2\/pages\/7675","targetHints":{"allow":["GET"]}}],"collection":[{"href":"https:\/\/lasenia.cat\/web\/wp-json\/wp\/v2\/pages"}],"about":[{"href":"https:\/\/lasenia.cat\/web\/wp-json\/wp\/v2\/types\/page"}],"author":[{"embeddable":true,"href":"https:\/\/lasenia.cat\/web\/wp-json\/wp\/v2\/users\/3"}],"replies":[{"embeddable":true,"href":"https:\/\/lasenia.cat\/web\/wp-json\/wp\/v2\/comments?post=7675"}],"version-history":[{"count":22,"href":"https:\/\/lasenia.cat\/web\/wp-json\/wp\/v2\/pages\/7675\/revisions"}],"predecessor-version":[{"id":8624,"href":"https:\/\/lasenia.cat\/web\/wp-json\/wp\/v2\/pages\/7675\/revisions\/8624"}],"wp:attachment":[{"href":"https:\/\/lasenia.cat\/web\/wp-json\/wp\/v2\/media?parent=7675"}],"curies":[{"name":"wp","href":"https:\/\/api.w.org\/{rel}","templated":true}]}}