{"id":7666,"date":"2025-10-08T08:19:18","date_gmt":"2025-10-08T06:19:18","guid":{"rendered":"https:\/\/lasenia.cat\/web\/?page_id=7666"},"modified":"2026-01-19T08:27:46","modified_gmt":"2026-01-19T07:27:46","slug":"borsa-agents-policia-local-2025","status":"publish","type":"page","link":"https:\/\/lasenia.cat\/web\/borsa-agents-policia-local-2025\/","title":{"rendered":"Borsa agents policia local 2025"},"content":{"rendered":"\n<figure class=\"wp-block-table\"><table><thead><tr><th class=\"has-text-align-center\" data-align=\"center\"><strong>Grup<\/strong><\/th><th class=\"has-text-align-center\" data-align=\"center\"><strong>Procediment<\/strong><\/th><th class=\"has-text-align-center\" data-align=\"center\"><strong>Perfil<\/strong><\/th><th class=\"has-text-align-center\" data-align=\"center\"><strong>Places<\/strong><\/th><th class=\"has-text-align-center\" data-align=\"center\"><strong>Data BOPT<\/strong><\/th><th class=\"has-text-align-center\" data-align=\"center\"><strong>Data DOGC<\/strong><\/th><\/tr><\/thead><tbody><tr><td class=\"has-text-align-center\" data-align=\"center\">C1<\/td><td class=\"has-text-align-center\" data-align=\"center\">Concurs oposici\u00f3<\/td><td class=\"has-text-align-center\" data-align=\"center\">Inter\u00ed<\/td><td class=\"has-text-align-center\" data-align=\"center\">Borsa<\/td><td class=\"has-text-align-center\" data-align=\"center\">15.10.2025<\/td><td class=\"has-text-align-center\" data-align=\"center\">14.10.2025<\/td><\/tr><\/tbody><\/table><\/figure>\n\n\n\n<figure class=\"wp-block-table is-style-stripes\"><table class=\"has-black-color has-text-color has-link-color\"><tbody><tr><td class=\"has-text-align-left\" data-align=\"left\"><a href=\"https:\/\/aplicacions.dipta.cat\/bopt\/web\/anunci\/351296\/borsa-de-treball-d-agent-de-la-policia-local-bases-i-convocatoria-ajuntament-senia-la\" data-type=\"link\" data-id=\"https:\/\/aplicacions.dipta.cat\/bopt\/web\/anunci\/351296\/borsa-de-treball-d-agent-de-la-policia-local-bases-i-convocatoria-ajuntament-senia-la\" target=\"_blank\" rel=\"noreferrer noopener\">Anunci bases BOPT n\u00famero CVE 2025-09013 de data 15 d&#8217;octubre de 2025<\/a><\/td><\/tr><tr><td class=\"has-text-align-left\" data-align=\"left\"><a href=\"https:\/\/www.dipta.cat\/bopt\/web\/anunci\/351710\/rectifica-2025-09013-bop-15-10-2025-borsa-de-treball-d-agent-de-la-policia-local-bases-i-convocatoria-ajuntament-senia-la\" data-type=\"link\" data-id=\"https:\/\/www.dipta.cat\/bopt\/web\/anunci\/351710\/rectifica-2025-09013-bop-15-10-2025-borsa-de-treball-d-agent-de-la-policia-local-bases-i-convocatoria-ajuntament-senia-la\" target=\"_blank\" rel=\"noreferrer noopener\">Anunci correcci\u00f3 bases BOPT 2025-9367 de data 22 d&#8217;octubre de 2025 <\/a><\/td><\/tr><tr><td class=\"has-text-align-left\" data-align=\"left\"><a href=\"https:\/\/dogc.gencat.cat\/ca\/document-del-dogc\/?documentId=1026712\" data-type=\"link\" data-id=\"https:\/\/dogc.gencat.cat\/ca\/document-del-dogc\/?documentId=1026712\" target=\"_blank\" rel=\"noreferrer noopener\">Anunci convocat\u00f2ria i bases DOGC n\u00famero 9519 de 14 d\u2019octubre de 2025<\/a><\/td><\/tr><tr><td class=\"has-text-align-left\" data-align=\"left\"><a href=\"https:\/\/lasenia.cat\/web\/wp-content\/uploads\/2025\/11\/Anunci_provisional_borsa-policia.pdf\" data-type=\"link\" data-id=\"https:\/\/lasenia.cat\/web\/wp-content\/uploads\/2025\/11\/Anunci_provisional_borsa-policia.pdf\" target=\"_blank\" rel=\"noreferrer noopener nofollow\">Llista provisional de persones admeses i excloses<\/a><\/td><\/tr><tr><td class=\"has-text-align-left\" data-align=\"left\"><a href=\"https:\/\/lasenia.cat\/web\/wp-content\/uploads\/2025\/12\/Anunci_llista_def_Borsapolicia.pdf\" data-type=\"link\" data-id=\"https:\/\/lasenia.cat\/web\/wp-content\/uploads\/2025\/12\/Anunci_llista_def_Borsapolicia.pdf\" target=\"_blank\" rel=\"noreferrer noopener nofollow\">Llista definitiva de persones admeses i excloses, membres del tribunal i data de les proves<\/a> <\/td><\/tr><tr><td class=\"has-text-align-left\" data-align=\"left\"><a href=\"https:\/\/lasenia.cat\/web\/wp-content\/uploads\/2025\/12\/Poli_provisional.pdf\" data-type=\"link\" data-id=\"https:\/\/lasenia.cat\/web\/wp-content\/uploads\/2025\/12\/Poli_provisional.pdf\" target=\"_blank\" rel=\"noreferrer noopener nofollow\"><strong>Resultat provisional del proc\u00e9s de selecci\u00f3<\/strong><\/a> <\/td><\/tr><tr><td class=\"has-text-align-left\" data-align=\"left\">Termini de presentaci\u00f3 d&#8217;esmenes al resultat provisional: FINALITZAT (18.01.2026 al 05.01.2026) <\/td><\/tr><tr><td class=\"has-text-align-left\" data-align=\"left\"><a href=\"https:\/\/lasenia.cat\/web\/wp-content\/uploads\/2026\/01\/Anunci_borsa_agents_2025.pdf\" data-type=\"link\" data-id=\"https:\/\/lasenia.cat\/web\/wp-content\/uploads\/2026\/01\/Anunci_borsa_agents_2025.pdf\" target=\"_blank\" rel=\"noreferrer noopener nofollow\">Anunci &#8211; Constituci\u00f3 de la borsa de treball d&#8217;agents de la Policia Local<\/a><\/td><\/tr><\/tbody><\/table><\/figure>\n\n\n\n<figure class=\"wp-block-table is-style-stripes\"><table><thead><tr><th class=\"has-text-align-left\" data-align=\"left\"><strong>DESENVOLUPAMENT DEL PROC\u00c9S DE SELECCI\u00d3<\/strong> (9, 15 i 17 de desembre)<\/th><\/tr><\/thead><tbody><tr><td class=\"has-text-align-left\" data-align=\"left\"><a href=\"https:\/\/lasenia.cat\/web\/wp-content\/uploads\/2025\/12\/Anunci_cat.pdf\" data-type=\"link\" data-id=\"https:\/\/lasenia.cat\/web\/wp-content\/uploads\/2025\/12\/Anunci_cat.pdf\" target=\"_blank\" rel=\"noreferrer noopener nofollow\">Resultat prova catal\u00e0<\/a><\/td><\/tr><tr><td class=\"has-text-align-left\" data-align=\"left\"><a href=\"https:\/\/lasenia.cat\/web\/wp-content\/uploads\/2025\/12\/Anunci_cultura_poli.pdf\" data-type=\"link\" data-id=\"https:\/\/lasenia.cat\/web\/wp-content\/uploads\/2025\/12\/Anunci_cultura_poli.pdf\" target=\"_blank\" rel=\"noreferrer noopener nofollow\">Resultat prova cultura<\/a><\/td><\/tr><tr><td class=\"has-text-align-left\" data-align=\"left\"><a href=\"https:\/\/lasenia.cat\/web\/wp-content\/uploads\/2025\/12\/Anunci_teoric_poli.pdf\" data-type=\"link\" data-id=\"https:\/\/lasenia.cat\/web\/wp-content\/uploads\/2025\/12\/Anunci_teoric_poli.pdf\" target=\"_blank\" rel=\"noreferrer noopener nofollow\">Resultat prova te\u00f2rica<\/a><\/td><\/tr><tr><td class=\"has-text-align-left\" data-align=\"left\"><a href=\"https:\/\/lasenia.cat\/web\/wp-content\/uploads\/2025\/12\/Aptitudfisica.pdf\" data-type=\"link\" data-id=\"https:\/\/lasenia.cat\/web\/wp-content\/uploads\/2025\/12\/Aptitudfisica.pdf\" target=\"_blank\" rel=\"noreferrer noopener nofollow\">Resultat prova d&#8217;aptitud f\u00edsica<\/a><\/td><\/tr><tr><td class=\"has-text-align-left\" data-align=\"left\"><a href=\"https:\/\/lasenia.cat\/web\/wp-content\/uploads\/2025\/12\/Poli_psico.pdf\" data-type=\"link\" data-id=\"https:\/\/lasenia.cat\/web\/wp-content\/uploads\/2025\/12\/Poli_psico.pdf\" target=\"_blank\" rel=\"noreferrer noopener nofollow\">Resultat psicot\u00e8cnic<\/a><\/td><\/tr><tr><td class=\"has-text-align-left\" data-align=\"left\"><a href=\"https:\/\/lasenia.cat\/web\/wp-content\/uploads\/2025\/12\/Poli_practic.pdf\" data-type=\"link\" data-id=\"https:\/\/lasenia.cat\/web\/wp-content\/uploads\/2025\/12\/Poli_practic.pdf\" target=\"_blank\" rel=\"noreferrer noopener nofollow\">Resultat prova pr\u00e0ctica<\/a><\/td><\/tr><tr><td class=\"has-text-align-left\" data-align=\"left\"><a href=\"https:\/\/lasenia.cat\/web\/wp-content\/uploads\/2025\/12\/Poli_merits.pdf\" data-type=\"link\" data-id=\"https:\/\/lasenia.cat\/web\/wp-content\/uploads\/2025\/12\/Poli_merits.pdf\" target=\"_blank\" rel=\"noreferrer noopener nofollow\">Resultat fase de concurs<\/a><\/td><\/tr><\/tbody><\/table><\/figure>\n\n\n\n<p><\/p>\n","protected":false},"excerpt":{"rendered":"<p>Grup Procediment Perfil Places Data BOPT Data DOGC C1 Concurs oposici\u00f3 Inter\u00ed Borsa 15.10.2025 14.10.2025 Anunci bases BOPT n\u00famero CVE<\/p>\n","protected":false},"author":6,"featured_media":0,"parent":0,"menu_order":0,"comment_status":"closed","ping_status":"closed","template":"","meta":{"colormag_page_container_layout":"default_layout","colormag_page_sidebar_layout":"default_layout","footnotes":""},"class_list":["post-7666","page","type-page","status-publish","hentry"],"_links":{"self":[{"href":"https:\/\/lasenia.cat\/web\/wp-json\/wp\/v2\/pages\/7666","targetHints":{"allow":["GET"]}}],"collection":[{"href":"https:\/\/lasenia.cat\/web\/wp-json\/wp\/v2\/pages"}],"about":[{"href":"https:\/\/lasenia.cat\/web\/wp-json\/wp\/v2\/types\/page"}],"author":[{"embeddable":true,"href":"https:\/\/lasenia.cat\/web\/wp-json\/wp\/v2\/users\/6"}],"replies":[{"embeddable":true,"href":"https:\/\/lasenia.cat\/web\/wp-json\/wp\/v2\/comments?post=7666"}],"version-history":[{"count":33,"href":"https:\/\/lasenia.cat\/web\/wp-json\/wp\/v2\/pages\/7666\/revisions"}],"predecessor-version":[{"id":8274,"href":"https:\/\/lasenia.cat\/web\/wp-json\/wp\/v2\/pages\/7666\/revisions\/8274"}],"wp:attachment":[{"href":"https:\/\/lasenia.cat\/web\/wp-json\/wp\/v2\/media?parent=7666"}],"curies":[{"name":"wp","href":"https:\/\/api.w.org\/{rel}","templated":true}]}}