{"id":757,"date":"2021-01-14T16:52:09","date_gmt":"2021-01-14T15:52:09","guid":{"rendered":"http:\/\/lasenia.cat\/web\/?page_id=757"},"modified":"2026-01-13T09:47:43","modified_gmt":"2026-01-13T08:47:43","slug":"telefons-dinteres","status":"publish","type":"page","link":"https:\/\/lasenia.cat\/web\/telefons-dinteres\/","title":{"rendered":""},"content":{"rendered":"\n<h3 class=\"wp-block-heading\">AJUNTAMENT<\/h3>\n\n\n\n<figure class=\"wp-block-table\"><table class=\"has-fixed-layout\"><tbody><tr><td class=\"has-text-align-left\" data-align=\"left\">Oficines Ajuntament<\/td><td class=\"has-text-align-right\" data-align=\"right\">977 71 30 00<\/td><\/tr><tr><td class=\"has-text-align-left\" data-align=\"left\">BASE<\/td><td class=\"has-text-align-right\" data-align=\"right\">977 57 08 17<\/td><\/tr><tr><td class=\"has-text-align-left\" data-align=\"left\">Jutjat de Pau<\/td><td class=\"has-text-align-right\" data-align=\"right\">977 57 55 07<\/td><\/tr><tr><td class=\"has-text-align-left\" data-align=\"left\">Oficina de Turisme i Parcs Natural dels Ports<\/td><td class=\"has-text-align-right\" data-align=\"right\">977 57 61 56<\/td><\/tr><tr><td class=\"has-text-align-left\" data-align=\"left\">Biblioteca &#8211; Pere de Montcada<\/td><td class=\"has-text-align-right\" data-align=\"right\">977 09 94 24<\/td><\/tr><tr><td class=\"has-text-align-left\" data-align=\"left\">Piscines Municipals<\/td><td class=\"has-text-align-right\" data-align=\"right\">977 09 94 90<\/td><\/tr><tr><td class=\"has-text-align-left\" data-align=\"left\">Serveis Socials<\/td><td class=\"has-text-align-right\" data-align=\"right\">977 09 94 06<\/td><\/tr><\/tbody><\/table><\/figure>\n\n\n\n<h3 class=\"wp-block-heading\">EDUCACI\u00d3<\/h3>\n\n\n\n<figure class=\"wp-block-table\"><table class=\"has-fixed-layout\"><tbody><tr><td class=\"has-text-align-left\" data-align=\"left\">Llar d&#8217;Infants Municipal<\/td><td class=\"has-text-align-right\" data-align=\"right\">977 57 02 74 \u2013 608 65 39 23<\/td><\/tr><tr><td class=\"has-text-align-left\" data-align=\"left\">Escola Maria Jes\u00fas Ort\u00ed i Abella<\/td><td class=\"has-text-align-right\" data-align=\"right\">977 71 32 65<\/td><\/tr><tr><td class=\"has-text-align-left\" data-align=\"left\">Institut d&#8217;Ensenyament Secundari<\/td><td class=\"has-text-align-right\" data-align=\"right\">977 71 30 65<\/td><\/tr><\/tbody><\/table><\/figure>\n\n\n\n<h3 class=\"wp-block-heading\">SEGURETAT I EMERG\u00c8NCIES<\/h3>\n\n\n\n<figure class=\"wp-block-table\"><table class=\"has-fixed-layout\"><tbody><tr><td class=\"has-text-align-left\" data-align=\"left\">Policia Local &#8211; 24h<\/td><td class=\"has-text-align-right\" data-align=\"right\">658 90 69 60<\/td><\/tr><tr><td class=\"has-text-align-left\" data-align=\"left\">Policia Local &#8211; Oficina<\/td><td class=\"has-text-align-right\" data-align=\"right\">977 09 94 44<\/td><\/tr><tr><td class=\"has-text-align-left\" data-align=\"left\">Comissaria Mossos d&#8217;Esquadra (Amposta)<\/td><td class=\"has-text-align-right\" data-align=\"right\">977 28 04 00<\/td><\/tr><tr><td class=\"has-text-align-left\" data-align=\"left\">Centre d&#8217;Emerg\u00e8ncies de Catalunya (Intervenci\u00f3 immediata). Bombers, policia, ambul\u00e0ncia<\/td><td class=\"has-text-align-right\" data-align=\"right\">112<\/td><\/tr><tr><td class=\"has-text-align-left\" data-align=\"left\">Dones en situaci\u00f3 de viol\u00e8ncia dom\u00e8stica<\/td><td class=\"has-text-align-right\" data-align=\"right\">900 90 01 20<\/td><\/tr><\/tbody><\/table><\/figure>\n\n\n\n<h3 class=\"wp-block-heading\">SANITAT<\/h3>\n\n\n\n<figure class=\"wp-block-table\"><table class=\"has-fixed-layout\"><tbody><tr><td class=\"has-text-align-left\" data-align=\"left\">CAP &#8211; Visites<\/td><td class=\"has-text-align-right\" data-align=\"right\">933 26 89 01<\/td><\/tr><tr><td class=\"has-text-align-left\" data-align=\"left\">CAP &#8211; Urg\u00e8ncies<\/td><td class=\"has-text-align-right\" data-align=\"right\">977 57 09 03<\/td><\/tr><tr><td class=\"has-text-align-left\" data-align=\"left\">Salut Respon (Consultes i urg\u00e8ncies m\u00e8diques)<\/td><td class=\"has-text-align-right\" data-align=\"right\">061<\/td><\/tr><tr><td class=\"has-text-align-left\" data-align=\"left\">Farm\u00e0cia Escuder<\/td><td class=\"has-text-align-right\" data-align=\"right\">977 57 05 77 &#8211; 607 35 31 06<\/td><\/tr><tr><td class=\"has-text-align-left\" data-align=\"left\">Farm\u00e0cia Marcoval Mart\u00ed<\/td><td class=\"has-text-align-right\" data-align=\"right\">977 71 32 34 &#8211; 688 92 61 86<\/td><\/tr><tr><td class=\"has-text-align-left\" data-align=\"left\">Farm\u00e0cia Mestre<\/td><td class=\"has-text-align-right\" data-align=\"right\">977 71 32 33 &#8211; 678 84 67 71<\/td><\/tr><\/tbody><\/table><\/figure>\n\n\n\n<h3 class=\"wp-block-heading\">TRANSPORTS<\/h3>\n\n\n\n<figure style=\"padding-right:var(--wp--preset--spacing--20);padding-left:var(--wp--preset--spacing--20)\" class=\"wp-block-table\"><table class=\"has-fixed-layout\"><tbody><tr><td class=\"has-text-align-left\" data-align=\"left\">Taxi Llu\u00eds<\/td><td class=\"has-text-align-right\" data-align=\"right\">620 87 08 57<\/td><\/tr><tr><td class=\"has-text-align-left\" data-align=\"left\">Taxi Lo Cubano<\/td><td class=\"has-text-align-right\" data-align=\"right\">670 69 99 83<\/td><\/tr><tr><td class=\"has-text-align-left\" data-align=\"left\">Taxi Pili<\/td><td class=\"has-text-align-right\" data-align=\"right\">686 60 05 18<\/td><\/tr><tr><td class=\"has-text-align-left\" data-align=\"left\">Autobusos HIFE<\/td><td class=\"has-text-align-right\" data-align=\"right\">977 44 03 00<\/td><\/tr><tr><td class=\"has-text-align-left\" data-align=\"left\">Informaci\u00f3 RENFE<\/td><td class=\"has-text-align-right\" data-align=\"right\">900 41 00 41 &#8211; 912 32 03 20<\/td><\/tr><\/tbody><\/table><\/figure>\n\n\n\n<h3 class=\"wp-block-heading\">ALTRES<\/h3>\n\n\n\n<figure class=\"wp-block-table\"><table class=\"has-fixed-layout\"><tbody><tr><td class=\"has-text-align-left\" data-align=\"left\">Casal Social Cultural<\/td><td class=\"has-text-align-right\" data-align=\"right\">977 57 54 85<\/td><\/tr><tr><td class=\"has-text-align-left\" data-align=\"left\">Correus<\/td><td class=\"has-text-align-right\" data-align=\"right\">977 71 30 34<\/td><\/tr><tr><td class=\"has-text-align-left\" data-align=\"left\">Deixalleria (Informaci\u00f3 ciutadania, de 9 a 14 h)<\/td><td class=\"has-text-align-right\" data-align=\"right\">678 86 32 54<\/td><\/tr><tr><td class=\"has-text-align-left\" data-align=\"left\">La S\u00e9nia R\u00e0dio<\/td><td class=\"has-text-align-right\" data-align=\"right\">628 07 91 91<\/td><\/tr><tr><td class=\"has-text-align-left\" data-align=\"left\">Parr\u00f2quia<\/td><td class=\"has-text-align-right\" data-align=\"right\">647 54 23 12<\/td><\/tr><tr><td class=\"has-text-align-left\" data-align=\"left\">Servei funerari<\/td><td class=\"has-text-align-right\" data-align=\"right\">630 91 60 00<\/td><\/tr><\/tbody><\/table><\/figure>\n","protected":false},"excerpt":{"rendered":"<p>AJUNTAMENT Oficines Ajuntament 977 71 30 00 BASE 977 57 08 17 Jutjat de Pau 977 57 55 07 Oficina<\/p>\n","protected":false},"author":1,"featured_media":0,"parent":0,"menu_order":0,"comment_status":"closed","ping_status":"closed","template":"","meta":{"colormag_page_container_layout":"default_layout","colormag_page_sidebar_layout":"default_layout","footnotes":""},"class_list":["post-757","page","type-page","status-publish","hentry"],"_links":{"self":[{"href":"https:\/\/lasenia.cat\/web\/wp-json\/wp\/v2\/pages\/757","targetHints":{"allow":["GET"]}}],"collection":[{"href":"https:\/\/lasenia.cat\/web\/wp-json\/wp\/v2\/pages"}],"about":[{"href":"https:\/\/lasenia.cat\/web\/wp-json\/wp\/v2\/types\/page"}],"author":[{"embeddable":true,"href":"https:\/\/lasenia.cat\/web\/wp-json\/wp\/v2\/users\/1"}],"replies":[{"embeddable":true,"href":"https:\/\/lasenia.cat\/web\/wp-json\/wp\/v2\/comments?post=757"}],"version-history":[{"count":24,"href":"https:\/\/lasenia.cat\/web\/wp-json\/wp\/v2\/pages\/757\/revisions"}],"predecessor-version":[{"id":8249,"href":"https:\/\/lasenia.cat\/web\/wp-json\/wp\/v2\/pages\/757\/revisions\/8249"}],"wp:attachment":[{"href":"https:\/\/lasenia.cat\/web\/wp-json\/wp\/v2\/media?parent=757"}],"curies":[{"name":"wp","href":"https:\/\/api.w.org\/{rel}","templated":true}]}}