{"id":739,"date":"2021-01-14T16:43:04","date_gmt":"2021-01-14T15:43:04","guid":{"rendered":"http:\/\/lasenia.cat\/web\/?page_id=739"},"modified":"2026-01-23T13:07:04","modified_gmt":"2026-01-23T12:07:04","slug":"bonificacions","status":"publish","type":"page","link":"https:\/\/lasenia.cat\/web\/bonificacions\/","title":{"rendered":"Bonificaci\u00f3 de tributs"},"content":{"rendered":"\n<p>Obert el termini de sol\u00b7licitud de les bonificacions seg\u00fcents:<\/p>\n\n\n\n<figure class=\"wp-block-table is-style-stripes\"><table><thead><tr><th class=\"has-text-align-left\" data-align=\"left\">Bonificaci\u00f3<\/th><th>Termini sol\u00b7licitud<\/th><\/tr><\/thead><tbody><tr><td class=\"has-text-align-left\" data-align=\"left\"><a href=\"https:\/\/lasenia.cat\/web\/bonificacions-ibi-en-foment-de-locupacio-2\/\" data-type=\"link\" data-id=\"https:\/\/lasenia.cat\/web\/bonificacions-ibi-en-foment-de-locupacio-2\/\" target=\"_blank\" rel=\"noreferrer noopener\">BONIFICACI\u00d3 IBI &#8211; FOMENT DE L\u2019OCUPACI\u00d3<\/a><\/td><td>Fins el 02.03.2026<\/td><\/tr><tr><td class=\"has-text-align-left\" data-align=\"left\"><a href=\"https:\/\/lasenia.cat\/web\/bonificacions-ibi-activitats-agropecuaries\/\" data-type=\"link\" data-id=\"https:\/\/lasenia.cat\/web\/bonificacions-ibi-activitats-agropecuaries\/\" target=\"_blank\" rel=\"noreferrer noopener\">BONIFICACI\u00d3 IBI &#8211; ACTIVITATS AGROPECU\u00c0RIES<\/a><\/td><td>Fins el 02.03.2026<\/td><\/tr><tr><td class=\"has-text-align-left\" data-align=\"left\"><a href=\"https:\/\/lasenia.cat\/web\/bonificacions-dibi-per-installacions-denergia-solar\/\" data-type=\"link\" data-id=\"https:\/\/lasenia.cat\/web\/bonificacions-dibi-per-installacions-denergia-solar\/\" target=\"_blank\" rel=\"noreferrer noopener\">BONIFICACI\u00d3 IBI &#8211; ENERGIA SOLAR<\/a><\/td><td>Fins el 02.03.2026<\/td><\/tr><tr><td class=\"has-text-align-left\" data-align=\"left\"><a href=\"https:\/\/lasenia.cat\/web\/bonificacions-ibi-per-familia-nombrosa\/\" data-type=\"link\" data-id=\"https:\/\/lasenia.cat\/web\/bonificacions-ibi-per-familia-nombrosa\/\" target=\"_blank\" rel=\"noreferrer noopener\">BONIFICACI\u00d3 IBI &#8211; FAM\u00cdLIA NOMBROSA<\/a><\/td><td>Fins el 02.03.2026<\/td><\/tr><tr><td class=\"has-text-align-left\" data-align=\"left\"><a href=\"https:\/\/lasenia.cat\/web\/bonificacions-de-limpost-sobre-vehicles-de-traccio-mecanica-ivtm\/\" data-type=\"link\" data-id=\"https:\/\/lasenia.cat\/web\/bonificacions-de-limpost-sobre-vehicles-de-traccio-mecanica-ivtm\/\" target=\"_blank\" rel=\"noreferrer noopener\">BONIFICACI\u00d3 IMPOST VEHICLES TRACCI\u00d3 MEC\u00c0NICA (IVTM)<\/a><\/td><td>Fins el 02.03.2026<\/td><\/tr><tr><td class=\"has-text-align-left\" data-align=\"left\"><a href=\"https:\/\/lasenia.cat\/web\/taxa-descombraries-2024-tarifa-reduida-per-a-families-amb-escassa-capacitat-economica\/\" data-type=\"link\" data-id=\"https:\/\/lasenia.cat\/web\/taxa-descombraries-2024-tarifa-reduida-per-a-families-amb-escassa-capacitat-economica\/\" target=\"_blank\" rel=\"noreferrer noopener\">TARIFA REDU\u00cfDA D&#8217;ESCOMBRARIES<\/a><\/td><td>Fins el 02.03.2026<\/td><\/tr><tr><td class=\"has-text-align-left\" data-align=\"left\"><a href=\"https:\/\/lasenia.cat\/web\/taxa-descombraries-2025-reduccions-de-la-quota-per-utilitzacio-de-la-deixalleria\/\">ESCOMBRARIES &#8211; REDUCCIONS DE LA QUOTA PER UTILITZACI\u00d3 DE LA DEIXALLERIA<\/a><\/td><td>Sense termini<\/td><\/tr><\/tbody><\/table><\/figure>\n\n\n\n<p><\/p>\n","protected":false},"excerpt":{"rendered":"<p>Obert el termini de sol\u00b7licitud de les bonificacions seg\u00fcents: Bonificaci\u00f3 Termini sol\u00b7licitud BONIFICACI\u00d3 IBI &#8211; FOMENT DE L\u2019OCUPACI\u00d3 Fins el<\/p>\n","protected":false},"author":1,"featured_media":0,"parent":0,"menu_order":0,"comment_status":"closed","ping_status":"closed","template":"","meta":{"colormag_page_container_layout":"default_layout","colormag_page_sidebar_layout":"default_layout","footnotes":""},"class_list":["post-739","page","type-page","status-publish","hentry"],"_links":{"self":[{"href":"https:\/\/lasenia.cat\/web\/wp-json\/wp\/v2\/pages\/739","targetHints":{"allow":["GET"]}}],"collection":[{"href":"https:\/\/lasenia.cat\/web\/wp-json\/wp\/v2\/pages"}],"about":[{"href":"https:\/\/lasenia.cat\/web\/wp-json\/wp\/v2\/types\/page"}],"author":[{"embeddable":true,"href":"https:\/\/lasenia.cat\/web\/wp-json\/wp\/v2\/users\/1"}],"replies":[{"embeddable":true,"href":"https:\/\/lasenia.cat\/web\/wp-json\/wp\/v2\/comments?post=739"}],"version-history":[{"count":29,"href":"https:\/\/lasenia.cat\/web\/wp-json\/wp\/v2\/pages\/739\/revisions"}],"predecessor-version":[{"id":8351,"href":"https:\/\/lasenia.cat\/web\/wp-json\/wp\/v2\/pages\/739\/revisions\/8351"}],"wp:attachment":[{"href":"https:\/\/lasenia.cat\/web\/wp-json\/wp\/v2\/media?parent=739"}],"curies":[{"name":"wp","href":"https:\/\/api.w.org\/{rel}","templated":true}]}}