{"id":732,"date":"2021-01-14T16:39:44","date_gmt":"2021-01-14T15:39:44","guid":{"rendered":"http:\/\/lasenia.cat\/web\/?page_id=732"},"modified":"2026-01-08T15:35:34","modified_gmt":"2026-01-08T14:35:34","slug":"ajuts-habitatge","status":"publish","type":"page","link":"https:\/\/lasenia.cat\/web\/ajuts-habitatge\/","title":{"rendered":"Ajuts habitatge"},"content":{"rendered":"\n<p>Mitjan\u00e7ant Resoluci\u00f3 d&#8217;Alcaldia de data 1 d&#8217;agost de 2025 es va aprovar la convocat\u00f2ria per a la concessi\u00f3 de subvencions en mat\u00e8ria de rehabilitaci\u00f3 d&#8217;habitatges al municipi de la S\u00e9nia, per a l\u2019any 2025, pel procediment de concurr\u00e8ncia competitiva, publicada al Butlleti Oficial de la Prov\u00edncia de Tarragona (BOPT) de data 11 d&#8217;agost de 2025, i de conformitat amb l\u2019Ordenan\u00e7a reguladora i les Bases espec\u00edfiques reguladores corresponents, aprovades en sessi\u00f3 ordin\u00e0ria del Ple de l\u2019Ajuntament de data 24 de febrer de 2025 i publicades en el BOPT de data 17 de mar\u00e7 de 2025.<\/p>\n\n\n\n<p>El&nbsp;<strong>termini de presentaci\u00f3 de sol\u00b7licituds<\/strong>&nbsp;tindr\u00e0 com a data l\u00edmit el&nbsp;<strong>30 de setembre de 2025<\/strong><\/p>\n\n\n\n<p>+ info i sol\u00b7licituds a la Seu Electr\u00f2nica:&nbsp;<a href=\"https:\/\/actio.dipta.cat\/catalegserveis\/id\/4304450006\/servei\/AT110_SERVE_00039?origen=seu\">https:\/\/actio.dipta.cat\/catalegserveis\/id\/4304450006\/servei\/AT110_SERVE_00039?origen=seu<\/a><\/p>\n\n\n\n<ul class=\"wp-block-list\">\n<li><a href=\"https:\/\/lasenia.cat\/web\/wp-content\/uploads\/2025\/08\/10-Publicacio-Anunci-BOPT-1.pdf\" data-type=\"attachment\" data-id=\"7501\">Publicaci\u00f3 Anunci BOPT<\/a><\/li>\n\n\n\n<li><a href=\"https:\/\/lasenia.cat\/web\/wp-content\/uploads\/2025\/08\/09_2-Anunci-convocatoria-i-Bases-Reguladores-subvencions-rehabilitacio-habitatges-2025.pdf\" data-type=\"link\" data-id=\"https:\/\/lasenia.cat\/web\/wp-content\/uploads\/2025\/08\/09_2-Anunci-convocatoria-i-Bases-Reguladores-subvencions-rehabilitacio-habitatges-2025.pdf\">Anunci convocat\u00f2ria i Bases Reguladores subvencions rehabilitaci\u00f3 habitatges 2025<\/a><\/li>\n<\/ul>\n\n\n\n<p><\/p>\n","protected":false},"excerpt":{"rendered":"<p>Mitjan\u00e7ant Resoluci\u00f3 d&#8217;Alcaldia de data 1 d&#8217;agost de 2025 es va aprovar la convocat\u00f2ria per a la concessi\u00f3 de subvencions<\/p>\n","protected":false},"author":1,"featured_media":0,"parent":0,"menu_order":0,"comment_status":"closed","ping_status":"closed","template":"","meta":{"colormag_page_container_layout":"default_layout","colormag_page_sidebar_layout":"default_layout","footnotes":""},"class_list":["post-732","page","type-page","status-publish","hentry"],"_links":{"self":[{"href":"https:\/\/lasenia.cat\/web\/wp-json\/wp\/v2\/pages\/732","targetHints":{"allow":["GET"]}}],"collection":[{"href":"https:\/\/lasenia.cat\/web\/wp-json\/wp\/v2\/pages"}],"about":[{"href":"https:\/\/lasenia.cat\/web\/wp-json\/wp\/v2\/types\/page"}],"author":[{"embeddable":true,"href":"https:\/\/lasenia.cat\/web\/wp-json\/wp\/v2\/users\/1"}],"replies":[{"embeddable":true,"href":"https:\/\/lasenia.cat\/web\/wp-json\/wp\/v2\/comments?post=732"}],"version-history":[{"count":11,"href":"https:\/\/lasenia.cat\/web\/wp-json\/wp\/v2\/pages\/732\/revisions"}],"predecessor-version":[{"id":8221,"href":"https:\/\/lasenia.cat\/web\/wp-json\/wp\/v2\/pages\/732\/revisions\/8221"}],"wp:attachment":[{"href":"https:\/\/lasenia.cat\/web\/wp-json\/wp\/v2\/media?parent=732"}],"curies":[{"name":"wp","href":"https:\/\/api.w.org\/{rel}","templated":true}]}}