{"id":7260,"date":"2025-06-10T11:07:05","date_gmt":"2025-06-10T10:07:05","guid":{"rendered":"https:\/\/lasenia.cat\/web\/?page_id=7260"},"modified":"2025-06-10T11:07:05","modified_gmt":"2025-06-10T10:07:05","slug":"borsa-de-treball-peons-de-suport-addicional","status":"publish","type":"page","link":"https:\/\/lasenia.cat\/web\/borsa-de-treball-peons-de-suport-addicional\/","title":{"rendered":"Borsa de treball &#8211; Peons de suport addicional"},"content":{"rendered":"\n<figure class=\"wp-block-table is-style-stripes\"><table class=\"has-fixed-layout\"><tbody><tr><td><a href=\"https:\/\/www.diputaciodetarragona.cat\/ebop\/index.php?op=anunci&amp;id=10145&amp;ebop_any=2024\" data-type=\"link\" data-id=\"https:\/\/www.diputaciodetarragona.cat\/ebop\/index.php?op=anunci&amp;id=10145&amp;ebop_any=2024\" target=\"_blank\" rel=\"noreferrer noopener\">Anunci bases BOPT n\u00fam. 2024-9623<\/a><\/td><\/tr><tr><td><a href=\"https:\/\/dogc.gencat.cat\/ca\/document-del-dogc\/?documentId=1004204\" data-type=\"link\" data-id=\"https:\/\/dogc.gencat.cat\/ca\/document-del-dogc\/?documentId=1004204\" target=\"_blank\" rel=\"noreferrer noopener\">Anunci convocat\u00f2ria DOGC n\u00fam. 9331<\/a><\/td><\/tr><tr><td><a href=\"https:\/\/lasenia.cat\/web\/wp-content\/uploads\/2025\/06\/Anunci_borsapeosa.pdf\" data-type=\"link\" data-id=\"https:\/\/lasenia.cat\/web\/wp-content\/uploads\/2025\/06\/Anunci_borsapeosa.pdf\" target=\"_blank\" rel=\"noreferrer noopener\">Anunci de constituci\u00f3 de la borsa de treball<\/a> (BORSAPEOSA)<\/td><\/tr><\/tbody><\/table><\/figure>\n\n\n\n<p><\/p>\n","protected":false},"excerpt":{"rendered":"<p>Anunci bases BOPT n\u00fam. 2024-9623 Anunci convocat\u00f2ria DOGC n\u00fam. 9331 Anunci de constituci\u00f3 de la borsa de treball (BORSAPEOSA)<\/p>\n","protected":false},"author":8,"featured_media":0,"parent":0,"menu_order":0,"comment_status":"closed","ping_status":"closed","template":"","meta":{"colormag_page_container_layout":"default_layout","colormag_page_sidebar_layout":"default_layout","footnotes":""},"class_list":["post-7260","page","type-page","status-publish","hentry"],"_links":{"self":[{"href":"https:\/\/lasenia.cat\/web\/wp-json\/wp\/v2\/pages\/7260","targetHints":{"allow":["GET"]}}],"collection":[{"href":"https:\/\/lasenia.cat\/web\/wp-json\/wp\/v2\/pages"}],"about":[{"href":"https:\/\/lasenia.cat\/web\/wp-json\/wp\/v2\/types\/page"}],"author":[{"embeddable":true,"href":"https:\/\/lasenia.cat\/web\/wp-json\/wp\/v2\/users\/8"}],"replies":[{"embeddable":true,"href":"https:\/\/lasenia.cat\/web\/wp-json\/wp\/v2\/comments?post=7260"}],"version-history":[{"count":1,"href":"https:\/\/lasenia.cat\/web\/wp-json\/wp\/v2\/pages\/7260\/revisions"}],"predecessor-version":[{"id":7261,"href":"https:\/\/lasenia.cat\/web\/wp-json\/wp\/v2\/pages\/7260\/revisions\/7261"}],"wp:attachment":[{"href":"https:\/\/lasenia.cat\/web\/wp-json\/wp\/v2\/media?parent=7260"}],"curies":[{"name":"wp","href":"https:\/\/api.w.org\/{rel}","templated":true}]}}