{"id":718,"date":"2021-01-14T00:27:31","date_gmt":"2021-01-13T23:27:31","guid":{"rendered":"http:\/\/lasenia.cat\/web\/?page_id=718"},"modified":"2021-04-22T12:51:41","modified_gmt":"2021-04-22T11:51:41","slug":"queixes-i-suggeriments","status":"publish","type":"page","link":"https:\/\/lasenia.cat\/web\/queixes-i-suggeriments\/","title":{"rendered":"Queixes i suggeriments"},"content":{"rendered":"\n<p>Quan es vol expressar una queixa o un suggeriment sobre el municipi el m\u00e9s indicat \u00e9s fer-ho a trav\u00e9s de la seu electr\u00f2nica a l&#8217;apartat: queixes i suggeriments. Aquesta b\u00fastia ens permet comunicar qualsevol assumpte i acotar-lo tem\u00e0ticament de manera que arribi directament al departament afectat. Gr\u00e0cies!<\/p>\n\n\n\n<div class=\"wp-block-group is-layout-flow wp-block-group-is-layout-flow\"><div class=\"wp-block-group__inner-container\"><\/div><\/div>\n\n\n\n<p><\/p>\n","protected":false},"excerpt":{"rendered":"<p>Quan es vol expressar una queixa o un suggeriment sobre el municipi el m\u00e9s indicat \u00e9s fer-ho a trav\u00e9s de<\/p>\n","protected":false},"author":1,"featured_media":0,"parent":0,"menu_order":0,"comment_status":"closed","ping_status":"closed","template":"","meta":{"colormag_page_container_layout":"default_layout","colormag_page_sidebar_layout":"default_layout","footnotes":""},"class_list":["post-718","page","type-page","status-publish","hentry"],"_links":{"self":[{"href":"https:\/\/lasenia.cat\/web\/wp-json\/wp\/v2\/pages\/718","targetHints":{"allow":["GET"]}}],"collection":[{"href":"https:\/\/lasenia.cat\/web\/wp-json\/wp\/v2\/pages"}],"about":[{"href":"https:\/\/lasenia.cat\/web\/wp-json\/wp\/v2\/types\/page"}],"author":[{"embeddable":true,"href":"https:\/\/lasenia.cat\/web\/wp-json\/wp\/v2\/users\/1"}],"replies":[{"embeddable":true,"href":"https:\/\/lasenia.cat\/web\/wp-json\/wp\/v2\/comments?post=718"}],"version-history":[{"count":2,"href":"https:\/\/lasenia.cat\/web\/wp-json\/wp\/v2\/pages\/718\/revisions"}],"predecessor-version":[{"id":1163,"href":"https:\/\/lasenia.cat\/web\/wp-json\/wp\/v2\/pages\/718\/revisions\/1163"}],"wp:attachment":[{"href":"https:\/\/lasenia.cat\/web\/wp-json\/wp\/v2\/media?parent=718"}],"curies":[{"name":"wp","href":"https:\/\/api.w.org\/{rel}","templated":true}]}}