{"id":674,"date":"2021-01-04T18:20:51","date_gmt":"2021-01-04T17:20:51","guid":{"rendered":"http:\/\/lasenia.cat\/web\/?page_id=674"},"modified":"2025-10-15T12:40:24","modified_gmt":"2025-10-15T10:40:24","slug":"policia-local","status":"publish","type":"page","link":"https:\/\/lasenia.cat\/web\/policia-local\/","title":{"rendered":"Policia Local"},"content":{"rendered":"\n<p><br><\/p>\n\n\n\n<div class=\"wp-block-media-text alignwide is-stacked-on-mobile\"><figure class=\"wp-block-media-text__media\"><\/figure><div class=\"wp-block-media-text__content\">\n<p><strong>Adre\u00e7a:<\/strong><a rel=\"noreferrer noopener\" href=\"https:\/\/www.google.com\/maps\/place\/Polic%C3%ADa+Local\/@40.6368569,0.2845257,17z\/data=!4m12!1m6!3m5!1s0x12a08aa0df3dd741:0x97fc74d981089079!2sPolic%C3%ADa+Local!8m2!3d40.6368307!4d0.2844687!3m4!1s0x12a08aa0df3dd741:0x97fc74d981089079!8m2!3d40.6368307!4d0.2844687\" target=\"_blank\"> Avinguda de la Generalitat, 2<\/a><br><strong>Tel\u00e8fon oficina:<\/strong>&nbsp;977 099 444<br><strong>Tel\u00e8fon 24h:<\/strong>&nbsp;658 906 960<br><strong>Correu electr\u00f2nic: <\/strong><span class=\"link-color sendIt\">policia<img decoding=\"async\" class=\"inline-img\" style=\"max-height:2em\" src=\"https:\/\/lasenia.cat\/html\/images\/arroba.svg\" alt=\"@\">lasenia.cat<\/span><\/p>\n<\/div><\/div>\n\n\n\n<p><\/p>\n","protected":false},"excerpt":{"rendered":"<p>Adre\u00e7a: Avinguda de la Generalitat, 2Tel\u00e8fon oficina:&nbsp;977 099 444Tel\u00e8fon 24h:&nbsp;658 906 960Correu electr\u00f2nic: policialasenia.cat<\/p>\n","protected":false},"author":1,"featured_media":0,"parent":0,"menu_order":0,"comment_status":"closed","ping_status":"closed","template":"","meta":{"colormag_page_container_layout":"default_layout","colormag_page_sidebar_layout":"default_layout","footnotes":""},"class_list":["post-674","page","type-page","status-publish","hentry"],"_links":{"self":[{"href":"https:\/\/lasenia.cat\/web\/wp-json\/wp\/v2\/pages\/674","targetHints":{"allow":["GET"]}}],"collection":[{"href":"https:\/\/lasenia.cat\/web\/wp-json\/wp\/v2\/pages"}],"about":[{"href":"https:\/\/lasenia.cat\/web\/wp-json\/wp\/v2\/types\/page"}],"author":[{"embeddable":true,"href":"https:\/\/lasenia.cat\/web\/wp-json\/wp\/v2\/users\/1"}],"replies":[{"embeddable":true,"href":"https:\/\/lasenia.cat\/web\/wp-json\/wp\/v2\/comments?post=674"}],"version-history":[{"count":2,"href":"https:\/\/lasenia.cat\/web\/wp-json\/wp\/v2\/pages\/674\/revisions"}],"predecessor-version":[{"id":7839,"href":"https:\/\/lasenia.cat\/web\/wp-json\/wp\/v2\/pages\/674\/revisions\/7839"}],"wp:attachment":[{"href":"https:\/\/lasenia.cat\/web\/wp-json\/wp\/v2\/media?parent=674"}],"curies":[{"name":"wp","href":"https:\/\/api.w.org\/{rel}","templated":true}]}}