{"id":6691,"date":"2025-04-03T15:15:45","date_gmt":"2025-04-03T14:15:45","guid":{"rendered":"https:\/\/lasenia.cat\/web\/?page_id=6691"},"modified":"2025-10-15T12:49:29","modified_gmt":"2025-10-15T10:49:29","slug":"contactans","status":"publish","type":"page","link":"https:\/\/lasenia.cat\/web\/contactans\/","title":{"rendered":"Contacta&#8217;ns"},"content":{"rendered":"\n<p><strong>Vols formar part del pla educatiu d\u2019entorn de la S\u00e9nia<\/strong>?<\/p>\n\n\n\n<p>El treball en xarxa \u00e9s essencial per facilitar i promoure la implicaci\u00f3 i la participaci\u00f3 de tots els agents vinculats a la missi\u00f3 dels PEE: alumnat, centres educatius, fam\u00edlies, ajuntament, inspecci\u00f3, entitats i associacions, monitoratge i voluntariat, agents educatius\u2026<\/p>\n\n\n\n<p> <span class=\"link-color sendIt\">neus.pee<img decoding=\"async\" class=\"inline-img\" style=\"max-height:2em\" src=\"https:\/\/lasenia.cat\/html\/images\/arroba.svg\" alt=\"@\">lasenia.cat<\/span><strong>&nbsp; o truca al tel\u00e8fon 977 71 30 00 ex. 225<\/strong><\/p>\n","protected":false},"excerpt":{"rendered":"<p>Vols formar part del pla educatiu d\u2019entorn de la S\u00e9nia? El treball en xarxa \u00e9s essencial per facilitar i promoure<\/p>\n","protected":false},"author":1,"featured_media":0,"parent":0,"menu_order":0,"comment_status":"closed","ping_status":"closed","template":"","meta":{"colormag_page_container_layout":"default_layout","colormag_page_sidebar_layout":"default_layout","footnotes":""},"class_list":["post-6691","page","type-page","status-publish","hentry"],"_links":{"self":[{"href":"https:\/\/lasenia.cat\/web\/wp-json\/wp\/v2\/pages\/6691","targetHints":{"allow":["GET"]}}],"collection":[{"href":"https:\/\/lasenia.cat\/web\/wp-json\/wp\/v2\/pages"}],"about":[{"href":"https:\/\/lasenia.cat\/web\/wp-json\/wp\/v2\/types\/page"}],"author":[{"embeddable":true,"href":"https:\/\/lasenia.cat\/web\/wp-json\/wp\/v2\/users\/1"}],"replies":[{"embeddable":true,"href":"https:\/\/lasenia.cat\/web\/wp-json\/wp\/v2\/comments?post=6691"}],"version-history":[{"count":2,"href":"https:\/\/lasenia.cat\/web\/wp-json\/wp\/v2\/pages\/6691\/revisions"}],"predecessor-version":[{"id":7848,"href":"https:\/\/lasenia.cat\/web\/wp-json\/wp\/v2\/pages\/6691\/revisions\/7848"}],"wp:attachment":[{"href":"https:\/\/lasenia.cat\/web\/wp-json\/wp\/v2\/media?parent=6691"}],"curies":[{"name":"wp","href":"https:\/\/api.w.org\/{rel}","templated":true}]}}