{"id":6686,"date":"2025-04-03T15:14:38","date_gmt":"2025-04-03T14:14:38","guid":{"rendered":"https:\/\/lasenia.cat\/web\/?page_id=6686"},"modified":"2025-04-09T16:05:19","modified_gmt":"2025-04-09T15:05:19","slug":"pla-educatiu-dentorn","status":"publish","type":"page","link":"https:\/\/lasenia.cat\/web\/pla-educatiu-dentorn\/","title":{"rendered":"Pla educatiu d&#8217;Entorn"},"content":{"rendered":"\n<figure class=\"wp-block-gallery has-nested-images columns-default is-cropped wp-block-gallery-1 is-layout-flex wp-block-gallery-is-layout-flex\">\n<figure class=\"wp-block-image size-large\"><img loading=\"lazy\" decoding=\"async\" width=\"1024\" height=\"108\" data-id=\"6687\" src=\"https:\/\/lasenia.cat\/web\/wp-content\/uploads\/2025\/04\/Copia-de-LogoPEE_color_trans_H-1024x108.png\" alt=\"\" class=\"wp-image-6687\" srcset=\"https:\/\/lasenia.cat\/web\/wp-content\/uploads\/2025\/04\/Copia-de-LogoPEE_color_trans_H-1024x108.png 1024w, https:\/\/lasenia.cat\/web\/wp-content\/uploads\/2025\/04\/Copia-de-LogoPEE_color_trans_H-300x32.png 300w, https:\/\/lasenia.cat\/web\/wp-content\/uploads\/2025\/04\/Copia-de-LogoPEE_color_trans_H-768x81.png 768w, https:\/\/lasenia.cat\/web\/wp-content\/uploads\/2025\/04\/Copia-de-LogoPEE_color_trans_H-1536x162.png 1536w, https:\/\/lasenia.cat\/web\/wp-content\/uploads\/2025\/04\/Copia-de-LogoPEE_color_trans_H-2048x215.png 2048w\" sizes=\"auto, (max-width: 1024px) 100vw, 1024px\" \/><\/figure>\n<\/figure>\n\n\n\n<p>Els Plans educatius d\u2019entorn s\u00f3n una proposta educativa innovadora que vol donar resposta a les m\u00faltiples necessitats de la nostra societat.<\/p>\n\n\n\n<p>S\u00f3n instruments per donar una resposta integrada i comunit\u00e0ria a les necessitats educatives dels membres m\u00e9s joves de la nostra societat, coordinant i dinamitzant l\u2019acci\u00f3 educativa en els diferents \u00e0mbits de la vida dels infants i joves. S\u2019adrecen a tot l\u2019alumnat, i a tota la comunitat educativa, per\u00f2 amb una especial sensibilitat als sectors socials m\u00e9s desafavorits.<\/p>\n\n\n\n<p>L\u2019educaci\u00f3 de ciutadans i ciutadanes per a un m\u00f3n complex i divers hauria de ser:<\/p>\n\n\n\n<ul class=\"wp-block-list\">\n<li>Integral: per abastar tots els aspectes de la persona. No solament ha d\u2019instruir i ensinistrar en unes habilitats intel\u00b7lectuals determinades sin\u00f3 que ha de facilitar tamb\u00e9 compet\u00e8ncies socials i proporcionar capacitats per adaptar-se i conviure en una societat canviant.<\/li>\n\n\n\n<li>Cont\u00ednua: per comprendre tot l\u2019espai-temps vital. El temps de formaci\u00f3 ja no es pot entendre avui parcel\u00b7lat, unes hores al dia (escola) i una \u00e8poca de la vida (inf\u00e0ncia i joventut), ha d\u2019abastar tota la vida.<\/li>\n\n\n\n<li>Arrelada: per tenir uns referents compartits. La incertesa que caracteritza els nostres temps fa que esdevinguin indispensables uns referents identitaris compartits que vinculin les persones a projectes de futur i que donin un sentit al treball i a la conviv\u00e8ncia.<\/li>\n\n\n\n<li>Cohesionadora: per promoure la integraci\u00f3 social. L\u2019arribada de nous ciutadans i ciutadanes al nostre pa\u00eds planteja nous reptes que requereixen una s\u00e8rie d\u2019accions innovadores per promoure la cohesi\u00f3 social mitjan\u00e7ant l\u2019educaci\u00f3 intercultural i l\u2019\u00fas normalitzat de la llengua catalana en un marc multiling\u00fce.<\/li>\n\n\n\n<li>Inclusiva: per incloure a tothom.\u00a0I per fer-ho possible ha de garantir la igualtat d\u2019oportunitats i evitar qualsevol mena de marginaci\u00f3 i exclusi\u00f3.<\/li>\n\n\n\n<li>En xarxa: per ser-ne tots corresponsables. \u00c9s necessari teixir entre tots una xarxa educativa molt ben cohesionada i aix\u00f2 requereix un treball ben articulat, coordinat i coherent de tots els organismes que treballen en l\u2019atenci\u00f3 i l\u2019educaci\u00f3 dels membres m\u00e9s joves de la societat catalana.<\/li>\n<\/ul>\n\n\n\n<figure class=\"wp-block-gallery has-nested-images columns-default is-cropped wp-block-gallery-2 is-layout-flex wp-block-gallery-is-layout-flex\">\n<figure class=\"wp-block-image size-large\"><img loading=\"lazy\" decoding=\"async\" width=\"411\" height=\"1024\" data-id=\"6688\" src=\"https:\/\/lasenia.cat\/web\/wp-content\/uploads\/2025\/04\/pee2-411x1024.png\" alt=\"\" class=\"wp-image-6688\" srcset=\"https:\/\/lasenia.cat\/web\/wp-content\/uploads\/2025\/04\/pee2-411x1024.png 411w, https:\/\/lasenia.cat\/web\/wp-content\/uploads\/2025\/04\/pee2-121x300.png 121w, https:\/\/lasenia.cat\/web\/wp-content\/uploads\/2025\/04\/pee2.png 460w\" sizes=\"auto, (max-width: 411px) 100vw, 411px\" \/><\/figure>\n\n\n\n<figure class=\"wp-block-image size-large\"><img loading=\"lazy\" decoding=\"async\" width=\"411\" height=\"1024\" data-id=\"6689\" src=\"https:\/\/lasenia.cat\/web\/wp-content\/uploads\/2025\/04\/pee1png-411x1024.png\" alt=\"\" class=\"wp-image-6689\" srcset=\"https:\/\/lasenia.cat\/web\/wp-content\/uploads\/2025\/04\/pee1png-411x1024.png 411w, https:\/\/lasenia.cat\/web\/wp-content\/uploads\/2025\/04\/pee1png-121x300.png 121w, https:\/\/lasenia.cat\/web\/wp-content\/uploads\/2025\/04\/pee1png.png 460w\" sizes=\"auto, (max-width: 411px) 100vw, 411px\" \/><\/figure>\n<\/figure>\n","protected":false},"excerpt":{"rendered":"<p>Els Plans educatius d\u2019entorn s\u00f3n una proposta educativa innovadora que vol donar resposta a les m\u00faltiples necessitats de la nostra<\/p>\n","protected":false},"author":1,"featured_media":0,"parent":0,"menu_order":0,"comment_status":"closed","ping_status":"closed","template":"","meta":{"colormag_page_container_layout":"no_sidebar_content_centered","colormag_page_sidebar_layout":"no_sidebar","footnotes":""},"class_list":["post-6686","page","type-page","status-publish","hentry"],"_links":{"self":[{"href":"https:\/\/lasenia.cat\/web\/wp-json\/wp\/v2\/pages\/6686","targetHints":{"allow":["GET"]}}],"collection":[{"href":"https:\/\/lasenia.cat\/web\/wp-json\/wp\/v2\/pages"}],"about":[{"href":"https:\/\/lasenia.cat\/web\/wp-json\/wp\/v2\/types\/page"}],"author":[{"embeddable":true,"href":"https:\/\/lasenia.cat\/web\/wp-json\/wp\/v2\/users\/1"}],"replies":[{"embeddable":true,"href":"https:\/\/lasenia.cat\/web\/wp-json\/wp\/v2\/comments?post=6686"}],"version-history":[{"count":1,"href":"https:\/\/lasenia.cat\/web\/wp-json\/wp\/v2\/pages\/6686\/revisions"}],"predecessor-version":[{"id":6690,"href":"https:\/\/lasenia.cat\/web\/wp-json\/wp\/v2\/pages\/6686\/revisions\/6690"}],"wp:attachment":[{"href":"https:\/\/lasenia.cat\/web\/wp-json\/wp\/v2\/media?parent=6686"}],"curies":[{"name":"wp","href":"https:\/\/api.w.org\/{rel}","templated":true}]}}