{"id":664,"date":"2021-01-04T17:57:38","date_gmt":"2021-01-04T16:57:38","guid":{"rendered":"http:\/\/lasenia.cat\/web\/?page_id=664"},"modified":"2025-10-15T12:25:04","modified_gmt":"2025-10-15T10:25:04","slug":"servei-docupacio","status":"publish","type":"page","link":"https:\/\/lasenia.cat\/web\/servei-docupacio\/","title":{"rendered":"Servei d&#8217;Ocupaci\u00f3"},"content":{"rendered":"\n<h5 class=\"wp-block-heading\"><strong>Dispositiu d&#8217;atenci\u00f3 a les persones &#8211; Agencia de desenvolupament del Montsi\u00e0<\/strong><\/h5>\n\n\n\n<h5 class=\"wp-block-heading\"><strong>Qu\u00e8 \u00e9s?<\/strong>&nbsp;<\/h5>\n\n\n\n<p>\u00c9s un dispositiu d\u2019inserci\u00f3 sociolaboral, on acompanyem a les persones inscrites al Servei d\u2019Ocupaci\u00f3 de Catalunya en el proc\u00e9s de recerca activa de feina.<br>T\u2019oferim informaci\u00f3, orientaci\u00f3 i formaci\u00f3 de manera totalment personalitzada. \u00c9s un servei gratu\u00eft, voluntari, confidencial i de col\u00b7laboraci\u00f3 m\u00fatua.<\/p>\n\n\n\n<h5 class=\"wp-block-heading\"><strong>Com funciona?<\/strong><\/h5>\n\n\n\n<ol class=\"wp-block-list\">\n<li>Has de demanar cita pr\u00e8via al 977 099 406 o a&nbsp;<span class=\"link-color sendIt\">ocupacio<img decoding=\"async\" class=\"inline-img\" style=\"max-height:2em\" src=\"https:\/\/lasenia.cat\/html\/images\/arroba.svg\" alt=\"@\">lasenia.cat<\/span><\/li>\n\n\n\n<li>A la cita has de portar el document DARDO (<a href=\"https:\/\/www.oficinadetreball.gencat.cat\/socweb\/opencms\/socweb_ca\/ciutadans\/preguntes_frequents.html#FAQ_CIUT_0001\" target=\"_blank\" rel=\"noreferrer noopener\">Document d\u2019alta i renovaci\u00f3 a la demanda d\u2019ocupaci\u00f3<\/a>) i un curr\u00edculum vitae actualitzat.<\/li>\n\n\n\n<li>T\u2019acompanyem mitjan\u00e7ant tutories individualitzades i tallers grupals.<\/li>\n<\/ol>\n\n\n\n<h5 class=\"wp-block-heading\"><strong>Qu\u00e8 inclou aquest acompanyament?<\/strong><\/h5>\n\n\n\n<ul class=\"wp-block-list\">\n<li>Identificaci\u00f3 del teu valor afegit i dels teus objectius professionals.<\/li>\n\n\n\n<li>Millorar les teves&nbsp;compet\u00e8ncies, capacitats i habilitats<\/li>\n\n\n\n<li>Orientaci\u00f3 professional personalitzada.<\/li>\n\n\n\n<li>Millorar el teu&nbsp;coneixement i la utilitzaci\u00f3 d\u2019eines i canals de recerca de feina efectius.<\/li>\n\n\n\n<li>Preparaci\u00f3 per a superar entrevistes de treball.<\/li>\n\n\n\n<li>Visites tutoritzades a empreses.<\/li>\n\n\n\n<li>Espais equipats per a la recerca activa de feina \u2013 Aules de Recerca de feina<\/li>\n<\/ul>\n\n\n\n<h5 class=\"wp-block-heading\"><strong>Ens trobem a:<\/strong><\/h5>\n\n\n\n<p><strong>Edifici Depend\u00e8ncies de Serveis Socials<\/strong> (Antiga biblioteca)<br><strong>Direcci\u00f3:<\/strong> Carrer la Pau, 2-4<br><strong>Atenci\u00f3 al p\u00fablic:<\/strong> De dimarts a dijous de 10:00h a 15:00h (demanar cita pr\u00e8via)<br><strong>Tel\u00e8fon:<\/strong> 977 099 406&nbsp;<br><span class=\"link-color sendIt\">ocupacio<img decoding=\"async\" class=\"inline-img\" style=\"max-height:2em\" src=\"https:\/\/lasenia.cat\/html\/images\/arroba.svg\" alt=\"@\">lasenia.cat<\/span>&nbsp;<\/p>\n\n\n\n<p>Us podeu informar d&#8217;ofertes laborals a la seg\u00fcent p\u00e0gina de Facebook:&nbsp;<a href=\"https:\/\/www.facebook.com\/montsiaactiu\/\">https:\/\/www.facebook.com\/montsiaactiu\/<\/a><\/p>\n","protected":false},"excerpt":{"rendered":"<p>Dispositiu d&#8217;atenci\u00f3 a les persones &#8211; Agencia de desenvolupament del Montsi\u00e0 Qu\u00e8 \u00e9s?&nbsp; \u00c9s un dispositiu d\u2019inserci\u00f3 sociolaboral, on acompanyem<\/p>\n","protected":false},"author":1,"featured_media":0,"parent":0,"menu_order":0,"comment_status":"closed","ping_status":"closed","template":"","meta":{"colormag_page_container_layout":"default_layout","colormag_page_sidebar_layout":"default_layout","footnotes":""},"class_list":["post-664","page","type-page","status-publish","hentry"],"_links":{"self":[{"href":"https:\/\/lasenia.cat\/web\/wp-json\/wp\/v2\/pages\/664","targetHints":{"allow":["GET"]}}],"collection":[{"href":"https:\/\/lasenia.cat\/web\/wp-json\/wp\/v2\/pages"}],"about":[{"href":"https:\/\/lasenia.cat\/web\/wp-json\/wp\/v2\/types\/page"}],"author":[{"embeddable":true,"href":"https:\/\/lasenia.cat\/web\/wp-json\/wp\/v2\/users\/1"}],"replies":[{"embeddable":true,"href":"https:\/\/lasenia.cat\/web\/wp-json\/wp\/v2\/comments?post=664"}],"version-history":[{"count":8,"href":"https:\/\/lasenia.cat\/web\/wp-json\/wp\/v2\/pages\/664\/revisions"}],"predecessor-version":[{"id":7836,"href":"https:\/\/lasenia.cat\/web\/wp-json\/wp\/v2\/pages\/664\/revisions\/7836"}],"wp:attachment":[{"href":"https:\/\/lasenia.cat\/web\/wp-json\/wp\/v2\/media?parent=664"}],"curies":[{"name":"wp","href":"https:\/\/api.w.org\/{rel}","templated":true}]}}