{"id":6615,"date":"2025-03-31T10:01:29","date_gmt":"2025-03-31T09:01:29","guid":{"rendered":"https:\/\/lasenia.cat\/web\/?page_id=6615"},"modified":"2025-04-02T09:47:16","modified_gmt":"2025-04-02T08:47:16","slug":"borsa-de-treball-auxiliar-tecnic-a-dinformatica","status":"publish","type":"page","link":"https:\/\/lasenia.cat\/web\/borsa-de-treball-auxiliar-tecnic-a-dinformatica\/","title":{"rendered":"Borsa de treball &#8211; Auxiliar t\u00e8cnic\/a d&#8217;inform\u00e0tica"},"content":{"rendered":"\n<figure class=\"wp-block-table\"><table class=\"has-fixed-layout\"><tbody><tr><td class=\"has-text-align-left\" data-align=\"left\"><a href=\"https:\/\/www.diputaciodetarragona.cat\/ebop\/index.php?op=anunci&amp;id=10146&amp;ebop_any=2024\" target=\"_blank\" rel=\"noreferrer noopener\">Anunci bases BOPT n\u00fam. 2024-9622<\/a><\/td><\/tr><tr><td class=\"has-text-align-left\" data-align=\"left\"><a href=\"https:\/\/www.boe.es\/diario_boe\/txt.php?id=BOE-A-2024-23699\" target=\"_blank\" rel=\"noreferrer noopener\">Anunci extracte BOE n\u00fam. 275<\/a><\/td><\/tr><tr><td class=\"has-text-align-left\" data-align=\"left\"><a href=\"https:\/\/dogc.gencat.cat\/ca\/document-del-dogc\/?documentId=1000254\" target=\"_blank\" rel=\"noreferrer noopener\">Anunci convocat\u00f2ria DOGC n\u00famero 9296<\/a><\/td><\/tr><tr><td class=\"has-text-align-left\" data-align=\"left\"><a href=\"https:\/\/lasenia.cat\/web\/wp-content\/uploads\/2025\/04\/Anunci_borsa_ATI.pdf\" data-type=\"link\" data-id=\"https:\/\/lasenia.cat\/web\/wp-content\/uploads\/2025\/04\/Anunci_borsa_ATI.pdf\" target=\"_blank\" rel=\"noreferrer noopener\">Anunci constituci\u00f3 borsa de treball<\/a><\/td><\/tr><\/tbody><\/table><\/figure>\n\n\n\n<p><\/p>\n","protected":false},"excerpt":{"rendered":"<p>Anunci bases BOPT n\u00fam. 2024-9622 Anunci extracte BOE n\u00fam. 275 Anunci convocat\u00f2ria DOGC n\u00famero 9296 Anunci constituci\u00f3 borsa de treball<\/p>\n","protected":false},"author":3,"featured_media":0,"parent":0,"menu_order":0,"comment_status":"closed","ping_status":"closed","template":"","meta":{"colormag_page_container_layout":"no_sidebar_full_width","colormag_page_sidebar_layout":"no_sidebar","footnotes":""},"class_list":["post-6615","page","type-page","status-publish","hentry"],"_links":{"self":[{"href":"https:\/\/lasenia.cat\/web\/wp-json\/wp\/v2\/pages\/6615","targetHints":{"allow":["GET"]}}],"collection":[{"href":"https:\/\/lasenia.cat\/web\/wp-json\/wp\/v2\/pages"}],"about":[{"href":"https:\/\/lasenia.cat\/web\/wp-json\/wp\/v2\/types\/page"}],"author":[{"embeddable":true,"href":"https:\/\/lasenia.cat\/web\/wp-json\/wp\/v2\/users\/3"}],"replies":[{"embeddable":true,"href":"https:\/\/lasenia.cat\/web\/wp-json\/wp\/v2\/comments?post=6615"}],"version-history":[{"count":6,"href":"https:\/\/lasenia.cat\/web\/wp-json\/wp\/v2\/pages\/6615\/revisions"}],"predecessor-version":[{"id":6654,"href":"https:\/\/lasenia.cat\/web\/wp-json\/wp\/v2\/pages\/6615\/revisions\/6654"}],"wp:attachment":[{"href":"https:\/\/lasenia.cat\/web\/wp-json\/wp\/v2\/media?parent=6615"}],"curies":[{"name":"wp","href":"https:\/\/api.w.org\/{rel}","templated":true}]}}