{"id":6557,"date":"2025-03-25T08:35:34","date_gmt":"2025-03-25T07:35:34","guid":{"rendered":"https:\/\/lasenia.cat\/web\/?page_id=6557"},"modified":"2025-06-10T11:00:49","modified_gmt":"2025-06-10T10:00:49","slug":"enginyer-tecnic-engtec01","status":"publish","type":"page","link":"https:\/\/lasenia.cat\/web\/enginyer-tecnic-engtec01\/","title":{"rendered":"Enginyer t\u00e8cnic (ENGTEC01)"},"content":{"rendered":"\n<figure class=\"wp-block-table\"><table><tbody><tr><td class=\"has-text-align-left\" data-align=\"left\"><strong>Grup<\/strong><\/td><td class=\"has-text-align-left\" data-align=\"left\"><strong>Procediment<\/strong><\/td><td class=\"has-text-align-left\" data-align=\"left\"><strong>Perfil<\/strong><\/td><td class=\"has-text-align-center\" data-align=\"center\"><strong>Places<\/strong><\/td><td class=\"has-text-align-center\" data-align=\"center\"><strong>Data BOPT<\/strong><\/td><td class=\"has-text-align-center\" data-align=\"center\"><strong>Data DOGC<\/strong><\/td><\/tr><tr><td class=\"has-text-align-left\" data-align=\"left\">A2<\/td><td class=\"has-text-align-left\" data-align=\"left\">Concurs oposici\u00f3 <\/td><td class=\"has-text-align-left\" data-align=\"left\">Funcionari inter\u00ed<\/td><td class=\"has-text-align-center\" data-align=\"center\">1<\/td><td class=\"has-text-align-center\" data-align=\"center\">21.01.2025<\/td><td class=\"has-text-align-center\" data-align=\"center\">03.04.2025<\/td><\/tr><\/tbody><\/table><\/figure>\n\n\n\n<figure class=\"wp-block-table is-style-stripes\"><table><tbody><tr><td class=\"has-text-align-left\" data-align=\"left\"><a href=\"https:\/\/www.diputaciodetarragona.cat\/ebop\/index.php?op=anunci&amp;id=516&amp;ebop_any=2025\" data-type=\"link\" data-id=\"https:\/\/www.diputaciodetarragona.cat\/ebop\/index.php?op=anunci&amp;id=516&amp;ebop_any=2025\">Anunci Bases BOPT 2025-00230 <\/a><\/td><\/tr><tr><td class=\"has-text-align-left\" data-align=\"left\"><a href=\"https:\/\/dogc.gencat.cat\/ca\/document-del-dogc\/?documentId=1010715\" data-type=\"link\" data-id=\"https:\/\/dogc.gencat.cat\/ca\/document-del-dogc\/?documentId=1010715\" target=\"_blank\" rel=\"noreferrer noopener\">Anunci convocat\u00f2ria al DOGC 9385<\/a> <\/td><\/tr><tr><td class=\"has-text-align-left\" data-align=\"left\"><a href=\"https:\/\/lasenia.eadministracio.cat\/?x=SSbf-ooOmtwF-llQ53OqfA0*wd-b2BtrdA1PYruUdOcMsa3Ei5oJ1mOPrZXoeZKudC978n52k34fNk7L0K18t0oVl6JOCqEliL9fd33rF5Hpn2YmyC82sv9z3ruzuNyMIINLjKdzKbf35kCl*hBsGauE7tJsssXYlD4ka0C9nATqvBz1j90vDw*HUiJeto6TXB8J3AT*SMFuQL5qsOa7pQ\" data-type=\"link\" data-id=\"https:\/\/lasenia.eadministracio.cat\/?x=SSbf-ooOmtwF-llQ53OqfA0*wd-b2BtrdA1PYruUdOcMsa3Ei5oJ1mOPrZXoeZKudC978n52k34fNk7L0K18t0oVl6JOCqEliL9fd33rF5Hpn2YmyC82sv9z3ruzuNyMIINLjKdzKbf35kCl*hBsGauE7tJsssXYlD4ka0C9nATqvBz1j90vDw*HUiJeto6TXB8J3AT*SMFuQL5qsOa7pQ\" target=\"_blank\" rel=\"noreferrer noopener\">Inst\u00e0ncia espec\u00edfica per presentar-se al proc\u00e9s de selecci\u00f3<\/a> <\/td><\/tr><tr><td class=\"has-text-align-left\" data-align=\"left\">Termini de presentaci\u00f3 d&#8217;inst\u00e0ncies: Finalitzat (Del 4 al 17 d&#8217;abril de 2025)<\/td><\/tr><tr><td class=\"has-text-align-left\" data-align=\"left\"><a href=\"https:\/\/lasenia.cat\/web\/wp-content\/uploads\/2025\/04\/Llista_provisional_ENGTE01.pdf\" data-type=\"link\" data-id=\"https:\/\/lasenia.cat\/web\/wp-content\/uploads\/2025\/04\/Llista_provisional_ENGTE01.pdf\" target=\"_blank\" rel=\"noreferrer noopener\">Llista provisional de persones admeses i excloses <\/a>(Inst\u00e0ncia espec\u00edfica)<\/td><\/tr><tr><td class=\"has-text-align-left\" data-align=\"left\">Termini de presentaci\u00f3 d&#8217;esmenes: Finalitzat (Del 28 d&#8217;abril al 6 de maig)<\/td><\/tr><tr><td class=\"has-text-align-left\" data-align=\"left\"><a href=\"https:\/\/lasenia.cat\/web\/wp-content\/uploads\/2025\/05\/DEFINITIVA_ENGTE01.pdf\" data-type=\"link\" data-id=\"https:\/\/lasenia.cat\/web\/wp-content\/uploads\/2025\/05\/DEFINITIVA_ENGTE01.pdf\" target=\"_blank\" rel=\"noreferrer noopener\">Llista definitiva de persones admeses i excloses, membes del tribunal i data de les proves<\/a><\/td><\/tr><tr><td class=\"has-text-align-left\" data-align=\"left\"><a href=\"https:\/\/lasenia.cat\/web\/wp-content\/uploads\/2025\/06\/Anunci_desert.pdf\" data-type=\"link\" data-id=\"https:\/\/lasenia.cat\/web\/wp-content\/uploads\/2025\/06\/Anunci_desert.pdf\" target=\"_blank\" rel=\"noreferrer noopener\"><strong>Anunci: Delaraci\u00f3 de la convocat\u00f2ria com a deserta<\/strong><\/a><\/td><\/tr><\/tbody><\/table><\/figure>\n\n\n\n<figure class=\"wp-block-table\"><table class=\"has-fixed-layout\"><thead><tr><th class=\"has-text-align-left\" data-align=\"left\">Resultats proc\u00e9s de selecci\u00f3<\/th><\/tr><\/thead><tbody><tr><td class=\"has-text-align-left\" data-align=\"left\"><a href=\"https:\/\/lasenia.cat\/web\/wp-content\/uploads\/2025\/06\/anunci_cat_enginy.pdf\" data-type=\"link\" data-id=\"https:\/\/lasenia.cat\/web\/wp-content\/uploads\/2025\/06\/anunci_cat_enginy.pdf\" target=\"_blank\" rel=\"noreferrer noopener\">Resultats prova de catal\u00e0<\/a><\/td><\/tr><\/tbody><\/table><\/figure>\n\n\n\n<p><\/p>\n","protected":false},"excerpt":{"rendered":"<p>Grup Procediment Perfil Places Data BOPT Data DOGC A2 Concurs oposici\u00f3 Funcionari inter\u00ed 1 21.01.2025 03.04.2025 Anunci Bases BOPT 2025-00230<\/p>\n","protected":false},"author":3,"featured_media":0,"parent":0,"menu_order":0,"comment_status":"closed","ping_status":"closed","template":"","meta":{"colormag_page_container_layout":"no_sidebar_full_width","colormag_page_sidebar_layout":"no_sidebar","footnotes":""},"class_list":["post-6557","page","type-page","status-publish","hentry"],"_links":{"self":[{"href":"https:\/\/lasenia.cat\/web\/wp-json\/wp\/v2\/pages\/6557","targetHints":{"allow":["GET"]}}],"collection":[{"href":"https:\/\/lasenia.cat\/web\/wp-json\/wp\/v2\/pages"}],"about":[{"href":"https:\/\/lasenia.cat\/web\/wp-json\/wp\/v2\/types\/page"}],"author":[{"embeddable":true,"href":"https:\/\/lasenia.cat\/web\/wp-json\/wp\/v2\/users\/3"}],"replies":[{"embeddable":true,"href":"https:\/\/lasenia.cat\/web\/wp-json\/wp\/v2\/comments?post=6557"}],"version-history":[{"count":31,"href":"https:\/\/lasenia.cat\/web\/wp-json\/wp\/v2\/pages\/6557\/revisions"}],"predecessor-version":[{"id":7251,"href":"https:\/\/lasenia.cat\/web\/wp-json\/wp\/v2\/pages\/6557\/revisions\/7251"}],"wp:attachment":[{"href":"https:\/\/lasenia.cat\/web\/wp-json\/wp\/v2\/media?parent=6557"}],"curies":[{"name":"wp","href":"https:\/\/api.w.org\/{rel}","templated":true}]}}