{"id":611,"date":"2020-12-31T17:17:57","date_gmt":"2020-12-31T16:17:57","guid":{"rendered":"http:\/\/lasenia.cat\/web\/?page_id=611"},"modified":"2025-10-15T12:19:49","modified_gmt":"2025-10-15T10:19:49","slug":"retribucions-carrecs-electes","status":"publish","type":"page","link":"https:\/\/lasenia.cat\/web\/retribucions-carrecs-electes\/","title":{"rendered":"Retribucions c\u00e0rrecs electes"},"content":{"rendered":"\n<h4 class=\"wp-block-heading\">INDEMNITZACIONS<\/h4>\n\n\n\n<p>L\u2019 Ajuntament de la S\u00e9nia va aprovar en Ple, de data 10 de juliol de 2023, les retribucions que percebran l\u2019alcaldessa, regidores i regidors  durant aquest mandat.<\/p>\n\n\n\n<p>En aquest cas el regidor, V\u00edctor Revert\u00e9 Querol, tindr\u00e0 dedicaci\u00f3 parcial. La resta de regidores i regidors no exerciran les seves funcions en aquest r\u00e8gim.<\/p>\n\n\n\n<div class=\"wp-block-group is-layout-flow wp-block-group-is-layout-flow\">\n<div class=\"wp-block-columns is-layout-flex wp-container-core-columns-is-layout-28f84493 wp-block-columns-is-layout-flex\">\n<div class=\"wp-block-column is-layout-flow wp-block-column-is-layout-flow\" style=\"flex-basis:100%\">\n<figure class=\"wp-block-table\"><table><tbody><tr><td class=\"has-text-align-left\" data-align=\"left\">Assist\u00e8ncia a ple<\/td><td class=\"has-text-align-right\" data-align=\"right\">200\u20ac<\/td><\/tr><tr><td class=\"has-text-align-left\" data-align=\"left\">Assist\u00e8ncia a junta de govern local<\/td><td class=\"has-text-align-right\" data-align=\"right\">200\u20ac<\/td><\/tr><tr><td class=\"has-text-align-left\" data-align=\"left\">Assist\u00e8ncia a Comissi\u00f3 informativa i reuni\u00f3 de treball<\/td><td class=\"has-text-align-right\" data-align=\"right\">200\u20ac<\/td><\/tr><\/tbody><\/table><\/figure>\n<\/div>\n<\/div>\n<\/div>\n\n\n\n<p><strong>Amb els seg\u00fcents topalls anuals d\u2019assist\u00e8ncies:<\/strong><\/p>\n\n\n\n<figure class=\"wp-block-table\"><table><tbody><tr><td class=\"has-text-align-left\" data-align=\"left\">Alcaldessa<\/td><td class=\"has-text-align-right\" data-align=\"right\">16000\u20ac<\/td><\/tr><tr><td class=\"has-text-align-left\" data-align=\"left\">Regidors i regidores de l\u2019equip de govern<\/td><td class=\"has-text-align-right\" data-align=\"right\">8000\u20ac<\/td><\/tr><tr><td class=\"has-text-align-left\" data-align=\"left\">Resta de regidors i regidores<\/td><td class=\"has-text-align-right\" data-align=\"right\">4200\u20ac<\/td><\/tr><\/tbody><\/table><\/figure>\n\n\n\n<p><strong>Les retribucions en r\u00e8gim de dedicaci\u00f3 exclusiva o parcial s\u00f3n les seg\u00fcents:<\/strong><\/p>\n\n\n\n<figure class=\"wp-block-table\"><table><tbody><tr><td class=\"has-text-align-left\" data-align=\"left\">Regidor (parcial)<\/td><td class=\"has-text-align-left\" data-align=\"left\"><strong>Sou brut:<\/strong> 12266,35\u20ac\/anual<\/td><\/tr><\/tbody><\/table><\/figure>\n","protected":false},"excerpt":{"rendered":"<p>INDEMNITZACIONS L\u2019 Ajuntament de la S\u00e9nia va aprovar en Ple, de data 10 de juliol de 2023, les retribucions que<\/p>\n","protected":false},"author":1,"featured_media":0,"parent":0,"menu_order":0,"comment_status":"closed","ping_status":"closed","template":"","meta":{"colormag_page_container_layout":"no_sidebar_full_width","colormag_page_sidebar_layout":"no_sidebar","footnotes":""},"class_list":["post-611","page","type-page","status-publish","hentry"],"_links":{"self":[{"href":"https:\/\/lasenia.cat\/web\/wp-json\/wp\/v2\/pages\/611","targetHints":{"allow":["GET"]}}],"collection":[{"href":"https:\/\/lasenia.cat\/web\/wp-json\/wp\/v2\/pages"}],"about":[{"href":"https:\/\/lasenia.cat\/web\/wp-json\/wp\/v2\/types\/page"}],"author":[{"embeddable":true,"href":"https:\/\/lasenia.cat\/web\/wp-json\/wp\/v2\/users\/1"}],"replies":[{"embeddable":true,"href":"https:\/\/lasenia.cat\/web\/wp-json\/wp\/v2\/comments?post=611"}],"version-history":[{"count":6,"href":"https:\/\/lasenia.cat\/web\/wp-json\/wp\/v2\/pages\/611\/revisions"}],"predecessor-version":[{"id":7832,"href":"https:\/\/lasenia.cat\/web\/wp-json\/wp\/v2\/pages\/611\/revisions\/7832"}],"wp:attachment":[{"href":"https:\/\/lasenia.cat\/web\/wp-json\/wp\/v2\/media?parent=611"}],"curies":[{"name":"wp","href":"https:\/\/api.w.org\/{rel}","templated":true}]}}