{"id":601,"date":"2020-12-31T16:41:37","date_gmt":"2020-12-31T15:41:37","guid":{"rendered":"http:\/\/lasenia.cat\/web\/?page_id=601"},"modified":"2023-10-19T15:57:49","modified_gmt":"2023-10-19T14:57:49","slug":"grups-politics","status":"publish","type":"page","link":"https:\/\/lasenia.cat\/web\/grups-politics\/","title":{"rendered":"Grups pol\u00edtics"},"content":{"rendered":"\n<figure class=\"wp-block-table\"><table><tbody><tr><td><\/td><td><strong>Grup pol\u00edtic<\/strong><\/td><td><strong>Portaveu<\/strong><\/td><\/tr><tr><td><img loading=\"lazy\" decoding=\"async\" width=\"100\" height=\"71\" class=\"wp-image-4135\" style=\"width: 100px;\" src=\"https:\/\/lasenia.cat\/web\/wp-content\/uploads\/2023\/10\/endavant.jpeg\" alt=\"\" srcset=\"https:\/\/lasenia.cat\/web\/wp-content\/uploads\/2023\/10\/endavant.jpeg 1414w, https:\/\/lasenia.cat\/web\/wp-content\/uploads\/2023\/10\/endavant-300x212.jpeg 300w, https:\/\/lasenia.cat\/web\/wp-content\/uploads\/2023\/10\/endavant-1024x724.jpeg 1024w, https:\/\/lasenia.cat\/web\/wp-content\/uploads\/2023\/10\/endavant-768x543.jpeg 768w\" sizes=\"auto, (max-width: 100px) 100vw, 100px\" \/><\/td><td>Endavant la S\u00e9nia-ERC-Acord Municipal (ES-ERC-AM)<\/td><td>Merc\u00e8 Carb\u00f3 Gasc\u00f3<\/td><\/tr><tr><td><img loading=\"lazy\" decoding=\"async\" width=\"100\" height=\"99\" class=\"wp-image-4132\" style=\"width: 100px;\" src=\"https:\/\/lasenia.cat\/web\/wp-content\/uploads\/2023\/10\/alternativa.jpeg\" alt=\"\" srcset=\"https:\/\/lasenia.cat\/web\/wp-content\/uploads\/2023\/10\/alternativa.jpeg 960w, https:\/\/lasenia.cat\/web\/wp-content\/uploads\/2023\/10\/alternativa-300x296.jpeg 300w, https:\/\/lasenia.cat\/web\/wp-content\/uploads\/2023\/10\/alternativa-150x150.jpeg 150w, https:\/\/lasenia.cat\/web\/wp-content\/uploads\/2023\/10\/alternativa-768x757.jpeg 768w\" sizes=\"auto, (max-width: 100px) 100vw, 100px\" \/><\/td><td>Alternativa Senienca (AS)<\/td><td>Andrea Dom\u00e8nech Resa<\/td><\/tr><tr><td><img loading=\"lazy\" decoding=\"async\" width=\"100\" height=\"100\" class=\"wp-image-603\" style=\"width: 100px;\" src=\"https:\/\/lasenia.cat\/web\/wp-content\/uploads\/2020\/12\/11079570_350816858444445_2027539189636297967_o.jpg\" alt=\"\" srcset=\"https:\/\/lasenia.cat\/web\/wp-content\/uploads\/2020\/12\/11079570_350816858444445_2027539189636297967_o.jpg 2048w, https:\/\/lasenia.cat\/web\/wp-content\/uploads\/2020\/12\/11079570_350816858444445_2027539189636297967_o-300x300.jpg 300w, https:\/\/lasenia.cat\/web\/wp-content\/uploads\/2020\/12\/11079570_350816858444445_2027539189636297967_o-1024x1024.jpg 1024w, https:\/\/lasenia.cat\/web\/wp-content\/uploads\/2020\/12\/11079570_350816858444445_2027539189636297967_o-150x150.jpg 150w, https:\/\/lasenia.cat\/web\/wp-content\/uploads\/2020\/12\/11079570_350816858444445_2027539189636297967_o-768x768.jpg 768w, https:\/\/lasenia.cat\/web\/wp-content\/uploads\/2020\/12\/11079570_350816858444445_2027539189636297967_o-1536x1536.jpg 1536w\" sizes=\"auto, (max-width: 100px) 100vw, 100px\" \/><\/td><td>Futur per la S\u00e9nia (FS-MTE-C)<\/td><td>Joan Mois\u00e9s Revert\u00e9<\/td><\/tr><tr><td><img loading=\"lazy\" decoding=\"async\" width=\"100\" height=\"100\" class=\"wp-image-607\" src=\"https:\/\/lasenia.cat\/web\/wp-content\/uploads\/2020\/12\/127717683_3543178602463658_9027170919038483138_n.jpg\" alt=\"\" style=\"width: 100px;\" srcset=\"https:\/\/lasenia.cat\/web\/wp-content\/uploads\/2020\/12\/127717683_3543178602463658_9027170919038483138_n.jpg 960w, https:\/\/lasenia.cat\/web\/wp-content\/uploads\/2020\/12\/127717683_3543178602463658_9027170919038483138_n-300x300.jpg 300w, https:\/\/lasenia.cat\/web\/wp-content\/uploads\/2020\/12\/127717683_3543178602463658_9027170919038483138_n-150x150.jpg 150w, https:\/\/lasenia.cat\/web\/wp-content\/uploads\/2020\/12\/127717683_3543178602463658_9027170919038483138_n-768x767.jpg 768w\" sizes=\"auto, (max-width: 100px) 100vw, 100px\" \/><\/td><td>Socialistes de Catalunya-Candidatura de Progr\u00e9s (PSC-CP)<\/td><td>Lidia Ferr\u00e9 Ferr\u00e9<\/td><\/tr><\/tbody><\/table><\/figure>\n","protected":false},"excerpt":{"rendered":"<p>Grup pol\u00edtic Portaveu Endavant la S\u00e9nia-ERC-Acord Municipal (ES-ERC-AM) Merc\u00e8 Carb\u00f3 Gasc\u00f3 Alternativa Senienca (AS) Andrea Dom\u00e8nech Resa Futur per la<\/p>\n","protected":false},"author":1,"featured_media":0,"parent":0,"menu_order":0,"comment_status":"closed","ping_status":"closed","template":"","meta":{"colormag_page_container_layout":"no_sidebar_full_width","colormag_page_sidebar_layout":"no_sidebar","footnotes":""},"class_list":["post-601","page","type-page","status-publish","hentry"],"_links":{"self":[{"href":"https:\/\/lasenia.cat\/web\/wp-json\/wp\/v2\/pages\/601","targetHints":{"allow":["GET"]}}],"collection":[{"href":"https:\/\/lasenia.cat\/web\/wp-json\/wp\/v2\/pages"}],"about":[{"href":"https:\/\/lasenia.cat\/web\/wp-json\/wp\/v2\/types\/page"}],"author":[{"embeddable":true,"href":"https:\/\/lasenia.cat\/web\/wp-json\/wp\/v2\/users\/1"}],"replies":[{"embeddable":true,"href":"https:\/\/lasenia.cat\/web\/wp-json\/wp\/v2\/comments?post=601"}],"version-history":[{"count":4,"href":"https:\/\/lasenia.cat\/web\/wp-json\/wp\/v2\/pages\/601\/revisions"}],"predecessor-version":[{"id":4137,"href":"https:\/\/lasenia.cat\/web\/wp-json\/wp\/v2\/pages\/601\/revisions\/4137"}],"wp:attachment":[{"href":"https:\/\/lasenia.cat\/web\/wp-json\/wp\/v2\/media?parent=601"}],"curies":[{"name":"wp","href":"https:\/\/api.w.org\/{rel}","templated":true}]}}