{"id":556,"date":"2020-11-16T20:29:32","date_gmt":"2020-11-16T19:29:32","guid":{"rendered":"http:\/\/lasenia.cat\/web\/?page_id=556"},"modified":"2023-06-28T12:22:31","modified_gmt":"2023-06-28T11:22:31","slug":"membres-corporacio","status":"publish","type":"page","link":"https:\/\/lasenia.cat\/web\/membres-corporacio\/","title":{"rendered":"Membres de la corporaci\u00f3"},"content":{"rendered":"\n<figure class=\"wp-block-table\"><table><thead><tr><th><\/th><th>Nom<\/th><th>C\u00e0rrec<\/th><th>Regidories<\/th><th>Data nomenament<\/th><th>Grup<\/th><\/tr><\/thead><tbody><tr><td><img loading=\"lazy\" decoding=\"async\" width=\"150\" height=\"196\" class=\"wp-image-3739\" style=\"width: 150px;\" src=\"https:\/\/lasenia.cat\/web\/wp-content\/uploads\/2023\/06\/viqui.jpg\" alt=\"\" srcset=\"https:\/\/lasenia.cat\/web\/wp-content\/uploads\/2023\/06\/viqui.jpg 366w, https:\/\/lasenia.cat\/web\/wp-content\/uploads\/2023\/06\/viqui-229x300.jpg 229w\" sizes=\"auto, (max-width: 150px) 100vw, 150px\" \/><\/td><td>Maria Victoria Almuni Balada<\/td><td>Alcaldessa &#8211; Presidenta<\/td><td>Governaci\u00f3 i Cultura.<\/td><td>17.06.2023<\/td><td>Endavant la S\u00e9nia-ERC-Acord Municipal (ES-ERC-AM)<\/td><\/tr><tr><td><img loading=\"lazy\" decoding=\"async\" width=\"150\" height=\"222\" class=\"wp-image-3753\" style=\"width: 150px;\" src=\"https:\/\/lasenia.cat\/web\/wp-content\/uploads\/2023\/06\/arturo-1.jpg\" alt=\"\" srcset=\"https:\/\/lasenia.cat\/web\/wp-content\/uploads\/2023\/06\/arturo-1.jpg 367w, https:\/\/lasenia.cat\/web\/wp-content\/uploads\/2023\/06\/arturo-1-203x300.jpg 203w\" sizes=\"auto, (max-width: 150px) 100vw, 150px\" \/><\/td><td>Artur Mart\u00ednez Hern\u00e1ndez<\/td><td>1r Tinent<br>d&#8217;alcaldia<\/td><td>Hisenda, Mitjans de comunicaci\u00f3, Administraci\u00f3 general i bon govern<\/td><td>17.06.2023<\/td><td>Alternativa Senienca (AS)<\/td><\/tr><tr><td><img loading=\"lazy\" decoding=\"async\" width=\"150\" height=\"197\" class=\"wp-image-3741\" style=\"width: 150px;\" src=\"https:\/\/lasenia.cat\/web\/wp-content\/uploads\/2023\/06\/victor.jpg\" alt=\"\" srcset=\"https:\/\/lasenia.cat\/web\/wp-content\/uploads\/2023\/06\/victor.jpg 365w, https:\/\/lasenia.cat\/web\/wp-content\/uploads\/2023\/06\/victor-229x300.jpg 229w\" sizes=\"auto, (max-width: 150px) 100vw, 150px\" \/><\/td><td>V\u00edctor Revert\u00e9 Querol<\/td><td>2n Tinent d&#8217;alcaldia<\/td><td>Serveis municipals, Medi ambient, Agricultura i ramaderia.<\/td><td>17.06.2023<\/td><td>Endavant la S\u00e9nia-ERC-Acord Municipal (ES-ERC-AM)<\/td><\/tr><tr><td><img loading=\"lazy\" decoding=\"async\" width=\"150\" height=\"197\" class=\"wp-image-593\" style=\"width: 150px;\" src=\"https:\/\/lasenia.cat\/web\/wp-content\/uploads\/2020\/12\/susanaq-ls.jpg\" alt=\"\" srcset=\"https:\/\/lasenia.cat\/web\/wp-content\/uploads\/2020\/12\/susanaq-ls.jpg 366w, https:\/\/lasenia.cat\/web\/wp-content\/uploads\/2020\/12\/susanaq-ls-229x300.jpg 229w\" sizes=\"auto, (max-width: 150px) 100vw, 150px\" \/><\/td><td>Susanna Querol Gavald\u00e0<\/td><td>3a Tinent d&#8217;alcaldia<\/td><td>Inf\u00e0ncia, Ensenyament i Festes majors.<\/td><td>17.06.2023<\/td><td>Endavant la S\u00e9nia-ERC-Acord Municipal (ES-ERC-AM)<\/td><\/tr><tr><td><img loading=\"lazy\" decoding=\"async\" width=\"150\" height=\"197\" class=\"wp-image-3742\" style=\"width: 150px;\" src=\"https:\/\/lasenia.cat\/web\/wp-content\/uploads\/2023\/06\/ruben.jpg\" alt=\"\" srcset=\"https:\/\/lasenia.cat\/web\/wp-content\/uploads\/2023\/06\/ruben.jpg 367w, https:\/\/lasenia.cat\/web\/wp-content\/uploads\/2023\/06\/ruben-228x300.jpg 228w\" sizes=\"auto, (max-width: 150px) 100vw, 150px\" \/><\/td><td>Rub\u00e9n Cervera Rodr\u00edguez<br><\/td><td>4t Tinent d&#8217;alcaldia<\/td><td>Urbanisme, Turisme, Comer\u00e7, ind\u00fastria i empresa<\/td><td>17.06.2023<\/td><td>Endavant la S\u00e9nia-ERC-Acord Municipal (ES-ERC-AM)<\/td><\/tr><tr><td><img loading=\"lazy\" decoding=\"async\" width=\"150\" height=\"197\" class=\"wp-image-3743\" style=\"width: 150px;\" src=\"https:\/\/lasenia.cat\/web\/wp-content\/uploads\/2023\/06\/merce.jpg\" alt=\"\" srcset=\"https:\/\/lasenia.cat\/web\/wp-content\/uploads\/2023\/06\/merce.jpg 367w, https:\/\/lasenia.cat\/web\/wp-content\/uploads\/2023\/06\/merce-228x300.jpg 228w\" sizes=\"auto, (max-width: 150px) 100vw, 150px\" \/><\/td><td>Merc\u00e8 Carb\u00f3 Gasc\u00f3<\/td><td>Regidora<\/td><td>\u00c0rea de les Persones, Personal, Salut i Festes populars.<\/td><td>17.06.2023<\/td><td>Endavant la S\u00e9nia-ERC-Acord Municipal (ES-ERC-AM)<\/td><\/tr><tr><td><img loading=\"lazy\" decoding=\"async\" width=\"150\" height=\"197\" class=\"wp-image-3744\" style=\"width: 150px;\" src=\"https:\/\/lasenia.cat\/web\/wp-content\/uploads\/2023\/06\/andrea.jpg\" alt=\"\" srcset=\"https:\/\/lasenia.cat\/web\/wp-content\/uploads\/2023\/06\/andrea.jpg 365w, https:\/\/lasenia.cat\/web\/wp-content\/uploads\/2023\/06\/andrea-229x300.jpg 229w\" sizes=\"auto, (max-width: 150px) 100vw, 150px\" \/><\/td><td>Andrea Dom\u00e8nech Resa<\/td><td>Regidora<\/td><td>Esports, Joventut i Ocupaci\u00f3.<\/td><td>17.06.2023<\/td><td>Alternativa Senienca (AS)<\/td><\/tr><tr><td><img loading=\"lazy\" decoding=\"async\" width=\"150\" height=\"197\" class=\"wp-image-3745\" style=\"width: 150px;\" src=\"https:\/\/lasenia.cat\/web\/wp-content\/uploads\/2023\/06\/joan.jpg\" alt=\"\" srcset=\"https:\/\/lasenia.cat\/web\/wp-content\/uploads\/2023\/06\/joan.jpg 367w, https:\/\/lasenia.cat\/web\/wp-content\/uploads\/2023\/06\/joan-228x300.jpg 228w\" sizes=\"auto, (max-width: 150px) 100vw, 150px\" \/><\/td><td>Joan Mois\u00e9s Revert\u00e9<\/td><td>Regidor<\/td><td>&#8211;<\/td><td>17.06.2023<\/td><td>Futur per la S\u00e9nia (FS-MTE-C)<\/td><\/tr><tr><td><img loading=\"lazy\" decoding=\"async\" width=\"150\" height=\"198\" class=\"wp-image-3746\" style=\"width: 150px;\" src=\"https:\/\/lasenia.cat\/web\/wp-content\/uploads\/2023\/06\/marisa.jpg\" alt=\"\" srcset=\"https:\/\/lasenia.cat\/web\/wp-content\/uploads\/2023\/06\/marisa.jpg 366w, https:\/\/lasenia.cat\/web\/wp-content\/uploads\/2023\/06\/marisa-228x300.jpg 228w\" sizes=\"auto, (max-width: 150px) 100vw, 150px\" \/><\/td><td>Maria Luisa C\u00e1bez S\u00e1nchez<\/td><td>Regidora<\/td><td>&#8211;<\/td><td>17.06.2023<\/td><td>Futur per la S\u00e9nia (FS-MTE-C)<\/td><\/tr><tr><td><img loading=\"lazy\" decoding=\"async\" width=\"150\" height=\"197\" class=\"wp-image-3747\" style=\"width: 150px;\" src=\"https:\/\/lasenia.cat\/web\/wp-content\/uploads\/2023\/06\/robert.jpg\" alt=\"\" srcset=\"https:\/\/lasenia.cat\/web\/wp-content\/uploads\/2023\/06\/robert.jpg 365w, https:\/\/lasenia.cat\/web\/wp-content\/uploads\/2023\/06\/robert-229x300.jpg 229w\" sizes=\"auto, (max-width: 150px) 100vw, 150px\" \/><\/td><td>Robert Benet Verge<\/td><td>Regidor<\/td><td>&#8211;<\/td><td>17.06.2023<\/td><td>Futur per la S\u00e9nia (FS-MTE-C)<\/td><\/tr><tr><td><img loading=\"lazy\" decoding=\"async\" width=\"150\" height=\"197\" class=\"wp-image-585\" style=\"width: 150px;\" src=\"https:\/\/lasenia.cat\/web\/wp-content\/uploads\/2020\/12\/laia-sanz-ls.jpg\" alt=\"\" srcset=\"https:\/\/lasenia.cat\/web\/wp-content\/uploads\/2020\/12\/laia-sanz-ls.jpg 366w, https:\/\/lasenia.cat\/web\/wp-content\/uploads\/2020\/12\/laia-sanz-ls-229x300.jpg 229w\" sizes=\"auto, (max-width: 150px) 100vw, 150px\" \/><\/td><td>Laia Sanz Mascl\u00e0ns<\/td><td>Regidora<\/td><td>&#8211;<\/td><td>17.06.2023<\/td><td>Futur per la S\u00e9nia (FS-MTE-C)<\/td><\/tr><tr><td><img loading=\"lazy\" decoding=\"async\" width=\"150\" height=\"197\" class=\"wp-image-559\" style=\"width: 150px;\" src=\"https:\/\/lasenia.cat\/web\/wp-content\/uploads\/2020\/11\/pau-garcia.jpg\" alt=\"\" srcset=\"https:\/\/lasenia.cat\/web\/wp-content\/uploads\/2020\/11\/pau-garcia.jpg 366w, https:\/\/lasenia.cat\/web\/wp-content\/uploads\/2020\/11\/pau-garcia-229x300.jpg 229w\" sizes=\"auto, (max-width: 150px) 100vw, 150px\" \/><\/td><td>Pau Garcia Bel<\/td><td>Regidor<\/td><td>&#8211;<\/td><td>17.06.2023<\/td><td>Futur per la S\u00e9nia (FS-MTE-C)<\/td><\/tr><tr><td><img loading=\"lazy\" decoding=\"async\" width=\"150\" height=\"197\" class=\"wp-image-3748\" style=\"width: 150px;\" src=\"https:\/\/lasenia.cat\/web\/wp-content\/uploads\/2023\/06\/lidia.jpg\" alt=\"\" srcset=\"https:\/\/lasenia.cat\/web\/wp-content\/uploads\/2023\/06\/lidia.jpg 364w, https:\/\/lasenia.cat\/web\/wp-content\/uploads\/2023\/06\/lidia-228x300.jpg 228w\" sizes=\"auto, (max-width: 150px) 100vw, 150px\" \/><\/td><td>Lidia Ferr\u00e9 Ferr\u00e9<\/td><td>Regidora<\/td><td>&#8211;<\/td><td>17.06.2023<\/td><td>Socialistes de Catalunya-Candidatura de Progr\u00e9s (PSC-CP)<\/td><\/tr><\/tbody><\/table><\/figure>\n\n\n","protected":false},"excerpt":{"rendered":"<p>Nom C\u00e0rrec Regidories Data nomenament Grup Maria Victoria Almuni Balada Alcaldessa &#8211; Presidenta Governaci\u00f3 i Cultura. 17.06.2023 Endavant la S\u00e9nia-ERC-Acord<\/p>\n","protected":false},"author":1,"featured_media":0,"parent":0,"menu_order":0,"comment_status":"closed","ping_status":"closed","template":"","meta":{"colormag_page_container_layout":"no_sidebar_full_width","colormag_page_sidebar_layout":"no_sidebar","footnotes":""},"class_list":["post-556","page","type-page","status-publish","hentry"],"_links":{"self":[{"href":"https:\/\/lasenia.cat\/web\/wp-json\/wp\/v2\/pages\/556","targetHints":{"allow":["GET"]}}],"collection":[{"href":"https:\/\/lasenia.cat\/web\/wp-json\/wp\/v2\/pages"}],"about":[{"href":"https:\/\/lasenia.cat\/web\/wp-json\/wp\/v2\/types\/page"}],"author":[{"embeddable":true,"href":"https:\/\/lasenia.cat\/web\/wp-json\/wp\/v2\/users\/1"}],"replies":[{"embeddable":true,"href":"https:\/\/lasenia.cat\/web\/wp-json\/wp\/v2\/comments?post=556"}],"version-history":[{"count":11,"href":"https:\/\/lasenia.cat\/web\/wp-json\/wp\/v2\/pages\/556\/revisions"}],"predecessor-version":[{"id":3762,"href":"https:\/\/lasenia.cat\/web\/wp-json\/wp\/v2\/pages\/556\/revisions\/3762"}],"wp:attachment":[{"href":"https:\/\/lasenia.cat\/web\/wp-json\/wp\/v2\/media?parent=556"}],"curies":[{"name":"wp","href":"https:\/\/api.w.org\/{rel}","templated":true}]}}