{"id":553,"date":"2020-11-15T20:10:28","date_gmt":"2020-11-15T19:10:28","guid":{"rendered":"http:\/\/lasenia.cat\/web\/?page_id=553"},"modified":"2023-06-28T08:27:27","modified_gmt":"2023-06-28T07:27:27","slug":"historic-alcaldia","status":"publish","type":"page","link":"https:\/\/lasenia.cat\/web\/historic-alcaldia\/","title":{"rendered":"Hist\u00f2ric d&#8217;alcaldia"},"content":{"rendered":"\n<div class=\"wp-block-group alignfull is-layout-flow wp-block-group-is-layout-flow\">\n<figure class=\"wp-block-table is-style-regular\"><table class=\"has-fixed-layout\"><tbody><tr><td>Jos\u00e9 Ramon Bellaub\u00ed Caballer<\/td><td>2019-2023<\/td><\/tr><tr><td>Joan Mois\u00e9s Revert\u00e9<\/td><td>2015-2019<\/td><\/tr><tr><td>Marutxi Ballester Ferreres<\/td><td>2011-2015<\/td><\/tr><tr><td>V\u00edctor Pla Cervera<\/td><td>2007-2011<\/td><\/tr><tr><td>Victor Pla Cervera<\/td><td>2003-2007<\/td><\/tr><tr><td>Julio Allepuz Querol<\/td><td>1999-2003<\/td><\/tr><tr><td>Josep Marti Gisbert<\/td><td>1995-1999<\/td><\/tr><tr><td>Victor M. Gimeno Sanz<\/td><td>1991-1995<\/td><\/tr><tr><td>Jose Marti Gisbert<\/td><td>1987-1991<\/td><\/tr><tr><td>Victor Manuel Gimeno Sanz<\/td><td>1983-1987<\/td><\/tr><tr><td>Victor Manuel Gimeno Sanz<\/td><td>1979-1983<\/td><\/tr><\/tbody><\/table><\/figure>\n<\/div>\n","protected":false},"excerpt":{"rendered":"<p>Jos\u00e9 Ramon Bellaub\u00ed Caballer 2019-2023 Joan Mois\u00e9s Revert\u00e9 2015-2019 Marutxi Ballester Ferreres 2011-2015 V\u00edctor Pla Cervera 2007-2011 Victor Pla Cervera<\/p>\n","protected":false},"author":1,"featured_media":0,"parent":0,"menu_order":0,"comment_status":"closed","ping_status":"closed","template":"","meta":{"colormag_page_container_layout":"default_layout","colormag_page_sidebar_layout":"default_layout","footnotes":""},"class_list":["post-553","page","type-page","status-publish","hentry"],"_links":{"self":[{"href":"https:\/\/lasenia.cat\/web\/wp-json\/wp\/v2\/pages\/553","targetHints":{"allow":["GET"]}}],"collection":[{"href":"https:\/\/lasenia.cat\/web\/wp-json\/wp\/v2\/pages"}],"about":[{"href":"https:\/\/lasenia.cat\/web\/wp-json\/wp\/v2\/types\/page"}],"author":[{"embeddable":true,"href":"https:\/\/lasenia.cat\/web\/wp-json\/wp\/v2\/users\/1"}],"replies":[{"embeddable":true,"href":"https:\/\/lasenia.cat\/web\/wp-json\/wp\/v2\/comments?post=553"}],"version-history":[{"count":3,"href":"https:\/\/lasenia.cat\/web\/wp-json\/wp\/v2\/pages\/553\/revisions"}],"predecessor-version":[{"id":3738,"href":"https:\/\/lasenia.cat\/web\/wp-json\/wp\/v2\/pages\/553\/revisions\/3738"}],"wp:attachment":[{"href":"https:\/\/lasenia.cat\/web\/wp-json\/wp\/v2\/media?parent=553"}],"curies":[{"name":"wp","href":"https:\/\/api.w.org\/{rel}","templated":true}]}}