{"id":5513,"date":"2024-07-29T13:29:17","date_gmt":"2024-07-29T12:29:17","guid":{"rendered":"https:\/\/lasenia.cat\/web\/?page_id=5513"},"modified":"2026-02-27T09:37:47","modified_gmt":"2026-02-27T08:37:47","slug":"agent-de-policia-agent07","status":"publish","type":"page","link":"https:\/\/lasenia.cat\/web\/agent-de-policia-agent07\/","title":{"rendered":"Agent de policia (AGENT07)"},"content":{"rendered":"\n<figure class=\"wp-block-table\"><table><thead><tr><th><strong>Grup<\/strong><\/th><th class=\"has-text-align-left\" data-align=\"left\"><strong>Procediment<\/strong><\/th><th class=\"has-text-align-left\" data-align=\"left\"><strong>Perfil<\/strong><\/th><th class=\"has-text-align-center\" data-align=\"center\"><strong>Places<\/strong><\/th><th class=\"has-text-align-center\" data-align=\"center\"><strong>Data BOPT<\/strong><\/th><th class=\"has-text-align-center\" data-align=\"center\"><strong>DATA BOE<\/strong><\/th><th class=\"has-text-align-center\" data-align=\"center\"><strong>Data DOGC<\/strong><\/th><\/tr><\/thead><tbody><tr><td>C1<\/td><td class=\"has-text-align-left\" data-align=\"left\">Concurs oposici\u00f3<\/td><td class=\"has-text-align-left\" data-align=\"left\">Funcionari<\/td><td class=\"has-text-align-center\" data-align=\"center\">1<\/td><td class=\"has-text-align-center\" data-align=\"center\">06.08.2024<\/td><td class=\"has-text-align-center\" data-align=\"center\">13.08.2024<\/td><td class=\"has-text-align-center\" data-align=\"center\">03.09.2024<\/td><\/tr><\/tbody><\/table><\/figure>\n\n\n\n<figure class=\"wp-block-table is-style-stripes\"><table class=\"has-black-color has-text-color has-link-color\"><tbody><tr><td class=\"has-text-align-left\" data-align=\"left\"><a href=\"https:\/\/www.diputaciodetarragona.cat\/ebop\/index.php?op=anunci&amp;id=7323&amp;ebop_any=2024\" data-type=\"link\" data-id=\"https:\/\/www.diputaciodetarragona.cat\/ebop\/index.php?op=anunci&amp;id=7323&amp;ebop_any=2024\" target=\"_blank\" rel=\"noreferrer noopener\">Anunci bases BOPT<\/a><\/td><\/tr><tr><td class=\"has-text-align-left\" data-align=\"left\"><a href=\"https:\/\/www.boe.es\/buscar\/doc.php?id=BOE-A-2024-16815\" data-type=\"link\" data-id=\"https:\/\/www.boe.es\/buscar\/doc.php?id=BOE-A-2024-16815\" target=\"_blank\" rel=\"noreferrer noopener\">Anunci BOE<\/a> <\/td><\/tr><tr><td class=\"has-text-align-left\" data-align=\"left\"><a href=\"https:\/\/dogc.gencat.cat\/ca\/document-del-dogc\/?documentId=993716\" data-type=\"link\" data-id=\"https:\/\/dogc.gencat.cat\/ca\/document-del-dogc\/?documentId=993716\" target=\"_blank\" rel=\"noreferrer noopener\">Anunci DOGC<\/a> <\/td><\/tr><tr><td class=\"has-text-align-left\" data-align=\"left\"><a href=\"https:\/\/lasenia.eadministracio.cat\/board\" data-type=\"link\" data-id=\"https:\/\/lasenia.eadministracio.cat\/board\">Llista provisional de persones admeses i excloses<\/a><\/td><\/tr><tr><td class=\"has-text-align-left\" data-align=\"left\"><a href=\"https:\/\/www.diputaciodetarragona.cat\/ebop\/index.php?op=anunci&amp;id=9715&amp;ebop_any=2024\" data-type=\"link\" data-id=\"https:\/\/www.diputaciodetarragona.cat\/ebop\/index.php?op=anunci&amp;id=9715&amp;ebop_any=2024\" target=\"_blank\" rel=\"noreferrer noopener\">Rectificaci\u00f3 bases BOPT<\/a><\/td><\/tr><tr><td class=\"has-text-align-left\" data-align=\"left\"><a href=\"https:\/\/lasenia.cat\/web\/wp-content\/uploads\/2025\/10\/Llista_def.pdf\" data-type=\"link\" data-id=\"https:\/\/lasenia.cat\/web\/wp-content\/uploads\/2025\/10\/Llista_def.pdf\" target=\"_blank\" rel=\"noreferrer noopener nofollow\">Llista definitiva de persones admeses i excloses, membres del tribunal i data de les proves<\/a><\/td><\/tr><tr><td class=\"has-text-align-left\" data-align=\"left\"><a href=\"https:\/\/lasenia.cat\/web\/wp-content\/uploads\/2024\/12\/ANUNCI_suspensio_temp_opos.pdf\" data-type=\"link\" data-id=\"https:\/\/lasenia.cat\/web\/wp-content\/uploads\/2024\/12\/ANUNCI_suspensio_temp_opos.pdf\" target=\"_blank\" rel=\"noreferrer noopener\">Anunci sobre la suspensi\u00f3 temporal del proc\u00e9s selectiu<\/a><\/td><\/tr><tr><td class=\"has-text-align-left\" data-align=\"left\"><a href=\"https:\/\/lasenia.cat\/web\/wp-content\/uploads\/2025\/06\/Anunci_prova_prac_concurs.pdf\" data-type=\"link\" data-id=\"https:\/\/lasenia.cat\/web\/wp-content\/uploads\/2025\/06\/Anunci_prova_prac_concurs.pdf\" target=\"_blank\" rel=\"noreferrer noopener\">Anunci sobre la prossecusi\u00f3 del proc\u00e9s selectiu, data de la prova pr\u00e0ctica, entrevista i valoraci\u00f3 de m\u00e8rits<\/a><\/td><\/tr><tr><td class=\"has-text-align-left\" data-align=\"left\"><a href=\"https:\/\/lasenia.cat\/web\/wp-content\/uploads\/2025\/10\/Prov_agent.pdf\" data-type=\"link\" data-id=\"https:\/\/lasenia.cat\/web\/wp-content\/uploads\/2025\/10\/Prov_agent.pdf\" target=\"_blank\" rel=\"noreferrer noopener\">Resultat provisional del proc\u00e9s de selecci\u00f3 (AGENT07)<\/a><\/td><\/tr><tr><td class=\"has-text-align-left\" data-align=\"left\"><a href=\"https:\/\/www.dipta.cat\/bopt\/web\/anunci\/349614\/nomenament-d-agent-de-la-policia-local-resolucio-d-alcaldia-num-2025-0000343-ajuntament-senia-la\" data-type=\"link\" data-id=\"https:\/\/www.dipta.cat\/bopt\/web\/anunci\/349614\/nomenament-d-agent-de-la-policia-local-resolucio-d-alcaldia-num-2025-0000343-ajuntament-senia-la\" target=\"_blank\" rel=\"noreferrer noopener\">Anunci nomenament BOPT de 26 d&#8217;agost de 2025 (CVE 2025-07530) <\/a><\/td><\/tr><\/tbody><\/table><\/figure>\n\n\n\n<p><\/p>\n\n\n\n<figure class=\"wp-block-table is-style-stripes\"><table><thead><tr><th class=\"has-text-align-left\" data-align=\"left\"><strong>DESENVOLUPAMENT DEL PROC\u00c9S DE SELECCI\u00d3<\/strong><\/th><\/tr><\/thead><tbody><tr><td class=\"has-text-align-left\" data-align=\"left\"><a href=\"https:\/\/lasenia.cat\/web\/wp-content\/uploads\/2024\/11\/Anunci_cultura.pdf\" data-type=\"link\" data-id=\"https:\/\/lasenia.cat\/web\/wp-content\/uploads\/2024\/11\/Anunci_cultura.pdf\" target=\"_blank\" rel=\"noreferrer noopener\">Resultat prova cultura<\/a><\/td><\/tr><tr><td class=\"has-text-align-left\" data-align=\"left\"><a href=\"https:\/\/lasenia.cat\/web\/wp-content\/uploads\/2024\/11\/Anunci-Teorica.pdf\" data-type=\"link\" data-id=\"https:\/\/lasenia.cat\/web\/wp-content\/uploads\/2024\/11\/Anunci-Teorica.pdf\">Resultat prova te\u00f2rica<\/a><\/td><\/tr><tr><td class=\"has-text-align-left\" data-align=\"left\"><a href=\"https:\/\/lasenia.cat\/web\/wp-content\/uploads\/2024\/11\/Anunci_aptitud_fisica.pdf\" data-type=\"link\" data-id=\"https:\/\/lasenia.cat\/web\/wp-content\/uploads\/2024\/11\/Anunci_aptitud_fisica.pdf\" target=\"_blank\" rel=\"noreferrer noopener\">Resultat prova d&#8217;aptitud f\u00edsica<\/a><\/td><\/tr><tr><td class=\"has-text-align-left\" data-align=\"left\"><a href=\"https:\/\/lasenia.cat\/web\/wp-content\/uploads\/2024\/11\/Anunci_psico.pdf\" data-type=\"link\" data-id=\"https:\/\/lasenia.cat\/web\/wp-content\/uploads\/2024\/11\/Anunci_psico.pdf\" target=\"_blank\" rel=\"noreferrer noopener\">Resultat psicot\u00e8cnic<\/a><\/td><\/tr><tr><td class=\"has-text-align-left\" data-align=\"left\"><a href=\"https:\/\/lasenia.cat\/web\/wp-content\/uploads\/2025\/06\/ANUNCIpracticahorarientrevistes.pdf\" data-type=\"link\" data-id=\"https:\/\/lasenia.cat\/web\/wp-content\/uploads\/2025\/06\/ANUNCIpracticahorarientrevistes.pdf\" target=\"_blank\" rel=\"noreferrer noopener\">Resultat prova pr\u00e0ctica<\/a> <\/td><\/tr><tr><td class=\"has-text-align-left\" data-align=\"left\"><a href=\"https:\/\/lasenia.cat\/web\/wp-content\/uploads\/2025\/07\/Concurs_AGENT07.pdf\" data-type=\"link\" data-id=\"https:\/\/lasenia.cat\/web\/wp-content\/uploads\/2025\/07\/Concurs_AGENT07.pdf\" target=\"_blank\" rel=\"noreferrer noopener\">Resultat fase de concurs (Entrevista i m\u00e8rits)<\/a><\/td><\/tr><\/tbody><\/table><\/figure>\n\n\n\n<p><\/p>\n","protected":false},"excerpt":{"rendered":"<p>Grup Procediment Perfil Places Data BOPT DATA BOE Data DOGC C1 Concurs oposici\u00f3 Funcionari 1 06.08.2024 13.08.2024 03.09.2024 Anunci bases<\/p>\n","protected":false},"author":3,"featured_media":0,"parent":0,"menu_order":0,"comment_status":"closed","ping_status":"closed","template":"","meta":{"colormag_page_container_layout":"no_sidebar_full_width","colormag_page_sidebar_layout":"no_sidebar","footnotes":""},"class_list":["post-5513","page","type-page","status-publish","hentry"],"_links":{"self":[{"href":"https:\/\/lasenia.cat\/web\/wp-json\/wp\/v2\/pages\/5513","targetHints":{"allow":["GET"]}}],"collection":[{"href":"https:\/\/lasenia.cat\/web\/wp-json\/wp\/v2\/pages"}],"about":[{"href":"https:\/\/lasenia.cat\/web\/wp-json\/wp\/v2\/types\/page"}],"author":[{"embeddable":true,"href":"https:\/\/lasenia.cat\/web\/wp-json\/wp\/v2\/users\/3"}],"replies":[{"embeddable":true,"href":"https:\/\/lasenia.cat\/web\/wp-json\/wp\/v2\/comments?post=5513"}],"version-history":[{"count":62,"href":"https:\/\/lasenia.cat\/web\/wp-json\/wp\/v2\/pages\/5513\/revisions"}],"predecessor-version":[{"id":8628,"href":"https:\/\/lasenia.cat\/web\/wp-json\/wp\/v2\/pages\/5513\/revisions\/8628"}],"wp:attachment":[{"href":"https:\/\/lasenia.cat\/web\/wp-json\/wp\/v2\/media?parent=5513"}],"curies":[{"name":"wp","href":"https:\/\/api.w.org\/{rel}","templated":true}]}}