{"id":548,"date":"2020-11-15T19:49:04","date_gmt":"2020-11-15T18:49:04","guid":{"rendered":"http:\/\/lasenia.cat\/web\/?page_id=548"},"modified":"2023-06-28T12:17:32","modified_gmt":"2023-06-28T11:17:32","slug":"salutacio-alcalde","status":"publish","type":"page","link":"https:\/\/lasenia.cat\/web\/salutacio-alcalde\/","title":{"rendered":"Salutaci\u00f3 de l&#8217;Alcaldessa"},"content":{"rendered":"\n<div class=\"wp-block-group is-layout-flow wp-block-group-is-layout-flow\">\n<div class=\"wp-block-columns is-layout-flex wp-container-core-columns-is-layout-28f84493 wp-block-columns-is-layout-flex\">\n<div class=\"wp-block-column is-layout-flow wp-block-column-is-layout-flow\" style=\"flex-basis:100%\">\n<div class=\"wp-block-group alignwide is-layout-flow wp-block-group-is-layout-flow\">\n<div class=\"wp-block-media-text alignwide is-stacked-on-mobile\"><figure class=\"wp-block-media-text__media\"><img loading=\"lazy\" decoding=\"async\" width=\"838\" height=\"837\" src=\"https:\/\/lasenia.cat\/web\/wp-content\/uploads\/2023\/06\/06_Foto-Viqui-Almuni.jpg\" alt=\"\" class=\"wp-image-3757 size-full\" srcset=\"https:\/\/lasenia.cat\/web\/wp-content\/uploads\/2023\/06\/06_Foto-Viqui-Almuni.jpg 838w, https:\/\/lasenia.cat\/web\/wp-content\/uploads\/2023\/06\/06_Foto-Viqui-Almuni-300x300.jpg 300w, https:\/\/lasenia.cat\/web\/wp-content\/uploads\/2023\/06\/06_Foto-Viqui-Almuni-150x150.jpg 150w, https:\/\/lasenia.cat\/web\/wp-content\/uploads\/2023\/06\/06_Foto-Viqui-Almuni-768x767.jpg 768w\" sizes=\"auto, (max-width: 838px) 100vw, 838px\" \/><\/figure><div class=\"wp-block-media-text__content\">\n<p>Benvinguts i benvingudes a la web de l\u2019Ajuntament de la S\u00e9nia.<\/p>\n\n\n\n<p>Aquesta p\u00e0gina \u00e9s una eina important per seguir fomentant la transpar\u00e8ncia al nostre poble. A m\u00e9s, tamb\u00e9 \u00e9s un punt de trobada molt important per con\u00e8ixer en profunditat La S\u00e9nia, les seves tradicions, festes i activitats di\u00e0ries.<\/p>\n\n\n\n<p><\/p>\n<\/div><\/div>\n<\/div>\n<\/div>\n<\/div>\n<\/div>\n\n\n\n<p><\/p>\n","protected":false},"excerpt":{"rendered":"<p>Benvinguts i benvingudes a la web de l\u2019Ajuntament de la S\u00e9nia. Aquesta p\u00e0gina \u00e9s una eina important per seguir fomentant<\/p>\n","protected":false},"author":1,"featured_media":0,"parent":0,"menu_order":0,"comment_status":"closed","ping_status":"closed","template":"","meta":{"colormag_page_container_layout":"no_sidebar_full_width","colormag_page_sidebar_layout":"no_sidebar","footnotes":""},"class_list":["post-548","page","type-page","status-publish","hentry"],"_links":{"self":[{"href":"https:\/\/lasenia.cat\/web\/wp-json\/wp\/v2\/pages\/548","targetHints":{"allow":["GET"]}}],"collection":[{"href":"https:\/\/lasenia.cat\/web\/wp-json\/wp\/v2\/pages"}],"about":[{"href":"https:\/\/lasenia.cat\/web\/wp-json\/wp\/v2\/types\/page"}],"author":[{"embeddable":true,"href":"https:\/\/lasenia.cat\/web\/wp-json\/wp\/v2\/users\/1"}],"replies":[{"embeddable":true,"href":"https:\/\/lasenia.cat\/web\/wp-json\/wp\/v2\/comments?post=548"}],"version-history":[{"count":5,"href":"https:\/\/lasenia.cat\/web\/wp-json\/wp\/v2\/pages\/548\/revisions"}],"predecessor-version":[{"id":3758,"href":"https:\/\/lasenia.cat\/web\/wp-json\/wp\/v2\/pages\/548\/revisions\/3758"}],"wp:attachment":[{"href":"https:\/\/lasenia.cat\/web\/wp-json\/wp\/v2\/media?parent=548"}],"curies":[{"name":"wp","href":"https:\/\/api.w.org\/{rel}","templated":true}]}}