{"id":541,"date":"2020-11-15T18:45:38","date_gmt":"2020-11-15T17:45:38","guid":{"rendered":"http:\/\/lasenia.cat\/web\/?page_id=541"},"modified":"2020-11-15T19:47:01","modified_gmt":"2020-11-15T18:47:01","slug":"competencies","status":"publish","type":"page","link":"https:\/\/lasenia.cat\/web\/competencies\/","title":{"rendered":"Compet\u00e8ncies"},"content":{"rendered":"\n<p>L\u2019Alcaldia presideix la Corporaci\u00f3 i ostenta les atribucions seg\u00fcents:<\/p>\n\n\n\n<ul class=\"wp-block-list\"><li>Dirigir el govern i l\u2019administraci\u00f3 municipal.<\/li><li>Representar a l\u2019Ajuntament.<\/li><li>Convocar i presidir les sessions del Ple, llevat dels sup\u00f2sits previstos en la Llei 7\/1985, i en la legislaci\u00f3 electoral general, de la Junta de Govern Local, i de qualssevol altres \u00f2rgans municipals quan aix\u00ed s\u2019estableixi en una disposici\u00f3 legal o reglament\u00e0ria, i decidir els empats amb vot de qualitat.<\/li><li>Dirigir, inspeccionar i impulsar els serveis i obres municipals.<\/li><li>Dictar bans.<\/li><li>El desenvolupament de la gesti\u00f3 econ\u00f2mica d\u2019acord amb el pressupost aprovat, disposar despeses dins dels l\u00edmits de la seva compet\u00e8ncia, concertar operacions de cr\u00e8dit, amb exclusi\u00f3 de les contemplades a l\u2019article 177.5 del Reial decret legislatiu 2\/2004, de 5 de mar\u00e7, pel qual s\u2019aprova el Text ref\u00f3s de la Llei reguladora de les hisendes locals, sempre que aquelles estiguin previstes en el pressupost i el seu import acumulat dins de cada exercici econ\u00f2mic no superi el 10% dels seus recursos ordinaris, llevat les de tresoreria que li corresponguin quan l\u2019import acumulat de les operacions vives en cada moment no superi el 15% dels ingressos corrents liquidats en l\u2019exercici anterior, ordenar pagaments i rendir comptes; tot aix\u00f2 de conformitat amb el que disposa el Reial decret legislatiu 2\/2004, de 5 de mar\u00e7, pel qual s\u2019aprova el Text ref\u00f3s de la Llei reguladora de les hisendes locals.<\/li><li>Aprovar l\u2019oferta d\u2019ocupaci\u00f3 p\u00fablica d\u2019acord amb el pressupost i la plantilla de personal aprovats pel Ple, aprovar les bases de les proves per a la selecci\u00f3 del personal i per als concursos de provisi\u00f3 de llocs de treball i distribuir les retribucions complement\u00e0ries que no siguin fixes i peri\u00f2diques.<\/li><li>Desenvolupar la direcci\u00f3 superior de tot el personal, i acordar el seu nomenament i sancions, inclosa la separaci\u00f3 del servei dels funcionaris\/ies de la Corporaci\u00f3 i l\u2019acomiadament del personal laboral, donant compte al Ple, en aquests dos \u00faltims casos, en la primera sessi\u00f3 que celebri.<\/li><li>Exercir la direcci\u00f3 de la policia municipal.<\/li><li>Les aprovacions dels instruments de planejament de desenvolupament del general no expressament atribu\u00efdes al Ple, aix\u00ed com la dels instruments de gesti\u00f3 urban\u00edstica i dels projectes d\u2019urbanitzaci\u00f3.<\/li><li>L\u2019exercici de les accions judicials i administratives i la defensa de l\u2019Ajuntament en les mat\u00e8ries de la seva compet\u00e8ncia, incl\u00fas quan les hagi delegat en un altre \u00f2rgan, i, en cas d\u2019urg\u00e8ncia, en mat\u00e8ries de la compet\u00e8ncia del Ple, en aquest sup\u00f2sit donant compte al mateix en la primera sessi\u00f3 que celebri per a la seva ratificaci\u00f3.<\/li><li>La iniciativa per a proposar al Ple la declaraci\u00f3 de lesivitat en mat\u00e8ries de la compet\u00e8ncia de l\u2019Alcaldia.<br>Adoptar personalment, i sota la seva responsabilitat, en cas de cat\u00e0strofe o d\u2019infortunis p\u00fablics o risc greu d\u2019aquests, les mesures necess\u00e0ries i adequades donant-ne compte immediat al Ple.<\/li><li>Sancionar les faltes de desobedi\u00e8ncia a la seva autoritat o per infracci\u00f3 de les ordenances municipals, llevat dels casos en que aquesta facultat estigui atribu\u00efda a altres \u00f2rgans.<\/li><li>Les contractacions i concessions de tota classe quan el seu import no superi el 10% dels recursos ordinaris del Pressupost ni, en qualsevol cas, els 6 milions d\u2019euros, incloses les de car\u00e0cter plurianual quan la seva durada no sigui superior a quatre anys, sempre que l\u2019import acumulat de totes les seves anualitats no superi ni el percentatge indicat, referit als recursos ordinaris del Pressupost del primer exercici, ni la quantia assenyalada.<\/li><li>L\u2019aprovaci\u00f3 dels projectes d\u2019obres i de serveis quan sigui competent per a la seva contractaci\u00f3 o concessi\u00f3 i estiguin previstos en el Pressupost.<\/li><li>L\u2019adquisici\u00f3 de b\u00e9ns i drets quan el seu valor no superi el 10% dels recursos ordinaris del pressupost ni els tres milions d\u2019euros, aix\u00ed com l\u2019alienaci\u00f3 del patrimoni que no superi el percentatge ni la quantia indicats en els seg\u00fcents sup\u00f2sits:<ul><li>La de b\u00e9ns immobles, sempre que estigui prevista en el Pressupost.<\/li><li>La de b\u00e9ns mobles, llevat dels declarats de valor hist\u00f2ric o art\u00edstic que la seva alienaci\u00f3 no es trobi prevista en el Pressupost.<\/li><\/ul><\/li><\/ul>\n\n\n\n<ul class=\"wp-block-list\"><li>L\u2019atorgament de les llic\u00e8ncies, llevat que les lleis sectorials ho atribueixin expressament al Ple o a la Junta de Govern Local.<\/li><li>Ordenar la publicaci\u00f3, execuci\u00f3 i fer complir els acords de l\u2019Ajuntament.<\/li><li>Les dem\u00e9s que expressament li atribueixin les lleis i aquelles que la legislaci\u00f3 de l\u2019Estat o de les comunitats aut\u00f2nomes assignin al municipi i no atribueixin a altres \u00f2rgans municipals.<\/li><\/ul>\n","protected":false},"excerpt":{"rendered":"<p>L\u2019Alcaldia presideix la Corporaci\u00f3 i ostenta les atribucions seg\u00fcents: Dirigir el govern i l\u2019administraci\u00f3 municipal. Representar a l\u2019Ajuntament. Convocar i<\/p>\n","protected":false},"author":1,"featured_media":0,"parent":0,"menu_order":0,"comment_status":"closed","ping_status":"closed","template":"","meta":{"colormag_page_container_layout":"no_sidebar_full_width","colormag_page_sidebar_layout":"no_sidebar","footnotes":""},"class_list":["post-541","page","type-page","status-publish","hentry"],"_links":{"self":[{"href":"https:\/\/lasenia.cat\/web\/wp-json\/wp\/v2\/pages\/541","targetHints":{"allow":["GET"]}}],"collection":[{"href":"https:\/\/lasenia.cat\/web\/wp-json\/wp\/v2\/pages"}],"about":[{"href":"https:\/\/lasenia.cat\/web\/wp-json\/wp\/v2\/types\/page"}],"author":[{"embeddable":true,"href":"https:\/\/lasenia.cat\/web\/wp-json\/wp\/v2\/users\/1"}],"replies":[{"embeddable":true,"href":"https:\/\/lasenia.cat\/web\/wp-json\/wp\/v2\/comments?post=541"}],"version-history":[{"count":1,"href":"https:\/\/lasenia.cat\/web\/wp-json\/wp\/v2\/pages\/541\/revisions"}],"predecessor-version":[{"id":542,"href":"https:\/\/lasenia.cat\/web\/wp-json\/wp\/v2\/pages\/541\/revisions\/542"}],"wp:attachment":[{"href":"https:\/\/lasenia.cat\/web\/wp-json\/wp\/v2\/media?parent=541"}],"curies":[{"name":"wp","href":"https:\/\/api.w.org\/{rel}","templated":true}]}}