{"id":5209,"date":"2024-05-22T13:14:00","date_gmt":"2024-05-22T12:14:00","guid":{"rendered":"https:\/\/lasenia.cat\/web\/?page_id=5209"},"modified":"2026-04-23T12:42:23","modified_gmt":"2026-04-23T10:42:23","slug":"resultats-de-les-convocatories-de-personal","status":"publish","type":"page","link":"https:\/\/lasenia.cat\/web\/resultats-de-les-convocatories-de-personal\/","title":{"rendered":"Resultats de les convocat\u00f2ries de personal"},"content":{"rendered":"\n<p>En aquest apartat podeu consultar els resultats dels processos de selecci\u00f3 ja resolts que s&#8217;han dut a terme a l&#8217;Ajuntament des de l&#8217;any 2022.<\/p>\n\n\n\n<p class=\"has-text-align-center has-white-color has-text-color has-background has-link-color has-medium-font-size wp-elements-dec2e32e142242463ff08ef08a4674f8\" style=\"background-color:#5aa184\"><strong>202<\/strong>6<\/p>\n\n\n\n<figure class=\"wp-block-table is-style-stripes has-medium-font-size\"><table><thead><tr><th class=\"has-text-align-left\" data-align=\"left\">Proc\u00e9s<\/th><th class=\"has-text-align-left\" data-align=\"left\">Codi pla\u00e7a<\/th><\/tr><\/thead><tbody><tr><td class=\"has-text-align-left\" data-align=\"left\"><a href=\"https:\/\/lasenia.cat\/web\/borsa-de-direccio-de-lleure\/\">Borsa de direcci\u00f3 de lleure 2026 <\/a>(En proc\u00e9s)<\/td><td class=\"has-text-align-left\" data-align=\"left\">BORSA DIRLLEU<\/td><\/tr><tr><td class=\"has-text-align-left\" data-align=\"left\"><a href=\"https:\/\/lasenia.cat\/web\/borsa-tecnics-ques-educadors-es\/\">Borsa t\u00e8cnics\/ques educadores (CFGS)<\/a> (En proc\u00e9s)<\/td><td class=\"has-text-align-left\" data-align=\"left\">BORSA TECEDU<\/td><\/tr><tr><td class=\"has-text-align-left\" data-align=\"left\"><a href=\"https:\/\/lasenia.cat\/web\/borsa-de-treball-de-monitoratge-de-lleure-2026\/\" target=\"_blank\" rel=\"noreferrer noopener\">Borsa de monitoratge de lleure 2026<\/a>  (En proc\u00e9s)<\/td><td class=\"has-text-align-left\" data-align=\"left\">BORSA MONLLEU<\/td><\/tr><tr><td class=\"has-text-align-left\" data-align=\"left\"><a href=\"https:\/\/lasenia.cat\/web\/enginer-a-de-camins-engcam01\/\" target=\"_blank\" rel=\"noreferrer noopener\">Enginyer\/a de camins<\/a>  (En proc\u00e9s)<\/td><td class=\"has-text-align-left\" data-align=\"left\">ENGCAM01<\/td><\/tr><tr><td class=\"has-text-align-left\" data-align=\"left\"><a href=\"https:\/\/lasenia.cat\/web\/tecnic-a-mig-de-gestio-administrativa\/\" target=\"_blank\" rel=\"noreferrer noopener\">T\u00e8cnic\/a mig de gesti\u00f3 administrativa<\/a> (En proc\u00e9s)<\/td><td class=\"has-text-align-left\" data-align=\"left\">TMGA02<\/td><\/tr><tr><td class=\"has-text-align-left\" data-align=\"left\"><a href=\"https:\/\/lasenia.cat\/web\/administratiu-va-de-gestio-admin06\/\" target=\"_blank\" rel=\"noreferrer noopener\">Administratiu\/va de gesti\u00f3<\/a> (En proc\u00e9s)<\/td><td class=\"has-text-align-left\" data-align=\"left\">ADMIN06<\/td><\/tr><tr><td class=\"has-text-align-left\" data-align=\"left\"><a href=\"https:\/\/lasenia.cat\/web\/borsa-educadors-es-borsa-educ01\/\" target=\"_blank\" rel=\"noreferrer noopener\">Borsa d\u2019educadores (mestres)<\/a> (En proc\u00e9s)<\/td><td class=\"has-text-align-left\" data-align=\"left\">BORSA EDUC01<\/td><\/tr><tr><td class=\"has-text-align-left\" data-align=\"left\"><a href=\"https:\/\/lasenia.cat\/web\/monitor-a-socorrista\/\" target=\"_blank\" rel=\"noreferrer noopener\">Monitor\/a socorrista<\/a><\/td><td class=\"has-text-align-left\" data-align=\"left\">MONISOC02<\/td><\/tr><tr><td class=\"has-text-align-left\" data-align=\"left\"><a href=\"https:\/\/lasenia.cat\/web\/coordinador-a-del-complex-esportiu\/\" target=\"_blank\" rel=\"noreferrer noopener\">Coordinador\/a esportiu\/va<\/a><\/td><td class=\"has-text-align-left\" data-align=\"left\">COORDESP01<\/td><\/tr><tr><td class=\"has-text-align-left\" data-align=\"left\"><a href=\"https:\/\/lasenia.cat\/web\/administratiu-va-de-gestio-admin05\/\" target=\"_blank\" rel=\"noreferrer noopener\">Administratiu\/va de gesti\u00f3<\/a><\/td><td class=\"has-text-align-left\" data-align=\"left\">ADMIN05<\/td><\/tr><tr><td class=\"has-text-align-left\" data-align=\"left\"><a href=\"https:\/\/lasenia.cat\/web\/borsa-de-treball-peons-de-brigada-2025\/\" target=\"_blank\" rel=\"noreferrer noopener\">Borsa de peons<\/a><\/td><td class=\"has-text-align-left\" data-align=\"left\">BORSA PEONS2025<\/td><\/tr><\/tbody><\/table><\/figure>\n\n\n\n<p class=\"has-text-align-center has-white-color has-text-color has-background has-link-color has-medium-font-size wp-elements-7790cc26ca976ad3a520f1cbce951491\" style=\"background-color:#5aa184\"><strong>2025<\/strong><\/p>\n\n\n\n<figure class=\"wp-block-table is-style-stripes has-small-font-size\"><table><thead><tr><th class=\"has-text-align-left\" data-align=\"left\">Proc\u00e9s<\/th><th class=\"has-text-align-left\" data-align=\"left\">Codi pla\u00e7a<\/th><\/tr><\/thead><tbody><tr><td class=\"has-text-align-left\" data-align=\"left\"><a href=\"https:\/\/lasenia.cat\/web\/tecnic-a-auxiliar-secretaria-contractacio\/\" data-type=\"link\" data-id=\"https:\/\/lasenia.cat\/web\/tecnic-a-auxiliar-secretaria-contractacio\/\" target=\"_blank\" rel=\"noreferrer noopener\">T\u00e8cnic\/a auxiliar secretaria-contractaci\u00f3<\/a><\/td><td class=\"has-text-align-left\" data-align=\"left\">JENP2025<\/td><\/tr><tr><td class=\"has-text-align-left\" data-align=\"left\"><a href=\"https:\/\/lasenia.cat\/web\/borsa-enginyers-es-tecnics-ques-2025\/\" data-type=\"link\" data-id=\"https:\/\/lasenia.cat\/web\/borsa-enginyers-es-tecnics-ques-2025\/\" target=\"_blank\" rel=\"noreferrer noopener\">Borsa d&#8217;enginyers\/res t\u00e8cnics<\/a><\/td><td class=\"has-text-align-left\" data-align=\"left\">BORSA ENGTEC<\/td><\/tr><tr><td class=\"has-text-align-left\" data-align=\"left\"><a href=\"https:\/\/lasenia.cat\/web\/director-a-del-complex-esportiu\/\" data-type=\"link\" data-id=\"https:\/\/lasenia.cat\/web\/director-a-del-complex-esportiu\/\" target=\"_blank\" rel=\"noreferrer noopener nofollow\">Director\/a esportiu\/va<\/a><\/td><td class=\"has-text-align-left\" data-align=\"left\">DIRESP01<\/td><\/tr><tr><td class=\"has-text-align-left\" data-align=\"left\"><a href=\"https:\/\/lasenia.cat\/web\/tecnic-a-dadministracio-general\/\" data-type=\"link\" data-id=\"https:\/\/lasenia.cat\/web\/tecnic-a-dadministracio-general\/\" target=\"_blank\" rel=\"noreferrer noopener\">T\u00e8cnic\/a d&#8217;administraci\u00f3 general<\/a><\/td><td class=\"has-text-align-left\" data-align=\"left\">TAG01<\/td><\/tr><tr><td class=\"has-text-align-left\" data-align=\"left\"><a href=\"https:\/\/lasenia.cat\/web\/agent-de-policia-agent07\/\" data-type=\"link\" data-id=\"https:\/\/lasenia.cat\/web\/agent-de-policia-agent07\/\" target=\"_blank\" rel=\"noreferrer noopener\">Agent de policia<\/a><\/td><td class=\"has-text-align-left\" data-align=\"left\">AGENT07<\/td><\/tr><tr><td class=\"has-text-align-left\" data-align=\"left\"><a href=\"https:\/\/lasenia.cat\/web\/operari-a-manteniment-complex-esportiu-opemant01\/\" data-type=\"link\" data-id=\"https:\/\/lasenia.cat\/web\/operari-a-manteniment-complex-esportiu-opemant01\/\" target=\"_blank\" rel=\"noreferrer noopener\">Operari\/a manteniment Complex esportiu<\/a><\/td><td class=\"has-text-align-left\" data-align=\"left\">OPEMANT01<\/td><\/tr><tr><td class=\"has-text-align-left\" data-align=\"left\"><a href=\"https:\/\/lasenia.cat\/web\/operari-a-de-neteja-openet06\/\" target=\"_blank\" rel=\"noreferrer noopener\">Operari\/a de neteja<\/a><\/td><td class=\"has-text-align-left\" data-align=\"left\">OPENET06<\/td><\/tr><tr><td class=\"has-text-align-left\" data-align=\"left\"><a href=\"https:\/\/lasenia.cat\/web\/peo-de-suport-addicional\/\" data-type=\"link\" data-id=\"https:\/\/lasenia.cat\/web\/peo-de-suport-addicional\/\" target=\"_blank\" rel=\"noreferrer noopener\">Pe\u00f3 de suport addicional<\/a><\/td><td class=\"has-text-align-left\" data-align=\"left\">PEOSA02<\/td><\/tr><tr><td class=\"has-text-align-left\" data-align=\"left\"><a href=\"https:\/\/lasenia.cat\/web\/borsa-de-borsa-de-monitors-i-monitores-de-lleure\/\" data-type=\"link\" data-id=\"https:\/\/lasenia.cat\/web\/borsa-de-borsa-de-monitors-i-monitores-de-lleure\/\" target=\"_blank\" rel=\"noreferrer noopener\">Actualitzaci\u00f3 borsa de monitors i monitores de lleure<\/a><\/td><td class=\"has-text-align-left\" data-align=\"left\">&#8211;<\/td><\/tr><tr><td class=\"has-text-align-left\" data-align=\"left\"><a href=\"https:\/\/lasenia.cat\/web\/borsa-de-directoris-i-directores-de-lleure-2024\/\" data-type=\"link\" data-id=\"https:\/\/lasenia.cat\/web\/borsa-de-directoris-i-directores-de-lleure-2024\/\" target=\"_blank\" rel=\"noreferrer noopener\">Actualitzaci\u00f3 borsa de directors i directores de lleure<\/a><\/td><td class=\"has-text-align-left\" data-align=\"left\">&#8211;<\/td><\/tr><tr><td class=\"has-text-align-left\" data-align=\"left\"><a href=\"https:\/\/lasenia.cat\/web\/enginyer-tecnic-engtec01\/\" target=\"_blank\" rel=\"noreferrer noopener\">Enginyer\/a t\u00e8cnic\/a<\/a> (Convocat\u00f2ria abril 2025)<\/td><td class=\"has-text-align-left\" data-align=\"left\">ENGTEC01<\/td><\/tr><tr><td class=\"has-text-align-left\" data-align=\"left\"><a href=\"https:\/\/lasenia.cat\/web\/borsa-dauxiliars-administratius-de-gestio\/\" data-type=\"link\" data-id=\"https:\/\/lasenia.cat\/web\/borsa-dauxiliars-administratius-de-gestio\/\" target=\"_blank\" rel=\"noreferrer noopener\">Borsa d&#8217;auxiliars de gesti\u00f3 administrativa<\/a><\/td><td class=\"has-text-align-left\" data-align=\"left\">&#8211;<\/td><\/tr><tr><td class=\"has-text-align-left\" data-align=\"left\"><a href=\"https:\/\/lasenia.cat\/web\/auxiliar-tecnic-a-dinformatica\/\" data-type=\"link\" data-id=\"https:\/\/lasenia.cat\/web\/auxiliar-tecnic-a-dinformatica\/\" target=\"_blank\" rel=\"noreferrer noopener\">Auxiliar t\u00e8cnic\/a d&#8217;inform\u00e0tica<\/a><\/td><td class=\"has-text-align-left\" data-align=\"left\">ATI01<\/td><\/tr><tr><td class=\"has-text-align-left\" data-align=\"left\"><a href=\"https:\/\/lasenia.cat\/web\/dinamitzador-a-del-pla-educatiu-dentorn\/\" target=\"_blank\" rel=\"noreferrer noopener\">Borsa de dinamitzadores del Pla educatiu d\u2019entorn<\/a><\/td><td class=\"has-text-align-left\" data-align=\"left\">PEE2024<\/td><\/tr><tr><td class=\"has-text-align-left\" data-align=\"left\"><a href=\"https:\/\/lasenia.cat\/web\/enginyer-a-tecnic-a-interi-na\/\" data-type=\"link\" data-id=\"https:\/\/lasenia.cat\/web\/enginyer-a-tecnic-a-interi-na\/\" target=\"_blank\" rel=\"noreferrer noopener\">Enginyer t\u00e8cnic<\/a> (Convocat\u00f2ria gener 2025)<\/td><td class=\"has-text-align-left\" data-align=\"left\">ENGTEC01<\/td><\/tr><tr><td class=\"has-text-align-left\" data-align=\"left\"><a href=\"https:\/\/lasenia.cat\/web\/tecnic-en-disseny-i-edicio-de-publicacions-jenp2025\/\" data-type=\"link\" data-id=\"https:\/\/lasenia.cat\/web\/tecnic-en-disseny-i-edicio-de-publicacions-jenp2025\/\" target=\"_blank\" rel=\"noreferrer noopener\">T\u00e8cnic en disseny i edici\u00f3 de publicacions<\/a> (Contracte subvencionat JENP2024)<\/td><td class=\"has-text-align-left\" data-align=\"left\">&#8211;<\/td><\/tr><\/tbody><\/table><\/figure>\n\n\n\n<p class=\"has-text-align-center has-white-color has-text-color has-background has-link-color has-small-font-size wp-elements-ca5297721ed27ec1aef225e9811457eb\" style=\"background-color:#5aa184\"><strong>2024<\/strong><\/p>\n\n\n\n<figure class=\"wp-block-table is-style-stripes has-small-font-size\"><table style=\"border-style:none;border-width:0px\"><thead><tr><th class=\"has-text-align-left\" data-align=\"left\">Proc\u00e9s<\/th><th class=\"has-text-align-left\" data-align=\"left\">Codi pla\u00e7a<\/th><\/tr><\/thead><tbody><tr><td class=\"has-text-align-left\" data-align=\"left\"><a href=\"https:\/\/lasenia.cat\/web\/borsa-de-borsa-de-monitors-i-monitores-de-lleure\/\" data-type=\"link\" data-id=\"https:\/\/lasenia.cat\/web\/borsa-de-borsa-de-monitors-i-monitores-de-lleure\/\" target=\"_blank\" rel=\"noreferrer noopener\">Borsa de monitors i monitores de lleure<\/a><\/td><td class=\"has-text-align-left\" data-align=\"left\">&#8211;<\/td><\/tr><tr><td class=\"has-text-align-left\" data-align=\"left\"><a href=\"https:\/\/lasenia.cat\/web\/borsa-de-directoris-i-directores-de-lleure-2024\/\" target=\"_blank\" rel=\"noreferrer noopener\">Borsa de directors i directores de lleure<\/a><\/td><td class=\"has-text-align-left\" data-align=\"left\">&#8211;<\/td><\/tr><tr><td class=\"has-text-align-left\" data-align=\"left\"><a href=\"https:\/\/lasenia.cat\/web\/oficial-de-neteja-viaria-ofnetv01\/\">Oficial neteja vi\u00e0ria<\/a><\/td><td class=\"has-text-align-left\" data-align=\"left\">OFNET01<\/td><\/tr><tr><td class=\"has-text-align-left\" data-align=\"left\"><a href=\"https:\/\/lasenia.cat\/web\/operari-a-de-neteja-openet01\/\">Operari\/a de neteja<\/a><\/td><td class=\"has-text-align-left\" data-align=\"left\">OPENET01<\/td><\/tr><tr><td class=\"has-text-align-left\" data-align=\"left\"><a href=\"https:\/\/lasenia.cat\/web\/auxiliar-de-gestio-administrativa-consurs-oposicio\/\">Auxiliar de gesti\u00f3 administrativa<\/a><\/td><td class=\"has-text-align-left\" data-align=\"left\">AUX-OPO<\/td><\/tr><tr><td class=\"has-text-align-left\" data-align=\"left\"><a href=\"https:\/\/lasenia.cat\/web\/auxiliar-de-gestio-administrativa-concurs\/\">Auxiliar de gesti\u00f3 administrativa<\/a><\/td><td class=\"has-text-align-left\" data-align=\"left\">AUXAD-CONCURS<\/td><\/tr><tr><td class=\"has-text-align-left\" data-align=\"left\"><a href=\"https:\/\/lasenia.cat\/web\/oficial-de-jardineria-ofijar01\/\">Oficial jardineria<\/a><\/td><td class=\"has-text-align-left\" data-align=\"left\">OFIJAR01<\/td><\/tr><tr><td class=\"has-text-align-left\" data-align=\"left\"><a href=\"https:\/\/lasenia.cat\/web\/director-a-de-biblioteca\/\" data-type=\"link\" data-id=\"https:\/\/lasenia.cat\/web\/director-a-de-biblioteca\/\" target=\"_blank\" rel=\"noreferrer noopener\">Directora de Biblioteca<\/a><\/td><td class=\"has-text-align-left\" data-align=\"left\">DIRBIBLI01<\/td><\/tr><tr><td class=\"has-text-align-left\" data-align=\"left\"><a href=\"https:\/\/lasenia.cat\/web\/oficial-polivalent-ofipol01\/\">Oficial polivalent<\/a><\/td><td class=\"has-text-align-left\" data-align=\"left\">OFIPOL01<\/td><\/tr><tr><td class=\"has-text-align-left\" data-align=\"left\"><a href=\"https:\/\/lasenia.cat\/web\/monitor-socorrista-2\/\" data-type=\"link\" data-id=\"https:\/\/lasenia.cat\/web\/monitor-socorrista-2\/\">Monitor\/a socorrista<\/a><\/td><td class=\"has-text-align-left\" data-align=\"left\">MONISOC01<\/td><\/tr><tr><td class=\"has-text-align-left\" data-align=\"left\"><a href=\"https:\/\/lasenia.cat\/web\/oficial-fontaneria-ofifont01\/\">Oficial fontaneria<\/a><\/td><td class=\"has-text-align-left\" data-align=\"left\">OFIFONT01<\/td><\/tr><\/tbody><\/table><\/figure>\n\n\n\n<p class=\"has-text-align-center has-white-color has-text-color has-background has-link-color has-small-font-size wp-elements-987672f5e0fcad179954b426e11d7ad5\" style=\"background-color:#5aa184\"><strong>2023<\/strong><\/p>\n\n\n\n<figure class=\"wp-block-table is-style-stripes has-small-font-size\"><table><thead><tr><th class=\"has-text-align-left\" data-align=\"left\">Proc\u00e9s<\/th><th class=\"has-text-align-left\" data-align=\"left\">Codi pla\u00e7a<\/th><\/tr><\/thead><tbody><tr><td class=\"has-text-align-left\" data-align=\"left\"><a href=\"https:\/\/lasenia.cat\/web\/enginyer-a-tecnic-a-engte01\/\">Enginyer t\u00e8cnic<\/a><\/td><td class=\"has-text-align-left\" data-align=\"left\">ENGTE01<\/td><\/tr><tr><td class=\"has-text-align-left\" data-align=\"left\"><a href=\"https:\/\/lasenia.cat\/web\/arquitecte-a-tecnic-a-arqte01\/\">Arquitecta t\u00e8nica<\/a><\/td><td class=\"has-text-align-left\" data-align=\"left\">ARQUTE01<\/td><\/tr><tr><td class=\"has-text-align-left\" data-align=\"left\"><a href=\"https:\/\/lasenia.cat\/web\/tecnic-a-mig-en-gestio-administrativa\/\">T\u00e8cnica mitjana en gesti\u00f3 administrativa<\/a><\/td><td class=\"has-text-align-left\" data-align=\"left\">TMGA01<\/td><\/tr><tr><td class=\"has-text-align-left\" data-align=\"left\"><a href=\"https:\/\/lasenia.cat\/web\/peo-de-brigada-de-serveis-municipals-peo01-peo02\/\" target=\"_blank\" rel=\"noreferrer noopener\">Pe\u00f3 de brigada <\/a><\/td><td class=\"has-text-align-left\" data-align=\"left\">PEONS<\/td><\/tr><tr><td class=\"has-text-align-left\" data-align=\"left\"><a href=\"https:\/\/lasenia.cat\/web\/director-a-llar-dinfants-dirllar01\/\">Directora de la Llar d&#8217;infants<\/a><\/td><td class=\"has-text-align-left\" data-align=\"left\">DIRLLAR01<\/td><\/tr><tr><td class=\"has-text-align-left\" data-align=\"left\"><a href=\"https:\/\/lasenia.cat\/web\/conserge-dinstallacions-municipals-conserg01\/\">Conserge d&#8217;instal.lacions municipals<\/a><\/td><td class=\"has-text-align-left\" data-align=\"left\">CONSERG01<\/td><\/tr><tr><td class=\"has-text-align-left\" data-align=\"left\"><a href=\"https:\/\/lasenia.cat\/web\/peo-de-suport-addicional-peosa01\/\">Pe\u00f3 de suport addicional<\/a><\/td><td class=\"has-text-align-left\" data-align=\"left\">PEOSA01<\/td><\/tr><tr><td class=\"has-text-align-left\" data-align=\"left\"><a href=\"https:\/\/lasenia.cat\/web\/oficial-electricista-ofielec01\/\">Oficial electricista<\/a><\/td><td class=\"has-text-align-left\" data-align=\"left\">OFIELEC01<\/td><\/tr><tr><td class=\"has-text-align-left\" data-align=\"left\"><a href=\"https:\/\/lasenia.cat\/web\/tecnic-a-auxiliar-de-turisme-tat01\/\">T\u00e8cnica auxiliar de turisme<\/a><\/td><td class=\"has-text-align-left\" data-align=\"left\">TAT01<\/td><\/tr><tr><td class=\"has-text-align-left\" data-align=\"left\"><a href=\"https:\/\/lasenia.cat\/web\/peo-de-brigada-de-serveis-municipals-peo03\/\">Pe\u00f3 de brigada<\/a><\/td><td class=\"has-text-align-left\" data-align=\"left\">PEO03<\/td><\/tr><tr><td class=\"has-text-align-left\" data-align=\"left\"><a href=\"https:\/\/lasenia.cat\/web\/secretari-a-interventor-a-interinatge\/\" target=\"_blank\" rel=\"noreferrer noopener\">Secretaria intervenci\u00f3 (Interinatge)<\/a><\/td><td class=\"has-text-align-left\" data-align=\"left\">&#8211;<\/td><\/tr><tr><td class=\"has-text-align-left\" data-align=\"left\"><a href=\"https:\/\/lasenia.cat\/web\/tecnic-a-auxiliar-de-serveis-a-les-persones-tasp01\/\">T\u00e8cnic auxiliar de servei a les persones<\/a><\/td><td class=\"has-text-align-left\" data-align=\"left\">TASP01<\/td><\/tr><tr><td class=\"has-text-align-left\" data-align=\"left\"><a href=\"https:\/\/lasenia.cat\/web\/tecnic-a-educador-a-llar-dinfants-tecedu04\/\">T\u00e8cnica educadora llar d&#8217;infants<\/a><\/td><td class=\"has-text-align-left\" data-align=\"left\">TECEDU04<\/td><\/tr><tr><td class=\"has-text-align-left\" data-align=\"left\"><a href=\"https:\/\/lasenia.cat\/web\/operari-a-de-neteja\/\" target=\"_blank\" rel=\"noreferrer noopener\">Oper\u00e0ria de neteja (Subvenci\u00f3 foment ocupaci\u00f3 2023)<\/a><\/td><td class=\"has-text-align-left\" data-align=\"left\">&#8211;<\/td><\/tr><tr><td class=\"has-text-align-left\" data-align=\"left\"><a href=\"https:\/\/lasenia.cat\/web\/oficial-electricista-ofielec02\/\">Oficial electricista<\/a><\/td><td class=\"has-text-align-left\" data-align=\"left\">OFIELEC02<\/td><\/tr><tr><td class=\"has-text-align-left\" data-align=\"left\"><a href=\"https:\/\/lasenia.cat\/web\/borsa-de-treball-dadministratius-ves-de-gestio\/\" target=\"_blank\" rel=\"noreferrer noopener\">Borsa d&#8217;administratius\/ves de gesti\u00f3<\/a> (No vigent)<\/td><td class=\"has-text-align-left\" data-align=\"left\">&#8211;<\/td><\/tr><tr><td class=\"has-text-align-left\" data-align=\"left\"><a href=\"https:\/\/lasenia.cat\/web\/borsa-de-treball-peons-brigada\/\">Borsa de treball peons de brigada<\/a> (No vigent)<\/td><td class=\"has-text-align-left\" data-align=\"left\">&#8211;<\/td><\/tr><tr><td class=\"has-text-align-left\" data-align=\"left\"><a href=\"https:\/\/lasenia.cat\/web\/borsa-de-treball-tencics-ques-educadors-es-llar-infants\/\" target=\"_blank\" rel=\"noreferrer noopener\">Borsa de t\u00e8cniques educadores llar infants<\/a><\/td><td class=\"has-text-align-left\" data-align=\"left\">&#8211;<\/td><\/tr><tr><td class=\"has-text-align-left\" data-align=\"left\"><a href=\"https:\/\/lasenia.cat\/web\/2024\/02\/22\/projecte-joves-en-practiques-2023\/\" target=\"_blank\" rel=\"noreferrer noopener\">T\u00e8cnic de manteniment d&#8217;equipaments (JOVES-PR\u00c0CTIQUES)<\/a><\/td><td class=\"has-text-align-left\" data-align=\"left\">&#8211;<\/td><\/tr><tr><td class=\"has-text-align-left\" data-align=\"left\"><a href=\"https:\/\/lasenia.cat\/web\/provisio-no-definitiva-del-lloc-de-secretaria-intervencio\/\" target=\"_blank\" rel=\"noreferrer noopener\">Nomenament provisional secretaria intervenci\u00f3<\/a><\/td><td class=\"has-text-align-left\" data-align=\"left\">&#8211;<\/td><\/tr><\/tbody><\/table><\/figure>\n\n\n\n<p class=\"has-text-align-center has-white-color has-text-color has-background has-link-color has-small-font-size wp-elements-71456c1d35a0f689a0f22ab2e1295781\" style=\"background-color:#5aa184\"><strong>2022<\/strong><\/p>\n\n\n\n<figure class=\"wp-block-table is-style-stripes has-small-font-size\"><table><thead><tr><th class=\"has-text-align-left\" data-align=\"left\">Proc\u00e9s<\/th><th>Codi pla\u00e7a<\/th><\/tr><\/thead><tbody><tr><td class=\"has-text-align-left\" data-align=\"left\"><a href=\"https:\/\/lasenia.cat\/web\/borsa-de-treball-dagents-de-la-policia-local-2022\/\">Borsa de treball d&#8217;agents de la Policia local<\/a> (No vigent)<\/td><td>&#8211;<\/td><\/tr><tr><td class=\"has-text-align-left\" data-align=\"left\"><a href=\"https:\/\/lasenia.cat\/web\/borsa-de-treball-monitors-i-monitores-de-lleure\/\">Borsa de monitors i monitores de lleure<\/a> <\/td><td>&#8211;<\/td><\/tr><tr><td class=\"has-text-align-left\" data-align=\"left\"><a href=\"https:\/\/lasenia.cat\/web\/borsa-de-treball-operaris-es-de-neteja\/\" target=\"_blank\" rel=\"noreferrer noopener\">Borsa operaris\/es de neteja<\/a><\/td><td>&#8211;<\/td><\/tr><\/tbody><\/table><\/figure>\n","protected":false},"excerpt":{"rendered":"<p>En aquest apartat podeu consultar els resultats dels processos de selecci\u00f3 ja resolts que s&#8217;han dut a terme a l&#8217;Ajuntament<\/p>\n","protected":false},"author":3,"featured_media":0,"parent":0,"menu_order":0,"comment_status":"closed","ping_status":"closed","template":"","meta":{"colormag_page_container_layout":"no_sidebar_content_centered","colormag_page_sidebar_layout":"no_sidebar","footnotes":""},"class_list":["post-5209","page","type-page","status-publish","hentry"],"_links":{"self":[{"href":"https:\/\/lasenia.cat\/web\/wp-json\/wp\/v2\/pages\/5209","targetHints":{"allow":["GET"]}}],"collection":[{"href":"https:\/\/lasenia.cat\/web\/wp-json\/wp\/v2\/pages"}],"about":[{"href":"https:\/\/lasenia.cat\/web\/wp-json\/wp\/v2\/types\/page"}],"author":[{"embeddable":true,"href":"https:\/\/lasenia.cat\/web\/wp-json\/wp\/v2\/users\/3"}],"replies":[{"embeddable":true,"href":"https:\/\/lasenia.cat\/web\/wp-json\/wp\/v2\/comments?post=5209"}],"version-history":[{"count":73,"href":"https:\/\/lasenia.cat\/web\/wp-json\/wp\/v2\/pages\/5209\/revisions"}],"predecessor-version":[{"id":8952,"href":"https:\/\/lasenia.cat\/web\/wp-json\/wp\/v2\/pages\/5209\/revisions\/8952"}],"wp:attachment":[{"href":"https:\/\/lasenia.cat\/web\/wp-json\/wp\/v2\/media?parent=5209"}],"curies":[{"name":"wp","href":"https:\/\/api.w.org\/{rel}","templated":true}]}}