{"id":5152,"date":"2024-05-22T10:20:36","date_gmt":"2024-05-22T09:20:36","guid":{"rendered":"https:\/\/lasenia.cat\/web\/?page_id=5152"},"modified":"2024-10-31T09:55:29","modified_gmt":"2024-10-31T08:55:29","slug":"modificacions-pressupostaries","status":"publish","type":"page","link":"https:\/\/lasenia.cat\/web\/modificacions-pressupostaries\/","title":{"rendered":"Modificacions pressupost\u00e0ries"},"content":{"rendered":"\n<p><\/p>\n\n\n\n<figure class=\"wp-block-table is-style-stripes\"><table><tbody><tr><td class=\"has-text-align-left\" data-align=\"left\"><strong>EXERCICI 2024<\/strong><\/td><\/tr><tr><td class=\"has-text-align-left\" data-align=\"left\"><a href=\"https:\/\/lasenia.cat\/web\/wp-content\/uploads\/2024\/05\/MODCRED1-2024.pdf\" data-type=\"link\" data-id=\"https:\/\/lasenia.cat\/web\/wp-content\/uploads\/2024\/05\/MODCRED1-2024.pdf\" target=\"_blank\" rel=\"noreferrer noopener\">Modificaci\u00f3 de cr\u00e8dit n\u00fam. 1\/2024 per incorporaci\u00f3 de romanents<\/a><\/td><\/tr><tr><td class=\"has-text-align-left\" data-align=\"left\"><a href=\"https:\/\/lasenia.cat\/web\/wp-content\/uploads\/2024\/05\/MODCRED2-2024.pdf\" data-type=\"link\" data-id=\"https:\/\/lasenia.cat\/web\/wp-content\/uploads\/2024\/05\/MODCRED2-2024.pdf\" target=\"_blank\" rel=\"noreferrer noopener\">Modificaci\u00f3 de cr\u00e8dit n\u00fam. 2\/2024 per transfer\u00e8ncia de cr\u00e8dits<\/a><\/td><\/tr><tr><td class=\"has-text-align-left\" data-align=\"left\"><a href=\"https:\/\/lasenia.cat\/web\/wp-content\/uploads\/2024\/07\/MODCRED32024.pdf\" data-type=\"link\" data-id=\"https:\/\/lasenia.cat\/web\/wp-content\/uploads\/2024\/07\/MODCRED32024.pdf\" target=\"_blank\" rel=\"noreferrer noopener\">Modificaci\u00f3 de cr\u00e8dit n\u00fam. 3\/2024 per generaci\u00f3 de cr\u00e8dits<\/a><\/td><\/tr><tr><td class=\"has-text-align-left\" data-align=\"left\"><a href=\"https:\/\/lasenia.cat\/web\/wp-content\/uploads\/2024\/05\/MODCRED4-2024.pdf\" target=\"_blank\" rel=\"noreferrer noopener\">Modificaci\u00f3 de cr\u00e8dit n\u00fam. 4\/2024 per suplements i cr\u00e8dits extraordinaris<\/a><\/td><\/tr><tr><td class=\"has-text-align-left\" data-align=\"left\"><a href=\"https:\/\/lasenia.cat\/web\/wp-content\/uploads\/2024\/10\/MODCRED5-2024_compressed.pdf\" data-type=\"link\" data-id=\"https:\/\/lasenia.cat\/web\/wp-content\/uploads\/2024\/10\/MODCRED5-2024_compressed.pdf\" target=\"_blank\" rel=\"noreferrer noopener\">Modificaci\u00f3 de cr\u00e8dit n\u00fam. 5\/2024 per suplements i cr\u00e8dits extraordinaris<\/a><\/td><\/tr><\/tbody><\/table><\/figure>\n","protected":false},"excerpt":{"rendered":"<p>EXERCICI 2024 Modificaci\u00f3 de cr\u00e8dit n\u00fam. 1\/2024 per incorporaci\u00f3 de romanents Modificaci\u00f3 de cr\u00e8dit n\u00fam. 2\/2024 per transfer\u00e8ncia de cr\u00e8dits<\/p>\n","protected":false},"author":3,"featured_media":0,"parent":0,"menu_order":0,"comment_status":"closed","ping_status":"closed","template":"","meta":{"colormag_page_container_layout":"no_sidebar_full_width","colormag_page_sidebar_layout":"no_sidebar","footnotes":""},"class_list":["post-5152","page","type-page","status-publish","hentry"],"_links":{"self":[{"href":"https:\/\/lasenia.cat\/web\/wp-json\/wp\/v2\/pages\/5152","targetHints":{"allow":["GET"]}}],"collection":[{"href":"https:\/\/lasenia.cat\/web\/wp-json\/wp\/v2\/pages"}],"about":[{"href":"https:\/\/lasenia.cat\/web\/wp-json\/wp\/v2\/types\/page"}],"author":[{"embeddable":true,"href":"https:\/\/lasenia.cat\/web\/wp-json\/wp\/v2\/users\/3"}],"replies":[{"embeddable":true,"href":"https:\/\/lasenia.cat\/web\/wp-json\/wp\/v2\/comments?post=5152"}],"version-history":[{"count":8,"href":"https:\/\/lasenia.cat\/web\/wp-json\/wp\/v2\/pages\/5152\/revisions"}],"predecessor-version":[{"id":6003,"href":"https:\/\/lasenia.cat\/web\/wp-json\/wp\/v2\/pages\/5152\/revisions\/6003"}],"wp:attachment":[{"href":"https:\/\/lasenia.cat\/web\/wp-json\/wp\/v2\/media?parent=5152"}],"curies":[{"name":"wp","href":"https:\/\/api.w.org\/{rel}","templated":true}]}}