{"id":5143,"date":"2024-05-22T10:02:08","date_gmt":"2024-05-22T09:02:08","guid":{"rendered":"https:\/\/lasenia.cat\/web\/?page_id=5143"},"modified":"2025-01-03T09:37:46","modified_gmt":"2025-01-03T08:37:46","slug":"aprovacio-del-pressupost-exercici-2024","status":"publish","type":"page","link":"https:\/\/lasenia.cat\/web\/aprovacio-del-pressupost-exercici-2024\/","title":{"rendered":"Aprovaci\u00f3 del pressupost &#8211; Exercici 2024"},"content":{"rendered":"\n<figure class=\"wp-block-table is-style-stripes\"><table style=\"border-style:none;border-width:0px\"><tbody><tr><td class=\"has-text-align-left\" data-align=\"left\"><a href=\"https:\/\/www.diputaciodetarragona.cat\/ebop\/index.php?op=anunci&amp;id=47&amp;ebop_any=2024\" data-type=\"link\" data-id=\"https:\/\/www.diputaciodetarragona.cat\/ebop\/index.php?op=anunci&amp;id=47&amp;ebop_any=2024\" target=\"_blank\" rel=\"noreferrer noopener\">Anunci BOPT d\u2019aprovaci\u00f3 inicial del pressupost 2024<\/a><\/td><td class=\"has-text-align-center\" data-align=\"center\">03.01.2024<\/td><\/tr><tr><td class=\"has-text-align-left\" data-align=\"left\"><a href=\"https:\/\/lasenia.cat\/web\/2024\/01\/03\/aprovacio-inicial-del-pressupost-de-lajuntament-de-la-senia-per-al-2024\/\" data-type=\"link\" data-id=\"https:\/\/lasenia.cat\/web\/2024\/01\/03\/aprovacio-inicial-del-pressupost-de-lajuntament-de-la-senia-per-al-2024\/\" target=\"_blank\" rel=\"noreferrer noopener\">Not\u00edcia aprovaci\u00f3 inicial del pressupost 2024<\/a><\/td><td class=\"has-text-align-center\" data-align=\"center\">03.01.2024<\/td><\/tr><tr><td class=\"has-text-align-left\" data-align=\"left\"><a href=\"https:\/\/www.diputaciodetarragona.cat\/ebop\/index.php?op=anunci&amp;id=868&amp;ebop_any=2024\" data-type=\"link\" data-id=\"https:\/\/www.diputaciodetarragona.cat\/ebop\/index.php?op=anunci&amp;id=868&amp;ebop_any=2024\" target=\"_blank\" rel=\"noreferrer noopener\">Anunci BOPT d\u2019aprovaci\u00f3 definitiva del pressupost 2024<\/a><\/td><td class=\"has-text-align-center\" data-align=\"center\">30.01.2024<\/td><\/tr><tr><td class=\"has-text-align-left\" data-align=\"left\"><a href=\"https:\/\/dogc.gencat.cat\/ca\/document-del-dogc\/?documentId=978462\" data-type=\"link\" data-id=\"https:\/\/dogc.gencat.cat\/ca\/document-del-dogc\/?documentId=978462\" target=\"_blank\" rel=\"noreferrer noopener\">Anunci DOGC d\u2019aprovaci\u00f3 definitiva del pressupost 2024<\/a><\/td><td class=\"has-text-align-center\" data-align=\"center\">13.02.2024<\/td><\/tr><tr><td class=\"has-text-align-left\" data-align=\"left\"><a href=\"https:\/\/lasenia.eadministracio.cat\/transparency\/2596004d-b77b-4f7c-ac24-b95331797010\/\" data-type=\"link\" data-id=\"https:\/\/lasenia.eadministracio.cat\/transparency\/2596004d-b77b-4f7c-ac24-b95331797010\/\" target=\"_blank\" rel=\"noreferrer noopener\">Expedient pressupost 2024<\/a><\/td><td class=\"has-text-align-center\" data-align=\"center\"><\/td><\/tr><\/tbody><\/table><\/figure>\n","protected":false},"excerpt":{"rendered":"<p>Anunci BOPT d\u2019aprovaci\u00f3 inicial del pressupost 2024 03.01.2024 Not\u00edcia aprovaci\u00f3 inicial del pressupost 2024 03.01.2024 Anunci BOPT d\u2019aprovaci\u00f3 definitiva del<\/p>\n","protected":false},"author":6,"featured_media":0,"parent":0,"menu_order":0,"comment_status":"closed","ping_status":"closed","template":"","meta":{"colormag_page_container_layout":"no_sidebar_full_width","colormag_page_sidebar_layout":"no_sidebar","footnotes":""},"class_list":["post-5143","page","type-page","status-publish","hentry"],"_links":{"self":[{"href":"https:\/\/lasenia.cat\/web\/wp-json\/wp\/v2\/pages\/5143","targetHints":{"allow":["GET"]}}],"collection":[{"href":"https:\/\/lasenia.cat\/web\/wp-json\/wp\/v2\/pages"}],"about":[{"href":"https:\/\/lasenia.cat\/web\/wp-json\/wp\/v2\/types\/page"}],"author":[{"embeddable":true,"href":"https:\/\/lasenia.cat\/web\/wp-json\/wp\/v2\/users\/6"}],"replies":[{"embeddable":true,"href":"https:\/\/lasenia.cat\/web\/wp-json\/wp\/v2\/comments?post=5143"}],"version-history":[{"count":10,"href":"https:\/\/lasenia.cat\/web\/wp-json\/wp\/v2\/pages\/5143\/revisions"}],"predecessor-version":[{"id":6306,"href":"https:\/\/lasenia.cat\/web\/wp-json\/wp\/v2\/pages\/5143\/revisions\/6306"}],"wp:attachment":[{"href":"https:\/\/lasenia.cat\/web\/wp-json\/wp\/v2\/media?parent=5143"}],"curies":[{"name":"wp","href":"https:\/\/api.w.org\/{rel}","templated":true}]}}