{"id":5123,"date":"2024-05-22T09:08:14","date_gmt":"2024-05-22T08:08:14","guid":{"rendered":"https:\/\/lasenia.cat\/web\/?page_id=5123"},"modified":"2026-03-06T11:49:10","modified_gmt":"2026-03-06T10:49:10","slug":"periode-mitja-de-pagament-a-proveidors-pmp","status":"publish","type":"page","link":"https:\/\/lasenia.cat\/web\/periode-mitja-de-pagament-a-proveidors-pmp\/","title":{"rendered":"Per\u00edode mitj\u00e0 de pagament a prove\u00efdors (PMP)"},"content":{"rendered":"\n<p>El <strong>Per\u00edode Mitj\u00e0 de Pagament a Prove\u00efdors (PMP)<\/strong> \u00e9s un indicador que mesura els <strong>dies que tarda l&#8217;Ajuntament a pagar les factures als seus prove\u00efdors<\/strong>, \u00e9s a dir, quant temps passa des que es rep o es valida un servei fins que s\u2019efectua el pagament real. Aquest indicador \u00e9s essencial per garantir la <strong>transpar\u00e8ncia<\/strong>, el <strong>control de la morositat<\/strong> i la <strong>sostenibilitat financera<\/strong> del sector p\u00fablic.<\/p>\n\n\n\n<figure class=\"wp-block-table is-style-stripes\"><table><tbody><tr><td class=\"has-text-align-left\" data-align=\"left\"><strong>INFORMES DE MOROSITAT &#8211; EXERCICI 2025<\/strong><\/td><\/tr><tr><td class=\"has-text-align-left\" data-align=\"left\"><a href=\"https:\/\/lasenia.cat\/web\/wp-content\/uploads\/2026\/03\/MOT1RTRIM2025.pdf\" data-type=\"link\" data-id=\"https:\/\/lasenia.cat\/web\/wp-content\/uploads\/2026\/03\/MOT1RTRIM2025.pdf\" target=\"_blank\" rel=\"noreferrer noopener\">Informe de morositat &#8211; 1r trimestre de 2025<\/a><\/td><\/tr><tr><td class=\"has-text-align-left\" data-align=\"left\"><a href=\"https:\/\/lasenia.cat\/web\/wp-content\/uploads\/2026\/03\/MOT2NTRIM2025.pdf\" data-type=\"link\" data-id=\"https:\/\/lasenia.cat\/web\/wp-content\/uploads\/2026\/03\/MOT2NTRIM2025.pdf\" target=\"_blank\" rel=\"noreferrer noopener\">Informe de morositat &#8211; 2n trimestre de 2025<\/a><\/td><\/tr><tr><td class=\"has-text-align-left\" data-align=\"left\"><a href=\"https:\/\/lasenia.cat\/web\/wp-content\/uploads\/2026\/03\/MOT3RTRIM2025.pdf\" data-type=\"link\" data-id=\"https:\/\/lasenia.cat\/web\/wp-content\/uploads\/2026\/03\/MOT3RTRIM2025.pdf\" target=\"_blank\" rel=\"noreferrer noopener\">Informe de morositat &#8211; 3r trimestre de 2025<\/a><\/td><\/tr><tr><td class=\"has-text-align-left\" data-align=\"left\"><a href=\"https:\/\/lasenia.cat\/web\/wp-content\/uploads\/2026\/03\/MOT4TTRIM2025.pdf\" data-type=\"link\" data-id=\"https:\/\/lasenia.cat\/web\/wp-content\/uploads\/2026\/03\/MOT4TTRIM2025.pdf\" target=\"_blank\" rel=\"noreferrer noopener\">Informe de morositat &#8211; 4t trimestre de 2025<\/a><\/td><\/tr><\/tbody><\/table><\/figure>\n\n\n\n<figure class=\"wp-block-table is-style-stripes\"><table><tbody><tr><td class=\"has-text-align-left\" data-align=\"left\"><strong>INFORMES DE MOROSITAT &#8211; EXERCICI 2024<\/strong><\/td><\/tr><tr><td class=\"has-text-align-left\" data-align=\"left\"><a href=\"https:\/\/lasenia.cat\/web\/wp-content\/uploads\/2024\/10\/morositat1rtrim2024.pdf\" data-type=\"link\" data-id=\"https:\/\/lasenia.cat\/web\/wp-content\/uploads\/2024\/10\/morositat1rtrim2024.pdf\" target=\"_blank\" rel=\"noreferrer noopener\">Informe de morositat &#8211; 1r trimestre de 2024<\/a><\/td><\/tr><tr><td class=\"has-text-align-left\" data-align=\"left\"><a href=\"https:\/\/lasenia.cat\/web\/wp-content\/uploads\/2024\/10\/morositat2ntrim2024.pdf\" data-type=\"link\" data-id=\"https:\/\/lasenia.cat\/web\/wp-content\/uploads\/2024\/10\/morositat2ntrim2024.pdf\" target=\"_blank\" rel=\"noreferrer noopener\">Informe de morositat &#8211; 2n trimestre de 2024<\/a><\/td><\/tr><tr><td class=\"has-text-align-left\" data-align=\"left\"><a href=\"https:\/\/lasenia.cat\/web\/wp-content\/uploads\/2026\/03\/MOT3RTRIM2024.pdf\" data-type=\"link\" data-id=\"https:\/\/lasenia.cat\/web\/wp-content\/uploads\/2026\/03\/MOT3RTRIM2024.pdf\" target=\"_blank\" rel=\"noreferrer noopener\">Informe de morositat &#8211; 3r trimestre de 2024<\/a><\/td><\/tr><tr><td class=\"has-text-align-left\" data-align=\"left\"><a href=\"https:\/\/lasenia.cat\/web\/wp-content\/uploads\/2026\/03\/MOT4TTRIM2024.pdf\" data-type=\"link\" data-id=\"https:\/\/lasenia.cat\/web\/wp-content\/uploads\/2026\/03\/MOT4TTRIM2024.pdf\" target=\"_blank\" rel=\"noreferrer noopener\">Informe de morositat &#8211; 4t trimestre de 2024<\/a><\/td><\/tr><\/tbody><\/table><\/figure>\n\n\n\n<figure class=\"wp-block-table is-style-stripes\"><table><tbody><tr><td class=\"has-text-align-left\" data-align=\"left\"><strong>INFORMES DE MOROSITAT &#8211; EXERCICI 2023<\/strong><\/td><\/tr><tr><td class=\"has-text-align-left\" data-align=\"left\">Informe de morositat &#8211; 1r trimestre de 2023<\/td><\/tr><tr><td class=\"has-text-align-left\" data-align=\"left\"><a href=\"https:\/\/lasenia.cat\/web\/wp-content\/uploads\/2026\/03\/MOT2NTRIM2023.pdf\" data-type=\"link\" data-id=\"https:\/\/lasenia.cat\/web\/wp-content\/uploads\/2026\/03\/MOT2NTRIM2023.pdf\" target=\"_blank\" rel=\"noreferrer noopener\">Informe de morositat &#8211; 2n trimestre de 2023<\/a><\/td><\/tr><tr><td class=\"has-text-align-left\" data-align=\"left\"><a href=\"https:\/\/lasenia.cat\/web\/wp-content\/uploads\/2026\/03\/MOT3rTRIM2023.pdf\" data-type=\"link\" data-id=\"https:\/\/lasenia.cat\/web\/wp-content\/uploads\/2026\/03\/MOT3rTRIM2023.pdf\" target=\"_blank\" rel=\"noreferrer noopener\">Informe de morositat &#8211; 3r trimestre de 2023<\/a><\/td><\/tr><tr><td class=\"has-text-align-left\" data-align=\"left\"><a href=\"https:\/\/lasenia.cat\/web\/wp-content\/uploads\/2024\/05\/morositat4ttrim2023.pdf\" data-type=\"link\" data-id=\"https:\/\/lasenia.cat\/web\/wp-content\/uploads\/2024\/05\/morositat4ttrim2023.pdf\" target=\"_blank\" rel=\"noreferrer noopener\">Informe de morositat &#8211; 4t trimestre de 2023<\/a><\/td><\/tr><\/tbody><\/table><\/figure>\n\n\n\n<figure class=\"wp-block-table is-style-stripes\"><table><tbody><tr><td class=\"has-text-align-left\" data-align=\"left\"><strong>PORTAL DE TRANSPAR\u00c8NCIA<\/strong><\/td><\/tr><tr><td class=\"has-text-align-left\" data-align=\"left\"><a href=\"https:\/\/seu-e.cat\/ca\/web\/lasenia\/govern-obert-i-transparencia\/gestio-economica\/gestio-economica\/periode-mitja-de-pagament-a-proveidors\" data-type=\"link\" data-id=\"https:\/\/seu-e.cat\/ca\/web\/lasenia\/govern-obert-i-transparencia\/gestio-economica\/gestio-economica\/periode-mitja-de-pagament-a-proveidors\" target=\"_blank\" rel=\"noreferrer noopener\">Evoluci\u00f3 Per\u00edode Mitj\u00e0 de Pagament a Prove\u00efdors (PMP)<\/a><\/td><\/tr><\/tbody><\/table><\/figure>\n","protected":false},"excerpt":{"rendered":"<p>El Per\u00edode Mitj\u00e0 de Pagament a Prove\u00efdors (PMP) \u00e9s un indicador que mesura els dies que tarda l&#8217;Ajuntament a pagar<\/p>\n","protected":false},"author":3,"featured_media":0,"parent":0,"menu_order":0,"comment_status":"closed","ping_status":"closed","template":"","meta":{"colormag_page_container_layout":"no_sidebar_full_width","colormag_page_sidebar_layout":"no_sidebar","footnotes":""},"class_list":["post-5123","page","type-page","status-publish","hentry"],"_links":{"self":[{"href":"https:\/\/lasenia.cat\/web\/wp-json\/wp\/v2\/pages\/5123","targetHints":{"allow":["GET"]}}],"collection":[{"href":"https:\/\/lasenia.cat\/web\/wp-json\/wp\/v2\/pages"}],"about":[{"href":"https:\/\/lasenia.cat\/web\/wp-json\/wp\/v2\/types\/page"}],"author":[{"embeddable":true,"href":"https:\/\/lasenia.cat\/web\/wp-json\/wp\/v2\/users\/3"}],"replies":[{"embeddable":true,"href":"https:\/\/lasenia.cat\/web\/wp-json\/wp\/v2\/comments?post=5123"}],"version-history":[{"count":14,"href":"https:\/\/lasenia.cat\/web\/wp-json\/wp\/v2\/pages\/5123\/revisions"}],"predecessor-version":[{"id":8731,"href":"https:\/\/lasenia.cat\/web\/wp-json\/wp\/v2\/pages\/5123\/revisions\/8731"}],"wp:attachment":[{"href":"https:\/\/lasenia.cat\/web\/wp-json\/wp\/v2\/media?parent=5123"}],"curies":[{"name":"wp","href":"https:\/\/api.w.org\/{rel}","templated":true}]}}