{"id":5010,"date":"2024-04-19T11:13:48","date_gmt":"2024-04-19T10:13:48","guid":{"rendered":"https:\/\/lasenia.cat\/web\/?page_id=5010"},"modified":"2025-10-15T13:19:43","modified_gmt":"2025-10-15T11:19:43","slug":"avis-legal","status":"publish","type":"page","link":"https:\/\/lasenia.cat\/web\/avis-legal\/","title":{"rendered":"Av\u00eds legal"},"content":{"rendered":"\n<ul class=\"wp-block-list\">\n<li><strong><u>INFORMACI\u00d3 DEL TITULAR\u00a0\u00a0<\/u><\/strong><\/li>\n<\/ul>\n\n\n\n<p><strong>L\u2019Ajuntament de la S\u00e9nia<\/strong><strong>&nbsp;<\/strong> \u00e9s el titular del domini <strong>https:\/\/lasenia.cat\/web\/&nbsp; <\/strong>amb CIF P4304500D amb domicili a C. Tortosa 1, 43560 La S\u00e9nia i correu d\u2019atenci\u00f3: <span class=\"link-color sendIt\">lasenia<img decoding=\"async\" class=\"inline-img\" style=\"max-height:2em\" src=\"https:\/\/lasenia.cat\/html\/images\/arroba.svg\" alt=\"@\">lasenia.cat<\/span><\/p>\n\n\n\n<p>Recomanem llegir atentament el present av\u00eds legal i altres pol\u00edtiques abans d\u2019utilitzar la nostra plataforma web.<\/p>\n\n\n\n<p>Qualsevol \u00fas d\u2019aquesta web implica l\u2019acceptaci\u00f3 de totes les condicions incloses en aquests i altres documents legals i la seva submissi\u00f3 a la legislaci\u00f3 espanyola en tot moment, renunciant expressament a qualsevol altre fur.&nbsp;&nbsp;&nbsp;<\/p>\n\n\n\n<ul class=\"wp-block-list\">\n<li><strong><u>GARANTIES I RESPONSABILITATS&nbsp;<\/u><\/strong><strong><u>&nbsp;<\/u><\/strong><\/li>\n<\/ul>\n\n\n\n<p><strong>L\u2019Ajuntament de la S\u00e9nia&nbsp;<\/strong> a trav\u00e9s de la seva p\u00e0gina web ofereix informaci\u00f3 sobre els seus serveis de forma gen\u00e8rica. La persona usu\u00e0ria que accedeix a la p\u00e0gina web, reconeix i accepta expressament de manera volunt\u00e0ria, la responsabilitat de l\u2019\u00fas d\u2019aquesta p\u00e0gina web i es compromet a no realitzar cap acte que pugui infringir la llei o les condicions establertes en aquests termes legals, en aquest cas podr\u00e0 comportar les corresponents responsabilitats legalment establertes.&nbsp;&nbsp;<\/p>\n\n\n\n<p><strong>L\u2019Ajuntament de la S\u00e9nia&nbsp;<\/strong> es reserva el dret a efectuar, en qualsevol moment i sense necessitat de previ av\u00eds, modificacions i actualitzacions de la informaci\u00f3 continguda a la web, de la seva configuraci\u00f3 i presentaci\u00f3 i de les condicions generals, aix\u00ed com d\u2019eliminar informaci\u00f3 o suspendre temporalment l&#8217;accessibilitat al web.&nbsp;&nbsp;<\/p>\n\n\n\n<p><strong>L\u2019Ajuntament de la S\u00e9nia&nbsp; <\/strong>no pot garantir:&nbsp;&nbsp;<\/p>\n\n\n\n<ul class=\"wp-block-list\">\n<li>La inexist\u00e8ncia d\u2019interrupcions o errors en l\u2019acc\u00e9s a la web o al seu contingut, ni es fa responsable de possibles problemes t\u00e8cnics que es puguin produir durant la connexi\u00f3 a Internet. Tanmateix, no es fa responsable dels danys que es puguin derivar d\u2019interfer\u00e8ncies, omissions o virus inform\u00e0tics motivats per causes alienes al titular de la web, aix\u00ed com de danys causats per terceres persones mitjan\u00e7ant intromissions il\u00b7leg\u00edtimes o danys al sistema inform\u00e0tic fora del control del titular de la web.&nbsp;&nbsp;<\/li>\n<\/ul>\n\n\n\n<ul class=\"wp-block-list\">\n<li>L\u2019aplicaci\u00f3 de la seva Pol\u00edtica de Privacitat a accessos per mitj\u00e0 d\u2019enlla\u00e7os de tercers a aquesta web, ni a traves d\u2019enlla\u00e7os d\u2019aquesta web a altres webs. Tot enlla\u00e7 de tercers a aquesta web haur\u00e0 de fer-se a la seva p\u00e0gina principal o d\u2019entrada, pr\u00e8via autoritzaci\u00f3 i per escrit del titular i no es podr\u00e0 realitzar cap modificaci\u00f3, limitaci\u00f3 ni cap tipus de manifestaci\u00f3 sobre la web, havent d\u2019acomplir, tanmateix, amb la resta de previsions d\u2019aquesta normativa. En cas d\u2019existir enlla\u00e7os no supervisats per <strong>l\u2019Ajuntament de la S\u00e9nia&nbsp; <\/strong>no s&#8217;assumir\u00e0 responsabilitats sobre els enlla\u00e7os o continguts o conseq\u00fc\u00e8ncies de l\u2019\u00fas d&#8217;aquests enlla\u00e7os.&nbsp;<\/li>\n<\/ul>\n\n\n\n<ul class=\"wp-block-list\">\n<li><strong><u>&nbsp;PROPIETAT INTEL\u00b7LECTUAL<\/u><\/strong><strong><u>&nbsp;<\/u><\/strong>&nbsp;<\/li>\n<\/ul>\n\n\n\n<p>Aquesta web es regeix per les lleis espanyoles i per la legislaci\u00f3 nacional i internacional sobre propietat intel\u00b7lectual i industrial.&nbsp;<\/p>\n\n\n\n<p>Tots els continguts inclosos a la web (textos, continguts audiovisuals, codis font, disseny gr\u00e0fic, signes, logos, marques, bases de dades, programes inform\u00e0tics, edici\u00f3, programaci\u00f3, compilaci\u00f3 i altres elements i continguts necessaris per al seu funcionament) s\u00f3n propietat del titular de la mateixa. Els continguts que pugui contenir la web que no fossin de la seva titularitat, gaudeixen de l\u2019autoritzaci\u00f3 dels seus titulars per al seu \u00fas i comunicaci\u00f3 i estan protegides pels corresponents drets de propietat intel\u00b7lectual.&nbsp;<\/p>\n\n\n\n<p>Qualsevol \u00fas no autoritzat d\u2019aquests continguts ser\u00e0 considerat un incompliment dels drets de propietat intel\u00b7lectual o industrial i podr\u00e0 donar lloc a conseq\u00fc\u00e8ncies legals. La simple navegaci\u00f3 o \u00fas de la web no atorga en cap cas llic\u00e8ncia o cessi\u00f3 total o parcial de drets sobre els drets de propietat intel\u00b7lectual, quedant expressament prohibida qualsevol transmissi\u00f3, reproducci\u00f3, distribuci\u00f3, comunicaci\u00f3 p\u00fablica o transformaci\u00f3 total o parcial dels mateixos sense previ consentiment dels seus titulars.&nbsp;<\/p>\n\n\n\n<ul class=\"wp-block-list\">\n<li><strong><u>PRIVACITAT<\/u><\/strong><strong><u>&nbsp;<\/u><\/strong><\/li>\n<\/ul>\n\n\n\n<p><strong>L\u2019Ajuntament de la S\u00e9nia&nbsp; <\/strong>garanteix la confidencialitat de les dades personals que vost\u00e8 faciliti a la nostra plataforma i l\u2019aplicaci\u00f3 de les mesures de seguretat establertes per la normativa. Si vol con\u00e8ixer la nostra Pol\u00edtica de Privacitat faci <a href=\"https:\/\/lasenia.cat\/web\/politica-de-privacitat\/\" data-type=\"page\" data-id=\"5003\">clic aqu\u00ed<\/a>.<\/p>\n","protected":false},"excerpt":{"rendered":"<p>L\u2019Ajuntament de la S\u00e9nia&nbsp; \u00e9s el titular del domini https:\/\/lasenia.cat\/web\/&nbsp; amb CIF P4304500D amb domicili a C. Tortosa 1, 43560<\/p>\n","protected":false},"author":1,"featured_media":0,"parent":0,"menu_order":0,"comment_status":"closed","ping_status":"closed","template":"","meta":{"colormag_page_container_layout":"default_layout","colormag_page_sidebar_layout":"default_layout","footnotes":""},"class_list":["post-5010","page","type-page","status-publish","hentry"],"_links":{"self":[{"href":"https:\/\/lasenia.cat\/web\/wp-json\/wp\/v2\/pages\/5010","targetHints":{"allow":["GET"]}}],"collection":[{"href":"https:\/\/lasenia.cat\/web\/wp-json\/wp\/v2\/pages"}],"about":[{"href":"https:\/\/lasenia.cat\/web\/wp-json\/wp\/v2\/types\/page"}],"author":[{"embeddable":true,"href":"https:\/\/lasenia.cat\/web\/wp-json\/wp\/v2\/users\/1"}],"replies":[{"embeddable":true,"href":"https:\/\/lasenia.cat\/web\/wp-json\/wp\/v2\/comments?post=5010"}],"version-history":[{"count":5,"href":"https:\/\/lasenia.cat\/web\/wp-json\/wp\/v2\/pages\/5010\/revisions"}],"predecessor-version":[{"id":7866,"href":"https:\/\/lasenia.cat\/web\/wp-json\/wp\/v2\/pages\/5010\/revisions\/7866"}],"wp:attachment":[{"href":"https:\/\/lasenia.cat\/web\/wp-json\/wp\/v2\/media?parent=5010"}],"curies":[{"name":"wp","href":"https:\/\/api.w.org\/{rel}","templated":true}]}}