{"id":4714,"date":"2024-02-08T08:15:46","date_gmt":"2024-02-08T07:15:46","guid":{"rendered":"https:\/\/lasenia.cat\/web\/?page_id=4714"},"modified":"2025-06-04T08:34:28","modified_gmt":"2025-06-04T07:34:28","slug":"borsa-de-directoris-i-directores-de-lleure-2024","status":"publish","type":"page","link":"https:\/\/lasenia.cat\/web\/borsa-de-directoris-i-directores-de-lleure-2024\/","title":{"rendered":"Borsa de directors i directores de lleure (2024)"},"content":{"rendered":"\n<figure class=\"wp-block-table is-style-stripes\"><table><tbody><tr><td class=\"has-text-align-center\" data-align=\"center\"><strong>Grup<\/strong><\/td><td class=\"has-text-align-center\" data-align=\"center\"><strong>Tipus de procediment<\/strong><\/td><td class=\"has-text-align-center\" data-align=\"center\"><strong>Perfil<\/strong><\/td><td class=\"has-text-align-center\" data-align=\"center\"><strong>N\u00famero de places<\/strong><\/td><td class=\"has-text-align-center\" data-align=\"center\"><strong>Data BOPT<\/strong><\/td><td class=\"has-text-align-center\" data-align=\"center\"><strong>Data DOGC<\/strong><\/td><\/tr><tr><td class=\"has-text-align-center\" data-align=\"center\">C1<\/td><td class=\"has-text-align-center\" data-align=\"center\">Concurs de m\u00e8rits <\/td><td class=\"has-text-align-center\" data-align=\"center\">Laboral<\/td><td class=\"has-text-align-center\" data-align=\"center\">Borsa<\/td><td class=\"has-text-align-center\" data-align=\"center\">08.02.2024<\/td><td class=\"has-text-align-center\" data-align=\"center\">09.02.2024<\/td><\/tr><\/tbody><\/table><\/figure>\n\n\n\n<figure class=\"wp-block-table is-style-stripes\"><table><thead><tr><th class=\"has-text-align-left\" data-align=\"left\">ACTUALITZACI\u00d3 DE LA BORSA (2025)<\/th><\/tr><\/thead><tbody><tr><td class=\"has-text-align-left\" data-align=\"left\"><a href=\"https:\/\/www.diputaciodetarragona.cat\/ebop\/index.php?op=anunci&amp;id=1204&amp;ebop_any=2024\" data-type=\"link\" data-id=\"https:\/\/www.diputaciodetarragona.cat\/ebop\/index.php?op=anunci&amp;id=1204&amp;ebop_any=2024\">Anunci bases BOPT <\/a><\/td><\/tr><tr><td class=\"has-text-align-left\" data-align=\"left\"><a href=\"https:\/\/lasenia.cat\/web\/wp-content\/uploads\/2024\/04\/ANUNCI_Constitucio_borsadirlleu.pdf\" data-type=\"link\" data-id=\"https:\/\/lasenia.cat\/web\/wp-content\/uploads\/2024\/04\/ANUNCI_Constitucio_borsadirlleu.pdf\" target=\"_blank\" rel=\"noreferrer noopener\">Anunci constituci\u00f3 borsa de treball de direcci\u00f3 de lleure<\/a> (RA 2024-0388 de 25.04.2024)<\/td><\/tr><tr><td class=\"has-text-align-left\" data-align=\"left\"><a href=\"https:\/\/lasenia.cat\/web\/wp-content\/uploads\/2025\/04\/INFOBORSADIRLLEU.pdf\" data-type=\"link\" data-id=\"https:\/\/lasenia.cat\/web\/wp-content\/uploads\/2025\/04\/INFOBORSADIRLLEU.pdf\" target=\"_blank\" rel=\"noreferrer noopener\">Informaci\u00f3 sobre l&#8217;actualitzaci\u00f3 de la borsa de treball de directors i directores de lleure<\/a><\/td><\/tr><tr><td class=\"has-text-align-left\" data-align=\"left\"><mark style=\"background-color:rgba(0, 0, 0, 0)\" class=\"has-inline-color has-vivid-red-color\"><a href=\"https:\/\/lasenia.cat\/web\/wp-content\/uploads\/2025\/04\/ANUNCIActdirlleu.pdf\" data-type=\"link\" data-id=\"https:\/\/lasenia.cat\/web\/wp-content\/uploads\/2025\/04\/ANUNCIActdirlleu.pdf\" target=\"_blank\" rel=\"noreferrer noopener\">Anunci de l&#8217;actualitzaci\u00f3 de la borsa de treball de directors i directores de lleure<\/a><\/mark> <\/td><\/tr><tr><td class=\"has-text-align-left\" data-align=\"left\">Termini de presentaci\u00f3 d&#8217;inst\u00e0ncies  (Del 8 al 23 dabril de 2025, ambd\u00f3s inclosos) &#8211; <strong>FINALITZAT<\/strong><\/td><\/tr><tr><td class=\"has-text-align-left\" data-align=\"left\"><a href=\"https:\/\/lasenia.cat\/web\/wp-content\/uploads\/2025\/05\/ANUNCIprovaborsadirectorslleure.pdf\" data-type=\"link\" data-id=\"https:\/\/lasenia.cat\/web\/wp-content\/uploads\/2025\/05\/ANUNCIprovaborsadirectorslleure.pdf\" target=\"_blank\" rel=\"noreferrer noopener\">Llista provisional de persones admeses i excloses<\/a><\/td><\/tr><tr><td class=\"has-text-align-left\" data-align=\"left\">Termini de presentaci\u00f3 d&#8217;esmenes (Del 13 al 19 de maig de 2025, ambd\u00f3s inclosos) &#8211;<strong> FINALITZAT <\/strong><\/td><\/tr><tr><td class=\"has-text-align-left\" data-align=\"left\"><a href=\"https:\/\/lasenia.cat\/web\/wp-content\/uploads\/2025\/05\/LlistadefActuaborsadirlleure.pdf\" data-type=\"link\" data-id=\"https:\/\/lasenia.cat\/web\/wp-content\/uploads\/2025\/05\/LlistadefActuaborsadirlleure.pdf\">Llista definitiva de persones admeses i excloses<\/a><\/td><\/tr><tr><td class=\"has-text-align-left\" data-align=\"left\"><a href=\"https:\/\/lasenia.cat\/web\/wp-content\/uploads\/2025\/06\/ANUNCI_RESU_BORSADIRLLEURE.pdf\" data-type=\"link\" data-id=\"https:\/\/lasenia.cat\/web\/wp-content\/uploads\/2025\/06\/ANUNCI_RESU_BORSADIRLLEURE.pdf\" target=\"_blank\" rel=\"noreferrer noopener\">Anunci del resultat del proc\u00e9s de selecci\u00f3<\/a><\/td><\/tr><tr><td class=\"has-text-align-left\" data-align=\"left\"><a href=\"https:\/\/lasenia.cat\/web\/wp-content\/uploads\/2025\/06\/ANUNCI_ACTBORSADIRLLEURE.pdf\" data-type=\"link\" data-id=\"https:\/\/lasenia.cat\/web\/wp-content\/uploads\/2025\/06\/ANUNCI_ACTBORSADIRLLEURE.pdf\" target=\"_blank\" rel=\"noreferrer noopener\">Anunci de l&#8217;actualitzaci\u00f3 de la constituci\u00f3 de la borsa de treball de direcci\u00f3 de lleure<\/a> (RA 2025-37 de 03.06.2025)<\/td><\/tr><\/tbody><\/table><\/figure>\n\n\n\n<figure class=\"wp-block-table is-style-stripes\"><table><thead><tr><th class=\"has-text-align-left\" data-align=\"left\">DESENVOLUPAMENT DEL PROC\u00c9S DE SELECCI\u00d3 (2024)<\/th><\/tr><\/thead><tbody><tr><td class=\"has-text-align-left\" data-align=\"left\"><a href=\"https:\/\/www.diputaciodetarragona.cat\/ebop\/index.php?op=anunci&amp;id=1204&amp;ebop_any=2024\" data-type=\"link\" data-id=\"https:\/\/www.diputaciodetarragona.cat\/ebop\/index.php?op=anunci&amp;id=1204&amp;ebop_any=2024\">Anunci bases BOPT <\/a><\/td><\/tr><tr><td class=\"has-text-align-left\" data-align=\"left\"><a href=\"https:\/\/dogc.gencat.cat\/ca\/document-del-dogc\/?documentId=978181\" data-type=\"link\" data-id=\"https:\/\/dogc.gencat.cat\/ca\/document-del-dogc\/?documentId=978181\" target=\"_blank\" rel=\"noreferrer noopener\">Anunci convocat\u00f2ria DOGC<\/a><\/td><\/tr><tr><td class=\"has-text-align-left\" data-align=\"left\"><a href=\"https:\/\/lasenia.cat\/web\/wp-content\/uploads\/2024\/03\/ANUNCI_-Llista_provisional_Borsa_directors.pdf\" data-type=\"link\" data-id=\"https:\/\/lasenia.cat\/web\/wp-content\/uploads\/2024\/03\/ANUNCI_-Llista_provisional_Borsa_directors.pdf\" target=\"_blank\" rel=\"noreferrer noopener\">Llista provisional de persones admeses i excloses<\/a><\/td><\/tr><tr><td class=\"has-text-align-left\" data-align=\"left\"><a href=\"https:\/\/lasenia.cat\/web\/wp-content\/uploads\/2024\/04\/ANUNCI_Llista_definitiva-Borsa_directors.pdf\" data-type=\"link\" data-id=\"https:\/\/lasenia.cat\/web\/wp-content\/uploads\/2024\/04\/ANUNCI_Llista_definitiva-Borsa_directors.pdf\" target=\"_blank\" rel=\"noreferrer noopener\">Llista definitiva de persones admeses i excloses<\/a><\/td><\/tr><tr><td class=\"has-text-align-left\" data-align=\"left\"><a href=\"https:\/\/lasenia.cat\/web\/wp-content\/uploads\/2024\/04\/ANUNCI-Resultat_Borsadir.pdf\" data-type=\"link\" data-id=\"https:\/\/lasenia.cat\/web\/wp-content\/uploads\/2024\/04\/ANUNCI-Resultat_Borsadir.pdf\" target=\"_blank\" rel=\"noreferrer noopener\">Resultat del proc\u00e9s de selecci\u00f3<\/a><\/td><\/tr><tr><td class=\"has-text-align-left\" data-align=\"left\"><a href=\"https:\/\/lasenia.cat\/web\/wp-content\/uploads\/2024\/04\/ANUNCI_Constitucio_borsadirlleu.pdf\" data-type=\"link\" data-id=\"https:\/\/lasenia.cat\/web\/wp-content\/uploads\/2024\/04\/ANUNCI_Constitucio_borsadirlleu.pdf\" target=\"_blank\" rel=\"noreferrer noopener\">Anunci constituci\u00f3 borsa de treball de direcci\u00f3 de lleure<\/a> (RA 2024-0388 de 25.04.2024)<\/td><\/tr><\/tbody><\/table><\/figure>\n","protected":false},"excerpt":{"rendered":"<p>Grup Tipus de procediment Perfil N\u00famero de places Data BOPT Data DOGC C1 Concurs de m\u00e8rits Laboral Borsa 08.02.2024 09.02.2024<\/p>\n","protected":false},"author":3,"featured_media":0,"parent":0,"menu_order":0,"comment_status":"closed","ping_status":"closed","template":"","meta":{"colormag_page_container_layout":"no_sidebar_full_width","colormag_page_sidebar_layout":"no_sidebar","footnotes":""},"class_list":["post-4714","page","type-page","status-publish","hentry"],"_links":{"self":[{"href":"https:\/\/lasenia.cat\/web\/wp-json\/wp\/v2\/pages\/4714","targetHints":{"allow":["GET"]}}],"collection":[{"href":"https:\/\/lasenia.cat\/web\/wp-json\/wp\/v2\/pages"}],"about":[{"href":"https:\/\/lasenia.cat\/web\/wp-json\/wp\/v2\/types\/page"}],"author":[{"embeddable":true,"href":"https:\/\/lasenia.cat\/web\/wp-json\/wp\/v2\/users\/3"}],"replies":[{"embeddable":true,"href":"https:\/\/lasenia.cat\/web\/wp-json\/wp\/v2\/comments?post=4714"}],"version-history":[{"count":27,"href":"https:\/\/lasenia.cat\/web\/wp-json\/wp\/v2\/pages\/4714\/revisions"}],"predecessor-version":[{"id":7224,"href":"https:\/\/lasenia.cat\/web\/wp-json\/wp\/v2\/pages\/4714\/revisions\/7224"}],"wp:attachment":[{"href":"https:\/\/lasenia.cat\/web\/wp-json\/wp\/v2\/media?parent=4714"}],"curies":[{"name":"wp","href":"https:\/\/api.w.org\/{rel}","templated":true}]}}