{"id":4705,"date":"2024-02-07T09:32:55","date_gmt":"2024-02-07T08:32:55","guid":{"rendered":"https:\/\/lasenia.cat\/web\/?page_id=4705"},"modified":"2025-06-10T11:03:35","modified_gmt":"2025-06-10T10:03:35","slug":"borsa-de-borsa-de-monitors-i-monitores-de-lleure","status":"publish","type":"page","link":"https:\/\/lasenia.cat\/web\/borsa-de-borsa-de-monitors-i-monitores-de-lleure\/","title":{"rendered":"Borsa de borsa de monitors i monitores de lleure (2024)"},"content":{"rendered":"\n<figure class=\"wp-block-table is-style-stripes\"><table style=\"border-width:1px\"><tbody><tr><td class=\"has-text-align-center\" data-align=\"center\"><strong>Grup<\/strong><\/td><td class=\"has-text-align-center\" data-align=\"center\"><strong>Tipus de procediment<\/strong><\/td><td class=\"has-text-align-center\" data-align=\"center\"><strong>Perfil<\/strong><\/td><td class=\"has-text-align-center\" data-align=\"center\"><strong>N\u00famero de places<\/strong><\/td><td class=\"has-text-align-center\" data-align=\"center\"><strong>Data BOPT<\/strong><\/td><td class=\"has-text-align-center\" data-align=\"center\"><strong>Data DOGC<\/strong><\/td><\/tr><tr><td class=\"has-text-align-center\" data-align=\"center\">AP<\/td><td class=\"has-text-align-center\" data-align=\"center\">Concurs de m\u00e8rits <\/td><td class=\"has-text-align-center\" data-align=\"center\">Laboral<\/td><td class=\"has-text-align-center\" data-align=\"center\">Borsa<\/td><td class=\"has-text-align-center\" data-align=\"center\">08.02.2024<\/td><td class=\"has-text-align-center\" data-align=\"center\">07.02.2024<\/td><\/tr><\/tbody><\/table><\/figure>\n\n\n\n<figure class=\"wp-block-table is-style-stripes\"><table class=\"has-fixed-layout\"><thead><tr><th class=\"has-text-align-left\" data-align=\"left\">ACTUALITZACI\u00d3 DE LA BORSA (2025)<\/th><\/tr><\/thead><tbody><tr><td class=\"has-text-align-left\" data-align=\"left\"><a href=\"https:\/\/www.diputaciodetarragona.cat\/ebop\/index.php?op=anunci&amp;id=1220&amp;ebop_any=2024\" data-type=\"link\" data-id=\"https:\/\/www.diputaciodetarragona.cat\/ebop\/index.php?op=anunci&amp;id=1220&amp;ebop_any=2024\" target=\"_blank\" rel=\"noreferrer noopener\">Anunci bases BOPT<\/a><\/td><\/tr><tr><td class=\"has-text-align-left\" data-align=\"left\"><a href=\"https:\/\/lasenia.cat\/web\/wp-content\/uploads\/2024\/05\/ANUNCI-ConstiBorsamonilleure.pdf\" data-type=\"link\" data-id=\"https:\/\/lasenia.cat\/web\/wp-content\/uploads\/2024\/05\/ANUNCI-ConstiBorsamonilleure.pdf\" target=\"_blank\" rel=\"noreferrer noopener\">Anunci constituci\u00f3 borsa de treball de monitors i monitores de lleure<\/a> (RA 2024-0536 de 23.05.2024)<\/td><\/tr><tr><td class=\"has-text-align-left\" data-align=\"left\"><a href=\"https:\/\/lasenia.cat\/web\/wp-content\/uploads\/2025\/04\/INFOBORSAMONLLEU.pdf\" data-type=\"link\" data-id=\"https:\/\/lasenia.cat\/web\/wp-content\/uploads\/2025\/04\/INFOBORSAMONLLEU.pdf\" target=\"_blank\" rel=\"noreferrer noopener\">Informaci\u00f3 sobre l&#8217;actualitzaci\u00f3 de la borsa de treball de monitors i monitores de lleure<\/a> <\/td><\/tr><tr><td class=\"has-text-align-left\" data-align=\"left\"><a href=\"https:\/\/lasenia.cat\/web\/wp-content\/uploads\/2025\/04\/ANUNCIActmonlleu.pdf\" data-type=\"link\" data-id=\"https:\/\/lasenia.cat\/web\/wp-content\/uploads\/2025\/04\/ANUNCIActmonlleu.pdf\" target=\"_blank\" rel=\"noreferrer noopener\">Anunci d&#8217;actualitzaci\u00f3 de la borsa de treball de monitors i monitores de lleure<\/a><\/td><\/tr><tr><td class=\"has-text-align-left\" data-align=\"left\">Termini de presentaci\u00f3 d&#8217;inst\u00e0ncies (Del 2 al 15 d&#8217;abril de 2025, ambd\u00f3s inclosos) &#8211; <strong>FINALITZAT<\/strong><\/td><\/tr><tr><td class=\"has-text-align-left\" data-align=\"left\"><a href=\"https:\/\/lasenia.cat\/web\/wp-content\/uploads\/2025\/05\/ANUNCIprovMonlleu.pdf\" data-type=\"link\" data-id=\"https:\/\/lasenia.cat\/web\/wp-content\/uploads\/2025\/05\/ANUNCIprovMonlleu.pdf\" target=\"_blank\" rel=\"noreferrer noopener\">Anunci llista provisional de persones admeses i excloses<\/a><\/td><\/tr><tr><td class=\"has-text-align-left\" data-align=\"left\">Termini de presentaci\u00f3 d&#8217;esmenes (Del 6 al 13 de maig de 2025, ambd\u00f3s inclosos) <strong>&#8211; FINALITZAT<\/strong><\/td><\/tr><tr><td class=\"has-text-align-left\" data-align=\"left\"><a href=\"https:\/\/lasenia.cat\/web\/wp-content\/uploads\/2025\/05\/LlistadefActuaborsamonilleure.pdf\" data-type=\"link\" data-id=\"https:\/\/lasenia.cat\/web\/wp-content\/uploads\/2025\/05\/LlistadefActuaborsamonilleure.pdf\" target=\"_blank\" rel=\"noreferrer noopener\">Anunci llista definitiva de persones admeses i excloses<\/a><\/td><\/tr><tr><td class=\"has-text-align-left\" data-align=\"left\"><a href=\"https:\/\/lasenia.cat\/web\/wp-content\/uploads\/2025\/06\/ANUNCI_entrevistesBORSAMONLLEU.pdf\" data-type=\"link\" data-id=\"https:\/\/lasenia.cat\/web\/wp-content\/uploads\/2025\/06\/ANUNCI_entrevistesBORSAMONLLEU.pdf\" target=\"_blank\" rel=\"noreferrer noopener\">Resultat entrevistes<\/a><\/td><\/tr><tr><td class=\"has-text-align-left\" data-align=\"left\"><a href=\"https:\/\/lasenia.cat\/web\/wp-content\/uploads\/2025\/06\/ANUNCI_meritsBORSAMONLLEU.pdf\" data-type=\"link\" data-id=\"https:\/\/lasenia.cat\/web\/wp-content\/uploads\/2025\/06\/ANUNCI_meritsBORSAMONLLEU.pdf\" target=\"_blank\" rel=\"noreferrer noopener\">Resultat valoraci\u00f3 de m\u00e8rits<\/a><\/td><\/tr><tr><td class=\"has-text-align-left\" data-align=\"left\"><a href=\"https:\/\/lasenia.cat\/web\/wp-content\/uploads\/2025\/06\/Anuncirect_borsamonit.pdf\" data-type=\"link\" data-id=\"https:\/\/lasenia.cat\/web\/wp-content\/uploads\/2025\/06\/Anuncirect_borsamonit.pdf\" target=\"_blank\" rel=\"noreferrer noopener\">Resultat del proc\u00e9s de selecci\u00f3 per a l&#8217;actualitzaci\u00f3 de la borsa<\/a><\/td><\/tr><tr><td class=\"has-text-align-left\" data-align=\"left\"><a href=\"https:\/\/lasenia.cat\/web\/wp-content\/uploads\/2025\/06\/Anunci_actualitborsamonlleu.pdf\" data-type=\"link\" data-id=\"https:\/\/lasenia.cat\/web\/wp-content\/uploads\/2025\/06\/Anunci_actualitborsamonlleu.pdf\" target=\"_blank\" rel=\"noreferrer noopener\">Anunci de l&#8217;actualitzaci\u00f3 de la constituci\u00f3 de la borsa de treball de monitoratge de lleure<\/a> (RA 2025-62 de 09.06.2025)<\/td><\/tr><\/tbody><\/table><\/figure>\n\n\n\n<figure class=\"wp-block-table is-style-stripes\"><table><thead><tr><th class=\"has-text-align-left\" data-align=\"left\">DESENVOLUPAMENT DEL PROC\u00c9S DE SELECCI\u00d3 (2024)<\/th><\/tr><\/thead><tbody><tr><td class=\"has-text-align-left\" data-align=\"left\"><a href=\"https:\/\/www.diputaciodetarragona.cat\/ebop\/index.php?op=anunci&amp;id=1220&amp;ebop_any=2024\" data-type=\"link\" data-id=\"https:\/\/www.diputaciodetarragona.cat\/ebop\/index.php?op=anunci&amp;id=1220&amp;ebop_any=2024\" target=\"_blank\" rel=\"noreferrer noopener\">Anunci bases BOPT<\/a><\/td><\/tr><tr><td class=\"has-text-align-left\" data-align=\"left\"><a href=\"https:\/\/dogc.gencat.cat\/ca\/document-del-dogc\/?documentId=977951\" data-type=\"link\" data-id=\"https:\/\/dogc.gencat.cat\/ca\/document-del-dogc\/?documentId=977951\" target=\"_blank\" rel=\"noreferrer noopener\">Anunci convocat\u00f2ria DOGC<\/a><\/td><\/tr><tr><td class=\"has-text-align-left\" data-align=\"left\"><a href=\"https:\/\/lasenia.cat\/web\/wp-content\/uploads\/2024\/03\/ANUNCI_Llista_provisional_Borsa_monitors.pdf\" data-type=\"link\" data-id=\"https:\/\/lasenia.cat\/web\/wp-content\/uploads\/2024\/03\/ANUNCI_Llista_provisional_Borsa_monitors.pdf\" target=\"_blank\" rel=\"noreferrer noopener\">Llista provisional de persones admeses i excloses<\/a><\/td><\/tr><tr><td class=\"has-text-align-left\" data-align=\"left\"><a href=\"https:\/\/lasenia.cat\/web\/wp-content\/uploads\/2024\/05\/ANUNCI_LlistadefBorsamoni.pdf\" data-type=\"link\" data-id=\"https:\/\/lasenia.cat\/web\/wp-content\/uploads\/2024\/05\/ANUNCI_LlistadefBorsamoni.pdf\" target=\"_blank\" rel=\"noreferrer noopener\">Llista definitiva de persones admeses i excloses<\/a><\/td><\/tr><tr><td class=\"has-text-align-left\" data-align=\"left\"><a href=\"https:\/\/lasenia.cat\/web\/wp-content\/uploads\/2024\/05\/ANUNCI-Merits-Borsamonilleure.pdf\" data-type=\"link\" data-id=\"https:\/\/lasenia.cat\/web\/wp-content\/uploads\/2024\/05\/ANUNCI-Merits-Borsamonilleure.pdf\" target=\"_blank\" rel=\"noreferrer noopener\">Resultat valoraci\u00f3 de m\u00e8rits<\/a><\/td><\/tr><tr><td class=\"has-text-align-left\" data-align=\"left\"><a href=\"https:\/\/lasenia.cat\/web\/wp-content\/uploads\/2024\/05\/ANUNCI-Entrevista-Borsamoni.pdf\" data-type=\"link\" data-id=\"https:\/\/lasenia.cat\/web\/wp-content\/uploads\/2024\/05\/ANUNCI-Entrevista-Borsamoni.pdf\" target=\"_blank\" rel=\"noreferrer noopener\">Resultat de l&#8217;entrevista<\/a><\/td><\/tr><tr><td class=\"has-text-align-left\" data-align=\"left\"><a href=\"https:\/\/lasenia.cat\/web\/wp-content\/uploads\/2024\/05\/ANUNCI-Resultat-Borsamoni-1.pdf\" data-type=\"link\" data-id=\"https:\/\/lasenia.cat\/web\/wp-content\/uploads\/2024\/05\/ANUNCI-Resultat-Borsamoni-1.pdf\" target=\"_blank\" rel=\"noreferrer noopener\">Resultat del proc\u00e9s de selecci\u00f3<\/a><\/td><\/tr><tr><td class=\"has-text-align-left\" data-align=\"left\"><a href=\"https:\/\/lasenia.cat\/web\/wp-content\/uploads\/2024\/05\/ANUNCI-ConstiBorsamonilleure.pdf\" data-type=\"link\" data-id=\"https:\/\/lasenia.cat\/web\/wp-content\/uploads\/2024\/05\/ANUNCI-ConstiBorsamonilleure.pdf\" target=\"_blank\" rel=\"noreferrer noopener\">Anunci constituci\u00f3 borsa de treball de monitors i monitores de lleure<\/a> (RA 2024-0536 de 23.05.2024)<\/td><\/tr><\/tbody><\/table><\/figure>\n","protected":false},"excerpt":{"rendered":"<p>Grup Tipus de procediment Perfil N\u00famero de places Data BOPT Data DOGC AP Concurs de m\u00e8rits Laboral Borsa 08.02.2024 07.02.2024<\/p>\n","protected":false},"author":3,"featured_media":0,"parent":0,"menu_order":0,"comment_status":"closed","ping_status":"closed","template":"","meta":{"colormag_page_container_layout":"no_sidebar_full_width","colormag_page_sidebar_layout":"no_sidebar","footnotes":""},"class_list":["post-4705","page","type-page","status-publish","hentry"],"_links":{"self":[{"href":"https:\/\/lasenia.cat\/web\/wp-json\/wp\/v2\/pages\/4705","targetHints":{"allow":["GET"]}}],"collection":[{"href":"https:\/\/lasenia.cat\/web\/wp-json\/wp\/v2\/pages"}],"about":[{"href":"https:\/\/lasenia.cat\/web\/wp-json\/wp\/v2\/types\/page"}],"author":[{"embeddable":true,"href":"https:\/\/lasenia.cat\/web\/wp-json\/wp\/v2\/users\/3"}],"replies":[{"embeddable":true,"href":"https:\/\/lasenia.cat\/web\/wp-json\/wp\/v2\/comments?post=4705"}],"version-history":[{"count":37,"href":"https:\/\/lasenia.cat\/web\/wp-json\/wp\/v2\/pages\/4705\/revisions"}],"predecessor-version":[{"id":8805,"href":"https:\/\/lasenia.cat\/web\/wp-json\/wp\/v2\/pages\/4705\/revisions\/8805"}],"wp:attachment":[{"href":"https:\/\/lasenia.cat\/web\/wp-json\/wp\/v2\/media?parent=4705"}],"curies":[{"name":"wp","href":"https:\/\/api.w.org\/{rel}","templated":true}]}}