{"id":4541,"date":"2024-01-10T13:41:00","date_gmt":"2024-01-10T12:41:00","guid":{"rendered":"https:\/\/lasenia.cat\/web\/?page_id=4541"},"modified":"2026-01-23T12:59:07","modified_gmt":"2026-01-23T11:59:07","slug":"taxa-descombraries-2024-tarifa-reduida-per-a-families-amb-escassa-capacitat-economica","status":"publish","type":"page","link":"https:\/\/lasenia.cat\/web\/taxa-descombraries-2024-tarifa-reduida-per-a-families-amb-escassa-capacitat-economica\/","title":{"rendered":"Taxa d\u2019escombraries 2026. Tarifa redu\u00efda per a fam\u00edlies amb escassa capacitat econ\u00f2mica"},"content":{"rendered":"\n<p>Habitatge (domicili habitual) \u2013 Quota 57,00 \u20ac<\/p>\n\n\n\n<p>Podeu consultar les condicions a l\u2019article 5.4 de l\u2019Ordenan\u00e7a fiscal <a href=\"https:\/\/lasenia.cat\/web\/wp-content\/uploads\/2025\/01\/T8_ORDENANCA-FISCAL-REGULADORA-TAXA-RECOLLIDA-I-GESTIO-RESIDUS.pdf\">T8. TAXA PER LA PRESTACI\u00d3 DEL SERVEI DE RECOLLIDA I GESTI\u00d3 DE RESIDUS MUNICIPALS<\/a><\/p>\n\n\n\n<p><strong>Qui ho pot sol\u00b7licitar:<\/strong><\/p>\n\n\n\n<p>Fam\u00edlies que el conjunt dels seus ingressos no superin els imports seg\u00fcents:<\/p>\n\n\n\n<figure class=\"wp-block-table\"><table class=\"has-fixed-layout\"><tbody><tr><td><strong>Persones que hi conviuen<\/strong><\/td><td><strong>Ingressos m\u00e0xims<\/strong><\/td><\/tr><tr><td>Sol\u00b7licitant<\/td><td>IRSC anual x 1,50 = 14.012,88 \u20ac<\/td><\/tr><tr><td>Sol\u00b7licitant + c\u00f2njuge<\/td><td>IRSC anual x 1,65 = 15.414,17 \u20ac<\/td><\/tr><tr><td colspan=\"2\">Per cada membre addicional a la unitat familiar s\u2019incrementar\u00e0 el coeficient d\u2019aplicaci\u00f3 en 0,05\/per membre addicional.<\/td><\/tr><tr><td colspan=\"2\">IRSC \u00e9s l\u2019indicador de renda de sufici\u00e8ncia de Catalunya, regulat per la Llei 13\/2006 de 27 de juliol, de prestacions socials de car\u00e0cter econ\u00f2mic. La quantia de l\u2019IRSC ser\u00e0 la que es fixi anualment. <strong>IRSC 2025: 778,49\u20ac\/mensuals&nbsp; 9.341,92 \u20ac\/anuals<\/strong><\/td><\/tr><\/tbody><\/table><\/figure>\n\n\n\n<p>La sol\u00b7licitud l\u2019ha de tramitar el titular del rebut d\u2019escombraries<\/p>\n\n\n\n<p><strong>Termini per sol\u00b7licitar-la:<\/strong><\/p>\n\n\n\n<p>2 de mar\u00e7 de 2026<\/p>\n\n\n\n<p><strong>Com fer la sol\u00b7licitud:<\/strong><\/p>\n\n\n\n<p>Preferentment amb certificat digital amb la sol\u00b7licitud gen\u00e8rica de la Seu electr\u00f2nica: <a href=\"https:\/\/actio.dipta.cat\/catalegserveis\/id\/4304450006\/servei\/AT110_ATENC_00001?origen=seu\">Sol\u00b7licitud gen\u00e8rica<\/a> o presencialment al Punt d\u2019Atenci\u00f3 a la Ciutadania &#8211; PAC (Ps. de la Clotada, 7 baixos)<\/p>\n\n\n\n<p>Documentaci\u00f3 a presentar:<\/p>\n\n\n\n<ul class=\"wp-block-list\">\n<li><strong>Declaraci\u00f3 de renda <\/strong>o <strong>certificat dels ingressos<\/strong> (exercici anterior) o <strong>certificat negatiu d\u2019Hisenda <\/strong>dels membres de la unitat familiar. El podeu sol\u00b7licitar amb l\u2019enlla\u00e7: <a href=\"https:\/\/www2.agenciatributaria.gob.es\/wlpl\/BUCV-JDIT\/AutenticaDniNieContrasteh?ref=%2Fwlpl%2FOVCT-CXEW%2FSelectorAcceso%3Fref%3D%252Fwlpl%252FCERE-EMCE%252FInternetServlet%26aut%3DCPR\" target=\"_blank\" rel=\"noreferrer noopener\">Sol\u00b7licitud de certificat tributari. IRPF<\/a><\/li>\n<\/ul>\n\n\n\n<p>En cas que visquin en habitatge de lloguer i el titular del rebut d\u2019escombraries sigui el propietari:<\/p>\n\n\n\n<ul class=\"wp-block-list\">\n<li><strong>Contracte de lloguer<\/strong><\/li>\n<\/ul>\n","protected":false},"excerpt":{"rendered":"<p>Habitatge (domicili habitual) \u2013 Quota 57,00 \u20ac Podeu consultar les condicions a l\u2019article 5.4 de l\u2019Ordenan\u00e7a fiscal T8. TAXA PER<\/p>\n","protected":false},"author":3,"featured_media":0,"parent":0,"menu_order":0,"comment_status":"closed","ping_status":"closed","template":"","meta":{"colormag_page_container_layout":"default_layout","colormag_page_sidebar_layout":"default_layout","footnotes":""},"class_list":["post-4541","page","type-page","status-publish","hentry"],"_links":{"self":[{"href":"https:\/\/lasenia.cat\/web\/wp-json\/wp\/v2\/pages\/4541","targetHints":{"allow":["GET"]}}],"collection":[{"href":"https:\/\/lasenia.cat\/web\/wp-json\/wp\/v2\/pages"}],"about":[{"href":"https:\/\/lasenia.cat\/web\/wp-json\/wp\/v2\/types\/page"}],"author":[{"embeddable":true,"href":"https:\/\/lasenia.cat\/web\/wp-json\/wp\/v2\/users\/3"}],"replies":[{"embeddable":true,"href":"https:\/\/lasenia.cat\/web\/wp-json\/wp\/v2\/comments?post=4541"}],"version-history":[{"count":8,"href":"https:\/\/lasenia.cat\/web\/wp-json\/wp\/v2\/pages\/4541\/revisions"}],"predecessor-version":[{"id":8346,"href":"https:\/\/lasenia.cat\/web\/wp-json\/wp\/v2\/pages\/4541\/revisions\/8346"}],"wp:attachment":[{"href":"https:\/\/lasenia.cat\/web\/wp-json\/wp\/v2\/media?parent=4541"}],"curies":[{"name":"wp","href":"https:\/\/api.w.org\/{rel}","templated":true}]}}