{"id":4535,"date":"2024-01-10T13:32:48","date_gmt":"2024-01-10T12:32:48","guid":{"rendered":"https:\/\/lasenia.cat\/web\/?page_id=4535"},"modified":"2026-01-23T12:55:49","modified_gmt":"2026-01-23T11:55:49","slug":"bonificacions-de-limpost-sobre-vehicles-de-traccio-mecanica-ivtm","status":"publish","type":"page","link":"https:\/\/lasenia.cat\/web\/bonificacions-de-limpost-sobre-vehicles-de-traccio-mecanica-ivtm\/","title":{"rendered":"Bonificacions de l\u2019Impost sobre Vehicles de Tracci\u00f3 Mec\u00e0nica \u2013 IVTM 2026"},"content":{"rendered":"\n<p>Bonificacions:<\/p>\n\n\n\n<ul class=\"wp-block-list\">\n<li>50 % &#8211; Vehicles motor h\u00edbrid<\/li>\n\n\n\n<li>75 % &#8211; Vehicles el\u00e8ctrics<\/li>\n\n\n\n<li>50 % &#8211; Per tipus de carburant<\/li>\n\n\n\n<li>100 % &#8211; Vehicles antiguitat m\u00ednima de 40 anys \u2013 NO S\u2019HAN DE SOL\u00b7LICITAR, s\u2019apliquen directament per data de matriculaci\u00f3 del vehicle<\/li>\n\n\n\n<li>100 % &#8211; Vehicles hist\u00f2rics \u2013 NO S\u2019HAN DE SOL\u00b7LICITAR, s\u2019apliquen directament pel tipus de matr\u00edcula<\/li>\n<\/ul>\n\n\n\n<p>Podeu consultar les condicions a l\u2019article 6 de l\u2019Ordenan\u00e7a Fiscal reguladora de l\u2019IVTM. <a href=\"https:\/\/lasenia.cat\/web\/wp-content\/uploads\/2024\/12\/I3-ORDENANCA-FISCAL-REGULADORA-DE-LIMPOST-SOBRE-VEHICLES-DE-TRACCIO-MECANICA-IVTM-2025_-1.pdf\">I3 ORDENAN\u00c7A FISCAL REGULADORA DE L\u2019IMPOST SOBRE VEHICLES DE TRACCI\u00d3 MEC\u00c0NICA<\/a><\/p>\n\n\n\n<p><strong>Qui pot sol\u00b7licitar la bonificaci\u00f3:<\/strong><\/p>\n\n\n\n<p>Els titulars dels vehicles que pel tipus de motor o carburant es puguin acollir a les bonificacions i que no l\u2019haguessin sol\u00b7licitat en anys anteriors.<\/p>\n\n\n\n<p><strong>Termini per sol\u00b7licitar la bonificaci\u00f3:<\/strong><\/p>\n\n\n\n<p>2 de mar\u00e7 de 2026<\/p>\n\n\n\n<p><strong>Com fer la sol\u00b7licitud:<\/strong><\/p>\n\n\n\n<p>S\u2019ha de sol\u00b7licitar a trav\u00e9s de BASE, a la Seu electr\u00f2nica: <a href=\"http:\/\/www.base.cat\">www.base.cat<\/a> > base online entrar > Sol\u00b7licituds i tr\u00e0mits per temes > Immobles > Sol\u00b7licitud de beneficis fiscals de l&#8217;IVTM<\/p>\n\n\n\n<p>Poden demanar cita pr\u00e8via a trav\u00e9s de la web: <a href=\"http:\/\/www.base.cat\">www.base.cat<\/a> &gt; cita pr\u00e8via<\/p>\n\n\n\n<p>O b\u00e9 per tel\u00e8fon al 977 57 08 17<\/p>\n\n\n\n<p>A la sol\u00b7licitud s\u2019haur\u00e0 <strong>d\u2019indicar si \u00e9s per tipus de motor (h\u00edbrid o el\u00e8ctric) o per tipus de combustible<\/strong> i incloure els documents seg\u00fcents:<\/p>\n\n\n\n<ul class=\"wp-block-list\">\n<li><strong>Perm\u00eds de circulaci\u00f3<\/strong><\/li>\n\n\n\n<li><strong>Targeta d\u2019inspecci\u00f3 t\u00e8cnica del vehicle<\/strong><\/li>\n<\/ul>\n","protected":false},"excerpt":{"rendered":"<p>Bonificacions: Podeu consultar les condicions a l\u2019article 6 de l\u2019Ordenan\u00e7a Fiscal reguladora de l\u2019IVTM. I3 ORDENAN\u00c7A FISCAL REGULADORA DE L\u2019IMPOST<\/p>\n","protected":false},"author":3,"featured_media":0,"parent":0,"menu_order":0,"comment_status":"closed","ping_status":"closed","template":"","meta":{"colormag_page_container_layout":"default_layout","colormag_page_sidebar_layout":"default_layout","footnotes":""},"class_list":["post-4535","page","type-page","status-publish","hentry"],"_links":{"self":[{"href":"https:\/\/lasenia.cat\/web\/wp-json\/wp\/v2\/pages\/4535","targetHints":{"allow":["GET"]}}],"collection":[{"href":"https:\/\/lasenia.cat\/web\/wp-json\/wp\/v2\/pages"}],"about":[{"href":"https:\/\/lasenia.cat\/web\/wp-json\/wp\/v2\/types\/page"}],"author":[{"embeddable":true,"href":"https:\/\/lasenia.cat\/web\/wp-json\/wp\/v2\/users\/3"}],"replies":[{"embeddable":true,"href":"https:\/\/lasenia.cat\/web\/wp-json\/wp\/v2\/comments?post=4535"}],"version-history":[{"count":5,"href":"https:\/\/lasenia.cat\/web\/wp-json\/wp\/v2\/pages\/4535\/revisions"}],"predecessor-version":[{"id":8343,"href":"https:\/\/lasenia.cat\/web\/wp-json\/wp\/v2\/pages\/4535\/revisions\/8343"}],"wp:attachment":[{"href":"https:\/\/lasenia.cat\/web\/wp-json\/wp\/v2\/media?parent=4535"}],"curies":[{"name":"wp","href":"https:\/\/api.w.org\/{rel}","templated":true}]}}