{"id":4523,"date":"2024-01-10T13:17:12","date_gmt":"2024-01-10T12:17:12","guid":{"rendered":"https:\/\/lasenia.cat\/web\/?page_id=4523"},"modified":"2026-01-23T12:36:47","modified_gmt":"2026-01-23T11:36:47","slug":"bonificacions-ibi-activitats-agropecuaries","status":"publish","type":"page","link":"https:\/\/lasenia.cat\/web\/bonificacions-ibi-activitats-agropecuaries\/","title":{"rendered":"Bonificacions IBI activitats agropecu\u00e0ries 2026"},"content":{"rendered":"\n<p><strong>Bonificaci\u00f3:<\/strong><\/p>\n\n\n\n<p>50% de l\u2019import de l\u2019IBI r\u00fastic on hi hagi una activitat agropecu\u00e0ria.<\/p>\n\n\n\n<p>Podeu consultar les condicions a l\u2019article 11.4.2 de <a href=\"https:\/\/lasenia.cat\/web\/wp-content\/uploads\/2024\/12\/I1-ORDENANCA-FISCAL-REGULADORA-DE-LIMPOST-SOBRE-BENS-IMMOBLES-IBI_-1.pdf\">I1 ORDENAN\u00c7A FISCAL REGULADORA DE L\u2019IMPOST SOBRE B\u00c9NS IMMOBLES<\/a><\/p>\n\n\n\n<p><strong>Qui pot sol\u00b7licitar la bonificaci\u00f3:<\/strong><\/p>\n\n\n\n<p>Els titulars d\u2019immobles on hagi activitat agropecu\u00e0ria &nbsp;(granja o magatzem agr\u00edcola)<\/p>\n\n\n\n<p><strong>Termini per sol\u00b7licitar la bonificaci\u00f3:<\/strong><\/p>\n\n\n\n<p>2 de mar\u00e7 de 2026<\/p>\n\n\n\n<p><strong>Com fer la sol\u00b7licitud:<\/strong><\/p>\n\n\n\n<p>La sol\u00b7licitud est\u00e0 disponible a la Seu electr\u00f2nica\/tr\u00e0mits destacats\/Sol\u00b7licitud declaraci\u00f3 d\u2019especial inter\u00e8s activitats agropecu\u00e0ries i bonificaci\u00f3 parcial de la quota d\u2019IBI r\u00fastica: <a href=\"https:\/\/actio.dipta.cat\/catalegserveis\/id\/4304450006\/servei\/AT110_SERVE_00042?origen=seu\">Declaraci\u00f3 d&#8217;especial inter\u00e8s activitats agropecu\u00e0ries i bonificaci\u00f3 parcial de la quota d&#8217;IBI r\u00fastica<\/a> o presencialment al Punt d\u2019Atenci\u00f3 a la Ciutadania \u00a0&#8211; PAC (Ps. de la Clotada, 7 baixos)<\/p>\n\n\n\n<p><strong>A la sol\u00b7licitud s&#8217;haur\u00e0 de fer constar la refer\u00e8ncia cadastral<\/strong> de la granja o magatzem agr\u00edcola i incloure a la sol\u00b7licitud:<\/p>\n\n\n\n<p>Opcional segon el tipus d\u2019explotaci\u00f3:<\/p>\n\n\n\n<p>Explotaci\u00f3 ramadera:<\/p>\n\n\n\n<ul class=\"wp-block-list\">\n<li><strong>Cartilla ramadera actualitzada 2026<\/strong><\/li>\n\n\n\n<li><strong>Alta fiscal al Ministeri d\u2019Hisenda de l\u2019activitat agropecu\u00e0ria<\/strong><\/li>\n<\/ul>\n\n\n\n<p>Magatzem agr\u00edcola:<\/p>\n\n\n\n<ul class=\"wp-block-list\">\n<li><strong>Documentaci\u00f3 DUN<\/strong><\/li>\n\n\n\n<li><strong>Declaraci\u00f3 de renda exercici anterior<\/strong><\/li>\n<\/ul>\n\n\n\n<p>En cas que l\u2019activitat econ\u00f2mica no la desenvolupi el mateix titular de l\u2019immoble<\/p>\n\n\n\n<ul class=\"wp-block-list\">\n<li><strong>Contracte de lloguer<\/strong><\/li>\n<\/ul>\n","protected":false},"excerpt":{"rendered":"<p>Bonificaci\u00f3: 50% de l\u2019import de l\u2019IBI r\u00fastic on hi hagi una activitat agropecu\u00e0ria. Podeu consultar les condicions a l\u2019article 11.4.2<\/p>\n","protected":false},"author":3,"featured_media":0,"parent":0,"menu_order":0,"comment_status":"closed","ping_status":"closed","template":"","meta":{"colormag_page_container_layout":"default_layout","colormag_page_sidebar_layout":"default_layout","footnotes":""},"class_list":["post-4523","page","type-page","status-publish","hentry"],"_links":{"self":[{"href":"https:\/\/lasenia.cat\/web\/wp-json\/wp\/v2\/pages\/4523","targetHints":{"allow":["GET"]}}],"collection":[{"href":"https:\/\/lasenia.cat\/web\/wp-json\/wp\/v2\/pages"}],"about":[{"href":"https:\/\/lasenia.cat\/web\/wp-json\/wp\/v2\/types\/page"}],"author":[{"embeddable":true,"href":"https:\/\/lasenia.cat\/web\/wp-json\/wp\/v2\/users\/3"}],"replies":[{"embeddable":true,"href":"https:\/\/lasenia.cat\/web\/wp-json\/wp\/v2\/comments?post=4523"}],"version-history":[{"count":7,"href":"https:\/\/lasenia.cat\/web\/wp-json\/wp\/v2\/pages\/4523\/revisions"}],"predecessor-version":[{"id":8333,"href":"https:\/\/lasenia.cat\/web\/wp-json\/wp\/v2\/pages\/4523\/revisions\/8333"}],"wp:attachment":[{"href":"https:\/\/lasenia.cat\/web\/wp-json\/wp\/v2\/media?parent=4523"}],"curies":[{"name":"wp","href":"https:\/\/api.w.org\/{rel}","templated":true}]}}