{"id":4520,"date":"2024-01-10T12:19:37","date_gmt":"2024-01-10T11:19:37","guid":{"rendered":"https:\/\/lasenia.cat\/web\/?page_id=4520"},"modified":"2026-01-23T12:32:18","modified_gmt":"2026-01-23T11:32:18","slug":"bonificacions-ibi-en-foment-de-locupacio-2","status":"publish","type":"page","link":"https:\/\/lasenia.cat\/web\/bonificacions-ibi-en-foment-de-locupacio-2\/","title":{"rendered":"Bonificacions IBI en foment de l\u2019ocupaci\u00f3 2026"},"content":{"rendered":"\n<p>Bonificaci\u00f3:<\/p>\n\n\n\n<p>Variable, vinculada al nombre de treballadors de l\u2019empresa i tipus de contractes<\/p>\n\n\n\n<p>Podeu consultar les condicions a l\u2019article 11.4.1 de <a href=\"https:\/\/lasenia.cat\/web\/wp-content\/uploads\/2024\/12\/I1-ORDENANCA-FISCAL-REGULADORA-DE-LIMPOST-SOBRE-BENS-IMMOBLES-IBI_-1.pdf\" data-type=\"link\" data-id=\"https:\/\/lasenia.cat\/web\/wp-content\/uploads\/2024\/12\/I1-ORDENANCA-FISCAL-REGULADORA-DE-LIMPOST-SOBRE-BENS-IMMOBLES-IBI_-1.pdf\" target=\"_blank\" rel=\"noreferrer noopener\">I1 ORDENAN\u00c7A FISCAL REGULADORA DE L\u2019IMPOST SOBRE B\u00c9NS IMMOBLES<\/a><\/p>\n\n\n\n<p><strong>Qui pot sol\u00b7licitar la bonificaci\u00f3:<\/strong><\/p>\n\n\n\n<p>Els titulars d\u2019immobles on hagi empreses\/comer\u00e7os que tinguin treballadors contractats a jornada completa<\/p>\n\n\n\n<p><strong>Termini per sol\u00b7licitar la bonificaci\u00f3:<\/strong><\/p>\n\n\n\n<p>2 de mar\u00e7 de 2026<\/p>\n\n\n\n<p><strong>Com fer la sol\u00b7licitud:<\/strong><\/p>\n\n\n\n<p>La sol\u00b7licitud est\u00e0 disponible a la Seu electr\u00f2nica\/tr\u00e0mits destacats\/Sol\u00b7licitud bonificaci\u00f3 IBI en foment de l\u2019ocupaci\u00f3: <a href=\"https:\/\/actio.dipta.cat\/catalegserveis\/id\/4304450006\/servei\/AT110_SERVE_00041?origen=seu\" target=\"_blank\" rel=\"noreferrer noopener\">Declaraci\u00f3 d&#8217;especial inter\u00e8s bonificaci\u00f3 IBI en foment de l&#8217;ocupaci\u00f3<\/a> o al PAC (Ps de la Clotada, 7) si sou persones f\u00edsiques.<\/p>\n\n\n\n<p><strong>A la sol\u00b7licitud haur\u00e0 de constar la refer\u00e8ncia cadastral<\/strong> i incloure la documentaci\u00f3 seg\u00fcent:<\/p>\n\n\n\n<ul class=\"wp-block-list\">\n<li><strong>RNT desembre 2024 i 2025, de l\u2019empresa que desenvolupa l\u2019activitat econ\u00f2mica.<\/strong><\/li>\n\n\n\n<li><strong>Informe anual de mitjana de treballadors de l\u2019any 2025.<\/strong><\/li>\n\n\n\n<li><strong>Informe de vida laboral dels comptes de cotitzaci\u00f3 de l\u2019empresa, de l\u20191\/1\/2025 a 31\/12\/2025.<\/strong><\/li>\n<\/ul>\n\n\n\n<p>Documentaci\u00f3 opcional:<\/p>\n\n\n\n<ul class=\"wp-block-list\">\n<li><strong>Adhesi\u00f3 Acord Territorial per a la Reactivaci\u00f3 Econ\u00f2mica i l\u2019Ocupaci\u00f3 del Montsi\u00e0 i altres documents que acreditin la participaci\u00f3 en projectes de col\u00b7laboraci\u00f3 entre empreses.<\/strong><\/li>\n\n\n\n<li><strong>Contracte de lloguer, <\/strong>en cas que l\u2019activitat econ\u00f2mica no la desenvolupi el mateix titular de l\u2019immoble.<\/li>\n\n\n\n<li><strong>Altres documents, <\/strong>empreses de nova implantaci\u00f3 al municipi.<\/li>\n<\/ul>\n\n\n\n<p><\/p>\n","protected":false},"excerpt":{"rendered":"<p>Bonificaci\u00f3: Variable, vinculada al nombre de treballadors de l\u2019empresa i tipus de contractes Podeu consultar les condicions a l\u2019article 11.4.1<\/p>\n","protected":false},"author":3,"featured_media":0,"parent":0,"menu_order":0,"comment_status":"closed","ping_status":"closed","template":"","meta":{"colormag_page_container_layout":"default_layout","colormag_page_sidebar_layout":"default_layout","footnotes":""},"class_list":["post-4520","page","type-page","status-publish","hentry"],"_links":{"self":[{"href":"https:\/\/lasenia.cat\/web\/wp-json\/wp\/v2\/pages\/4520","targetHints":{"allow":["GET"]}}],"collection":[{"href":"https:\/\/lasenia.cat\/web\/wp-json\/wp\/v2\/pages"}],"about":[{"href":"https:\/\/lasenia.cat\/web\/wp-json\/wp\/v2\/types\/page"}],"author":[{"embeddable":true,"href":"https:\/\/lasenia.cat\/web\/wp-json\/wp\/v2\/users\/3"}],"replies":[{"embeddable":true,"href":"https:\/\/lasenia.cat\/web\/wp-json\/wp\/v2\/comments?post=4520"}],"version-history":[{"count":8,"href":"https:\/\/lasenia.cat\/web\/wp-json\/wp\/v2\/pages\/4520\/revisions"}],"predecessor-version":[{"id":8331,"href":"https:\/\/lasenia.cat\/web\/wp-json\/wp\/v2\/pages\/4520\/revisions\/8331"}],"wp:attachment":[{"href":"https:\/\/lasenia.cat\/web\/wp-json\/wp\/v2\/media?parent=4520"}],"curies":[{"name":"wp","href":"https:\/\/api.w.org\/{rel}","templated":true}]}}