{"id":4215,"date":"2023-11-10T12:44:29","date_gmt":"2023-11-10T11:44:29","guid":{"rendered":"https:\/\/lasenia.cat\/web\/?page_id=4215"},"modified":"2023-12-19T13:18:20","modified_gmt":"2023-12-19T12:18:20","slug":"operari-a-de-neteja","status":"publish","type":"page","link":"https:\/\/lasenia.cat\/web\/operari-a-de-neteja\/","title":{"rendered":"Operari\/a de neteja"},"content":{"rendered":"\n<figure class=\"wp-block-table is-style-stripes\"><table><tbody><tr><td><strong>Grup<\/strong><\/td><td><strong>Tipus de procediment<\/strong><\/td><td><strong>Perfil<\/strong><\/td><td><strong>N\u00famero de places<\/strong><\/td><td><strong>Durada contracte<\/strong><\/td><td><strong>N\u00famero oferta SOC<\/strong><\/td><td><\/td><\/tr><tr><td>AP<\/td><td>Concurs de m\u00e8rits<\/td><td>Laboral<\/td><td>1<\/td><td>6 mesos<\/td><td>27258<\/td><td><\/td><\/tr><\/tbody><\/table><\/figure>\n\n\n\n<figure class=\"wp-block-table is-style-stripes\"><table><tbody><tr><td class=\"has-text-align-left\" data-align=\"left\"><strong>Termini presentaci\u00f3 de sol\u00b7licituds<\/strong><\/td><td class=\"has-text-align-left\" data-align=\"left\">Del 10 al 22 de novembre de 2023 (FINALITZAT)<\/td><\/tr><tr><td class=\"has-text-align-left\" data-align=\"left\"><strong>Criteris de valoraci\u00f3<\/strong><\/td><td class=\"has-text-align-left\" data-align=\"left\">Consulteu els criteris de valoraci\u00f3 <a href=\"https:\/\/lasenia.cat\/web\/wp-content\/uploads\/2023\/11\/Criteris_seleccio.pdf\" data-type=\"link\" data-id=\"https:\/\/lasenia.cat\/web\/wp-content\/uploads\/2023\/11\/Criteris_seleccio.pdf\">AQU\u00cd<\/a><\/td><\/tr><tr><td class=\"has-text-align-left\" data-align=\"left\"><strong>Admesos i exclosos<\/strong> (Provisional)<\/td><td class=\"has-text-align-left\" data-align=\"left\"><a href=\"https:\/\/lasenia.cat\/web\/wp-content\/uploads\/2023\/11\/Anunci_llista_prov_neteja.pdf\" data-type=\"link\" data-id=\"https:\/\/lasenia.cat\/web\/wp-content\/uploads\/2023\/11\/Anunci_llista_prov_neteja.pdf\" target=\"_blank\" rel=\"noreferrer noopener\">Llista provisional de persones admeses i excloses<\/a><\/td><\/tr><tr><td class=\"has-text-align-left\" data-align=\"left\"><strong>Termini presentaci\u00f3 esmenes<\/strong><\/td><td class=\"has-text-align-left\" data-align=\"left\">Del 27 de novembre a l&#8217;1 de desembre de 2023 (FINALITZAT)<\/td><\/tr><tr><td class=\"has-text-align-left\" data-align=\"left\"><strong>Admesos i exclosos<\/strong> (Definitiu)<\/td><td class=\"has-text-align-left\" data-align=\"left\"><a href=\"https:\/\/lasenia.cat\/web\/wp-content\/uploads\/2023\/12\/ANUNCI_llista_def_neteja.pdf\" data-type=\"link\" data-id=\"https:\/\/lasenia.cat\/web\/wp-content\/uploads\/2023\/12\/ANUNCI_llista_def_neteja.pdf\" target=\"_blank\" rel=\"noreferrer noopener\">Llista definitiva de persones admeses i excloses<\/a><\/td><\/tr><tr><td class=\"has-text-align-left\" data-align=\"left\"><strong>Data proc\u00e9s de selecci\u00f3<\/strong><\/td><td class=\"has-text-align-left\" data-align=\"left\">18.12.2023 <\/td><\/tr><tr><td class=\"has-text-align-left\" data-align=\"left\"><strong>Horari entrevistes<\/strong><\/td><td class=\"has-text-align-left\" data-align=\"left\"><a href=\"https:\/\/lasenia.cat\/web\/wp-content\/uploads\/2023\/12\/ANUNCI_entrevistes_neteja.pdf\" data-type=\"link\" data-id=\"https:\/\/lasenia.cat\/web\/wp-content\/uploads\/2023\/12\/ANUNCI_entrevistes_neteja.pdf\" target=\"_blank\" rel=\"noreferrer noopener\">Llistat horari entrevistes<\/a><\/td><\/tr><tr><td class=\"has-text-align-left\" data-align=\"left\"><strong>Resultat del proc\u00e9s de selecci\u00f3<\/strong><\/td><td class=\"has-text-align-left\" data-align=\"left\"><a href=\"https:\/\/lasenia.cat\/web\/wp-content\/uploads\/2023\/12\/Anunci_resultat_opneteja.pdf\" data-type=\"link\" data-id=\"https:\/\/lasenia.cat\/web\/wp-content\/uploads\/2023\/12\/Anunci_resultat_opneteja.pdf\" target=\"_blank\" rel=\"noreferrer noopener\">Valoraci\u00f3 de m\u00e8rits, entrevista i resultat final<\/a><\/td><\/tr><\/tbody><\/table><\/figure>\n\n\n\n<figure class=\"wp-block-image aligncenter size-full is-resized\"><img loading=\"lazy\" decoding=\"async\" width=\"960\" height=\"540\" src=\"https:\/\/lasenia.cat\/web\/wp-content\/uploads\/2023\/10\/Diputacio-Tarragona.jpeg\" alt=\"\" class=\"wp-image-4122\" style=\"width:314px;height:auto\" srcset=\"https:\/\/lasenia.cat\/web\/wp-content\/uploads\/2023\/10\/Diputacio-Tarragona.jpeg 960w, https:\/\/lasenia.cat\/web\/wp-content\/uploads\/2023\/10\/Diputacio-Tarragona-300x169.jpeg 300w, https:\/\/lasenia.cat\/web\/wp-content\/uploads\/2023\/10\/Diputacio-Tarragona-768x432.jpeg 768w\" sizes=\"auto, (max-width: 960px) 100vw, 960px\" \/><\/figure>\n\n\n\n<p><\/p>\n","protected":false},"excerpt":{"rendered":"<p>Grup Tipus de procediment Perfil N\u00famero de places Durada contracte N\u00famero oferta SOC AP Concurs de m\u00e8rits Laboral 1 6<\/p>\n","protected":false},"author":3,"featured_media":0,"parent":0,"menu_order":0,"comment_status":"closed","ping_status":"closed","template":"","meta":{"colormag_page_container_layout":"default_layout","colormag_page_sidebar_layout":"default_layout","footnotes":""},"class_list":["post-4215","page","type-page","status-publish","hentry"],"_links":{"self":[{"href":"https:\/\/lasenia.cat\/web\/wp-json\/wp\/v2\/pages\/4215","targetHints":{"allow":["GET"]}}],"collection":[{"href":"https:\/\/lasenia.cat\/web\/wp-json\/wp\/v2\/pages"}],"about":[{"href":"https:\/\/lasenia.cat\/web\/wp-json\/wp\/v2\/types\/page"}],"author":[{"embeddable":true,"href":"https:\/\/lasenia.cat\/web\/wp-json\/wp\/v2\/users\/3"}],"replies":[{"embeddable":true,"href":"https:\/\/lasenia.cat\/web\/wp-json\/wp\/v2\/comments?post=4215"}],"version-history":[{"count":29,"href":"https:\/\/lasenia.cat\/web\/wp-json\/wp\/v2\/pages\/4215\/revisions"}],"predecessor-version":[{"id":4442,"href":"https:\/\/lasenia.cat\/web\/wp-json\/wp\/v2\/pages\/4215\/revisions\/4442"}],"wp:attachment":[{"href":"https:\/\/lasenia.cat\/web\/wp-json\/wp\/v2\/media?parent=4215"}],"curies":[{"name":"wp","href":"https:\/\/api.w.org\/{rel}","templated":true}]}}