{"id":3935,"date":"2023-08-04T10:43:58","date_gmt":"2023-08-04T09:43:58","guid":{"rendered":"https:\/\/lasenia.cat\/web\/?page_id=3935"},"modified":"2026-04-02T10:11:23","modified_gmt":"2026-04-02T08:11:23","slug":"compatibilitat-treballadors","status":"publish","type":"page","link":"https:\/\/lasenia.cat\/web\/compatibilitat-treballadors\/","title":{"rendered":"Compatibilitat treballadors"},"content":{"rendered":"\n<figure class=\"wp-block-table is-style-stripes\"><table><thead><tr><th class=\"has-text-align-left\" data-align=\"left\">Treballador\/a<\/th><th class=\"has-text-align-left\" data-align=\"left\">Lloc que ocupa<\/th><th class=\"has-text-align-left\" data-align=\"left\">Activitat compatibilitzada<\/th><th class=\"has-text-align-center\" data-align=\"center\">Data acord compatibilitat<\/th><\/tr><\/thead><tbody><tr><td class=\"has-text-align-left\" data-align=\"left\">MGG<\/td><td class=\"has-text-align-left\" data-align=\"left\">Oficial de jardineria<\/td><td class=\"has-text-align-left\" data-align=\"left\">Agent de seguretat d&#8217;empresa<\/td><td class=\"has-text-align-center\" data-align=\"center\">29.10.2018<\/td><\/tr><tr><td class=\"has-text-align-left\" data-align=\"left\">SSM<\/td><td class=\"has-text-align-left\" data-align=\"left\">Arquitecta t\u00e8cnica<\/td><td class=\"has-text-align-left\" data-align=\"left\">Arquitecta t\u00e8cnica<\/td><td class=\"has-text-align-center\" data-align=\"center\">24.03.2022<\/td><\/tr><tr><td class=\"has-text-align-left\" data-align=\"left\">IGJ<\/td><td class=\"has-text-align-left\" data-align=\"left\">Coordinador esportiu<\/td><td class=\"has-text-align-left\" data-align=\"left\">Ensenyament i refor\u00e7 escolar<\/td><td class=\"has-text-align-center\" data-align=\"center\">01.06.2023<\/td><\/tr><tr><td class=\"has-text-align-left\" data-align=\"left\">JAL<\/td><td class=\"has-text-align-left\" data-align=\"left\">Conserge d&#8217;instal\u00b7lacions municipals<\/td><td class=\"has-text-align-left\" data-align=\"left\">T\u00e8cnic d&#8217;emerg\u00e8ncies sanit\u00e0ries<\/td><td class=\"has-text-align-center\" data-align=\"center\">01.06.2023<\/td><\/tr><tr><td class=\"has-text-align-left\" data-align=\"left\">YAC<\/td><td class=\"has-text-align-left\" data-align=\"left\">Oper\u00e0ria de neteja<\/td><td class=\"has-text-align-left\" data-align=\"left\">Monitor de lleure educatiu<\/td><td class=\"has-text-align-center\" data-align=\"center\">01.06.2023<\/td><\/tr><\/tbody><\/table><\/figure>\n","protected":false},"excerpt":{"rendered":"<p>Treballador\/a Lloc que ocupa Activitat compatibilitzada Data acord compatibilitat MGG Oficial de jardineria Agent de seguretat d&#8217;empresa 29.10.2018 SSM Arquitecta<\/p>\n","protected":false},"author":3,"featured_media":0,"parent":0,"menu_order":0,"comment_status":"closed","ping_status":"closed","template":"","meta":{"colormag_page_container_layout":"no_sidebar_full_width","colormag_page_sidebar_layout":"no_sidebar","footnotes":""},"class_list":["post-3935","page","type-page","status-publish","hentry"],"_links":{"self":[{"href":"https:\/\/lasenia.cat\/web\/wp-json\/wp\/v2\/pages\/3935","targetHints":{"allow":["GET"]}}],"collection":[{"href":"https:\/\/lasenia.cat\/web\/wp-json\/wp\/v2\/pages"}],"about":[{"href":"https:\/\/lasenia.cat\/web\/wp-json\/wp\/v2\/types\/page"}],"author":[{"embeddable":true,"href":"https:\/\/lasenia.cat\/web\/wp-json\/wp\/v2\/users\/3"}],"replies":[{"embeddable":true,"href":"https:\/\/lasenia.cat\/web\/wp-json\/wp\/v2\/comments?post=3935"}],"version-history":[{"count":6,"href":"https:\/\/lasenia.cat\/web\/wp-json\/wp\/v2\/pages\/3935\/revisions"}],"predecessor-version":[{"id":8863,"href":"https:\/\/lasenia.cat\/web\/wp-json\/wp\/v2\/pages\/3935\/revisions\/8863"}],"wp:attachment":[{"href":"https:\/\/lasenia.cat\/web\/wp-json\/wp\/v2\/media?parent=3935"}],"curies":[{"name":"wp","href":"https:\/\/api.w.org\/{rel}","templated":true}]}}