{"id":3227,"date":"2023-02-23T18:38:14","date_gmt":"2023-02-23T17:38:14","guid":{"rendered":"http:\/\/lasenia.cat\/web\/?page_id=3227"},"modified":"2023-03-22T18:50:29","modified_gmt":"2023-03-22T17:50:29","slug":"normativa-cesport","status":"publish","type":"page","link":"https:\/\/lasenia.cat\/web\/normativa-cesport\/","title":{"rendered":"Normativa Cesport"},"content":{"rendered":"\n<p class=\"has-medium-font-size\"><strong>DRETS I DEURES<\/strong><\/p>\n\n\n\n<p class=\"has-medium-font-size\"><strong>DRETS<\/strong><\/p>\n\n\n\n<ul class=\"wp-block-list\">\n<li>Els usuaris tenen dret a utilitzar les instal\u00b7lacions esportives els dies i horari senyalats, si b\u00e9 el complex esportiu per necessitats de programaci\u00f3 o for\u00e7a major, podr\u00e0 anul\u00b7lar o variar les condicions establertes.<\/li>\n\n\n\n<li>A ser tractats amb respecte tant pel personal que dona servei a les instal\u00b7lacions com per la resta d&#8217;usuaris.<\/li>\n\n\n\n<li>Disposar de unes instal\u00b7lacions netes i amb el manteniment adequat.<\/li>\n<\/ul>\n\n\n\n<p class=\"has-medium-font-size\"><strong>DEURES<\/strong><\/p>\n\n\n\n<ul class=\"wp-block-list\">\n<li>Abonar les taxes i\/o els preus p\u00fablics establerts per a cada servei o espais esportiu i per a cada modalitat d\u2019\u00fas determinada.<\/li>\n\n\n\n<li>Tant el pagament per domiciliaci\u00f3 com el pagament per caixa s&#8217;efectuar\u00e0 de l&#8217;1 al 10 de cada mes. El usaria\/a que no aboni el import corresponent no podr\u00e0 accedir al complex esportiu a partir del dia 11 del mes, fins que pagui.&nbsp;<\/li>\n\n\n\n<li>Els canvis de quota i\/o baixa tant de gimn\u00e0s com de curset de nataci\u00f3, ja sigui amb s&#8217;hauran d&#8217;avisar abans del dia 28 del mes anterior. En cas contrari \u00e9s cobrar\u00e0 l&#8217;import vigent. Aquest canvis sempre es formalitzaran amb el document pertinent per escrit.<\/li>\n\n\n\n<li>El suplement del rebut retornat, que no siguin per culpa de l&#8217;administraci\u00f3 del complex, es cobraran als usuaris en el moment del pagament.<\/li>\n\n\n\n<li>Tant el material com les instal\u00b7lacions han de mantenir-se en les millors condicions. Els seus desperfectes, sempre que hagin estat fets intencionadament, es resoldran fent que els responsable\/s es faci\/n c\u00e0rrec.<\/li>\n\n\n\n<li>Passar la targeta pels punts de control d\u2019acc\u00e9s en el moment de entrar i sortir de cada espai (piscina, sala fitness i sala d\u2019activitats dirigides).<\/li>\n\n\n\n<li>L\u2019acc\u00e9s al complex esportiu sense pagar l\u2019abonament mensual o l\u2019entrada di\u00e0ria, ser\u00e0 sancionat amb una multa de 50\u20ac o 3 mesos sense poder accedir al complex.<\/li>\n<\/ul>\n\n\n\n<figure class=\"wp-block-image size-large is-resized\"><img loading=\"lazy\" decoding=\"async\" src=\"https:\/\/lasenia.cat\/web\/wp-content\/uploads\/2023\/03\/IMG_4787-1024x683.jpg\" alt=\"Piscina Cesport\" class=\"wp-image-3333\" width=\"1140\" height=\"760\" srcset=\"https:\/\/lasenia.cat\/web\/wp-content\/uploads\/2023\/03\/IMG_4787-1024x683.jpg 1024w, https:\/\/lasenia.cat\/web\/wp-content\/uploads\/2023\/03\/IMG_4787-300x200.jpg 300w, https:\/\/lasenia.cat\/web\/wp-content\/uploads\/2023\/03\/IMG_4787-768x512.jpg 768w, https:\/\/lasenia.cat\/web\/wp-content\/uploads\/2023\/03\/IMG_4787-1536x1024.jpg 1536w, https:\/\/lasenia.cat\/web\/wp-content\/uploads\/2023\/03\/IMG_4787-2048x1365.jpg 2048w\" sizes=\"auto, (max-width: 1140px) 100vw, 1140px\" \/><\/figure>\n","protected":false},"excerpt":{"rendered":"<p>DRETS I DEURES DRETS DEURES<\/p>\n","protected":false},"author":1,"featured_media":0,"parent":0,"menu_order":0,"comment_status":"closed","ping_status":"closed","template":"","meta":{"colormag_page_container_layout":"no_sidebar_full_width","colormag_page_sidebar_layout":"no_sidebar","footnotes":""},"class_list":["post-3227","page","type-page","status-publish","hentry"],"_links":{"self":[{"href":"https:\/\/lasenia.cat\/web\/wp-json\/wp\/v2\/pages\/3227","targetHints":{"allow":["GET"]}}],"collection":[{"href":"https:\/\/lasenia.cat\/web\/wp-json\/wp\/v2\/pages"}],"about":[{"href":"https:\/\/lasenia.cat\/web\/wp-json\/wp\/v2\/types\/page"}],"author":[{"embeddable":true,"href":"https:\/\/lasenia.cat\/web\/wp-json\/wp\/v2\/users\/1"}],"replies":[{"embeddable":true,"href":"https:\/\/lasenia.cat\/web\/wp-json\/wp\/v2\/comments?post=3227"}],"version-history":[{"count":2,"href":"https:\/\/lasenia.cat\/web\/wp-json\/wp\/v2\/pages\/3227\/revisions"}],"predecessor-version":[{"id":3334,"href":"https:\/\/lasenia.cat\/web\/wp-json\/wp\/v2\/pages\/3227\/revisions\/3334"}],"wp:attachment":[{"href":"https:\/\/lasenia.cat\/web\/wp-json\/wp\/v2\/media?parent=3227"}],"curies":[{"name":"wp","href":"https:\/\/api.w.org\/{rel}","templated":true}]}}