{"id":2910,"date":"2022-12-19T19:32:36","date_gmt":"2022-12-19T18:32:36","guid":{"rendered":"http:\/\/lasenia.cat\/web\/?page_id=2910"},"modified":"2022-12-19T19:32:37","modified_gmt":"2022-12-19T18:32:37","slug":"riu-senia-moli-lavella","status":"publish","type":"page","link":"https:\/\/lasenia.cat\/web\/riu-senia-moli-lavella\/","title":{"rendered":"Centre d&#8217;Interpretaci\u00f3 del Riu S\u00e9nia &#8211; Mol\u00ed la Vella"},"content":{"rendered":"\n<p>Al llarg del riu tamb\u00e9 trobem diversos molins antics, dels quals cal destacar-ne el Mol\u00ed la Vella, edifici amb m\u00e9s de 900 anys d\u2019hist\u00f2ria.<\/p>\n\n\n\n<p>Documentalment en tenim refer\u00e8ncies des del s. XIV, quan s\u2019utilitzava com a mol\u00ed fariner, per\u00f2 tamb\u00e9 s\u2019ha utilitzat com a f\u00e0brica de paper i, m\u00e9s tard, com a f\u00e0brica de gel que va funcionar fins la generalitzaci\u00f3 dels frigor\u00edfics dom\u00e8stics als anys 70.<\/p>\n\n\n\n<p>En caure en des\u00fas, l\u2019edifici es va anar ensorrant fins que a finals dels anys 80 l\u2019Ajuntament el va adquirir i en va iniciar el proc\u00e9s de rehabilitaci\u00f3.<\/p>\n\n\n\n<p>Actualment, trobem ubicat a l\u2019edifici el Centre d\u2019Interpretaci\u00f3 del riu S\u00e9nia, que t\u00e9 com a finalitat mostrar com el medi natural i l\u2019home han anat creant un entorn paisatg\u00edstic fortament humanitzat que conserva la riquesa de l\u2019ecosistema de ribera.<\/p>\n\n\n\n<p><strong>Visites guiades al Centre d\u2019Interpretaci\u00f3 del Riu S\u00e9nia<\/strong><\/p>\n\n\n\n<p>Actualment, con\u00e8ixer aquest edifici va subjecte a les visites guiades que oferim en dies concrets al llarg de l\u2019any, ja que s\u2019estan desenvolupant treballs de reestructuraci\u00f3 i reformulaci\u00f3 del museu amb la intenci\u00f3 de millorar l\u2019experi\u00e8ncia dels visitants, i reconvertir aquest patrimoni en punt de refer\u00e8ncia de la demarcaci\u00f3 vinculat a l\u2019entorn del riu i a la hist\u00f2ria socioecon\u00f2mica de la S\u00e9nia.<\/p>\n\n\n\n<p><strong>M\u00e9s informaci\u00f3:<\/strong><\/p>\n\n\n\n<p><strong>Oficina de Turisme de la S\u00e9nia<\/strong><br>977 713 000 \/ 977 576 156 \/ 653 937 204<\/p>\n\n\n\n<figure class=\"wp-block-gallery columns-2 is-cropped wp-block-gallery-1 is-layout-flex wp-block-gallery-is-layout-flex\"><ul class=\"blocks-gallery-grid\"><li class=\"blocks-gallery-item\"><figure><img loading=\"lazy\" decoding=\"async\" width=\"1024\" height=\"731\" src=\"https:\/\/lasenia.cat\/web\/wp-content\/uploads\/2022\/12\/cultural-moli\u0301-la-vella-1024x731.jpg\" alt=\"\" data-id=\"2911\" data-full-url=\"https:\/\/lasenia.cat\/web\/wp-content\/uploads\/2022\/12\/cultural-moli\u0301-la-vella.jpg\" data-link=\"https:\/\/lasenia.cat\/web\/?attachment_id=2911\" class=\"wp-image-2911\" srcset=\"https:\/\/lasenia.cat\/web\/wp-content\/uploads\/2022\/12\/cultural-moli\u0301-la-vella-1024x731.jpg 1024w, https:\/\/lasenia.cat\/web\/wp-content\/uploads\/2022\/12\/cultural-moli\u0301-la-vella-300x214.jpg 300w, https:\/\/lasenia.cat\/web\/wp-content\/uploads\/2022\/12\/cultural-moli\u0301-la-vella-768x548.jpg 768w, https:\/\/lasenia.cat\/web\/wp-content\/uploads\/2022\/12\/cultural-moli\u0301-la-vella-1536x1097.jpg 1536w, https:\/\/lasenia.cat\/web\/wp-content\/uploads\/2022\/12\/cultural-moli\u0301-la-vella.jpg 2048w\" sizes=\"auto, (max-width: 1024px) 100vw, 1024px\" \/><\/figure><\/li><li class=\"blocks-gallery-item\"><figure><img loading=\"lazy\" decoding=\"async\" width=\"1024\" height=\"576\" src=\"https:\/\/lasenia.cat\/web\/wp-content\/uploads\/2022\/12\/centre-riu-interior-1024x576.jpg\" alt=\"\" data-id=\"2912\" data-full-url=\"https:\/\/lasenia.cat\/web\/wp-content\/uploads\/2022\/12\/centre-riu-interior.jpg\" data-link=\"https:\/\/lasenia.cat\/web\/?attachment_id=2912\" class=\"wp-image-2912\" srcset=\"https:\/\/lasenia.cat\/web\/wp-content\/uploads\/2022\/12\/centre-riu-interior-1024x576.jpg 1024w, https:\/\/lasenia.cat\/web\/wp-content\/uploads\/2022\/12\/centre-riu-interior-300x169.jpg 300w, https:\/\/lasenia.cat\/web\/wp-content\/uploads\/2022\/12\/centre-riu-interior-768x432.jpg 768w, https:\/\/lasenia.cat\/web\/wp-content\/uploads\/2022\/12\/centre-riu-interior-1536x864.jpg 1536w, https:\/\/lasenia.cat\/web\/wp-content\/uploads\/2022\/12\/centre-riu-interior.jpg 2048w\" sizes=\"auto, (max-width: 1024px) 100vw, 1024px\" \/><\/figure><\/li><\/ul><\/figure>\n\n\n\n<p><\/p>\n","protected":false},"excerpt":{"rendered":"<p>Al llarg del riu tamb\u00e9 trobem diversos molins antics, dels quals cal destacar-ne el Mol\u00ed la Vella, edifici amb m\u00e9s<\/p>\n","protected":false},"author":1,"featured_media":0,"parent":0,"menu_order":0,"comment_status":"closed","ping_status":"closed","template":"","meta":{"colormag_page_container_layout":"no_sidebar_full_width","colormag_page_sidebar_layout":"no_sidebar","footnotes":""},"class_list":["post-2910","page","type-page","status-publish","hentry"],"_links":{"self":[{"href":"https:\/\/lasenia.cat\/web\/wp-json\/wp\/v2\/pages\/2910","targetHints":{"allow":["GET"]}}],"collection":[{"href":"https:\/\/lasenia.cat\/web\/wp-json\/wp\/v2\/pages"}],"about":[{"href":"https:\/\/lasenia.cat\/web\/wp-json\/wp\/v2\/types\/page"}],"author":[{"embeddable":true,"href":"https:\/\/lasenia.cat\/web\/wp-json\/wp\/v2\/users\/1"}],"replies":[{"embeddable":true,"href":"https:\/\/lasenia.cat\/web\/wp-json\/wp\/v2\/comments?post=2910"}],"version-history":[{"count":1,"href":"https:\/\/lasenia.cat\/web\/wp-json\/wp\/v2\/pages\/2910\/revisions"}],"predecessor-version":[{"id":2913,"href":"https:\/\/lasenia.cat\/web\/wp-json\/wp\/v2\/pages\/2910\/revisions\/2913"}],"wp:attachment":[{"href":"https:\/\/lasenia.cat\/web\/wp-json\/wp\/v2\/media?parent=2910"}],"curies":[{"name":"wp","href":"https:\/\/api.w.org\/{rel}","templated":true}]}}