{"id":2904,"date":"2022-12-19T19:26:27","date_gmt":"2022-12-19T18:26:27","guid":{"rendered":"http:\/\/lasenia.cat\/web\/?page_id=2904"},"modified":"2022-12-19T19:26:28","modified_gmt":"2022-12-19T18:26:28","slug":"nucli-antic-la-senia","status":"publish","type":"page","link":"https:\/\/lasenia.cat\/web\/nucli-antic-la-senia\/","title":{"rendered":"Nucli antic de la S\u00e9nia"},"content":{"rendered":"\n<p>La situaci\u00f3 del nucli urb\u00e0 m\u00e9s antic del municipi es troba en relaci\u00f3 amb els lligallos que conflu\u00efen vora el riu S\u00e9nia per endinsar-se al territori dels Ports. Tot i que la carta de poblament de la S\u00e9nia data de l\u2019any 1232 (a l\u2019Edat Mitjana), hi ha vestigis que testimonien la pres\u00e8ncia de pobladors en aquest empla\u00e7ament des de la prehist\u00f2ria.<\/p>\n\n\n\n<p>El lloc prec\u00eds escollit per ubicar la poblaci\u00f3 t\u00e9 una motivaci\u00f3 clarament defensiva: tancada i protegida pel cingle situat vora el riu S\u00e9nia, el qual s\u2019encaixa a gaireb\u00e9 60 metres de profunditat. Aquesta peculiaritat fa que, avui en dia, passejar pel nucli antic de la vila, ens permet gaudir d\u2019unes vistes espl\u00e8ndides del paisatge que configura el nostre entorn natural m\u00e9s immediat.<\/p>\n\n\n\n<p>Algunes de les construccions m\u00e9s caracter\u00edstiques i peculiars del nucli antic s\u00f3n: la Font Vella, la Terrassa, l\u2019esgl\u00e9sia de Sant Bartomeu i el seu campanar, la casa Abadia, la casa del Rei Bonet, el forn de Raimundo, l\u2019antiga Casa de la Vila, el mirador del carrer Galileu, i els safareigs de la Pla\u00e7a i la N\u00f2ria, entre d\u2019altres.<\/p>\n\n\n\n<figure class=\"wp-block-gallery columns-3 is-cropped wp-block-gallery-1 is-layout-flex wp-block-gallery-is-layout-flex\"><ul class=\"blocks-gallery-grid\"><li class=\"blocks-gallery-item\"><figure><img loading=\"lazy\" decoding=\"async\" width=\"1024\" height=\"683\" src=\"https:\/\/lasenia.cat\/web\/wp-content\/uploads\/2022\/12\/nucli-antic-safareig.jpg\" alt=\"\" data-id=\"2905\" data-full-url=\"https:\/\/lasenia.cat\/web\/wp-content\/uploads\/2022\/12\/nucli-antic-safareig.jpg\" data-link=\"https:\/\/lasenia.cat\/web\/?attachment_id=2905\" class=\"wp-image-2905\" srcset=\"https:\/\/lasenia.cat\/web\/wp-content\/uploads\/2022\/12\/nucli-antic-safareig.jpg 1024w, https:\/\/lasenia.cat\/web\/wp-content\/uploads\/2022\/12\/nucli-antic-safareig-300x200.jpg 300w, https:\/\/lasenia.cat\/web\/wp-content\/uploads\/2022\/12\/nucli-antic-safareig-768x512.jpg 768w\" sizes=\"auto, (max-width: 1024px) 100vw, 1024px\" \/><\/figure><\/li><li class=\"blocks-gallery-item\"><figure><img loading=\"lazy\" decoding=\"async\" width=\"819\" height=\"1024\" src=\"https:\/\/lasenia.cat\/web\/wp-content\/uploads\/2022\/12\/nucli-antic-esgle\u0301sia-i-campanar-819x1024.jpg\" alt=\"\" data-id=\"2906\" data-full-url=\"https:\/\/lasenia.cat\/web\/wp-content\/uploads\/2022\/12\/nucli-antic-esgle\u0301sia-i-campanar-scaled.jpg\" data-link=\"https:\/\/lasenia.cat\/web\/?attachment_id=2906\" class=\"wp-image-2906\" srcset=\"https:\/\/lasenia.cat\/web\/wp-content\/uploads\/2022\/12\/nucli-antic-esgle\u0301sia-i-campanar-819x1024.jpg 819w, https:\/\/lasenia.cat\/web\/wp-content\/uploads\/2022\/12\/nucli-antic-esgle\u0301sia-i-campanar-240x300.jpg 240w, https:\/\/lasenia.cat\/web\/wp-content\/uploads\/2022\/12\/nucli-antic-esgle\u0301sia-i-campanar-768x960.jpg 768w, https:\/\/lasenia.cat\/web\/wp-content\/uploads\/2022\/12\/nucli-antic-esgle\u0301sia-i-campanar-1229x1536.jpg 1229w, https:\/\/lasenia.cat\/web\/wp-content\/uploads\/2022\/12\/nucli-antic-esgle\u0301sia-i-campanar-1638x2048.jpg 1638w, https:\/\/lasenia.cat\/web\/wp-content\/uploads\/2022\/12\/nucli-antic-esgle\u0301sia-i-campanar-scaled.jpg 2048w\" sizes=\"auto, (max-width: 819px) 100vw, 819px\" \/><\/figure><\/li><li class=\"blocks-gallery-item\"><figure><img loading=\"lazy\" decoding=\"async\" width=\"683\" height=\"1024\" src=\"https:\/\/lasenia.cat\/web\/wp-content\/uploads\/2022\/12\/nucli-antic-carrer-major-683x1024.jpg\" alt=\"\" data-id=\"2907\" data-full-url=\"https:\/\/lasenia.cat\/web\/wp-content\/uploads\/2022\/12\/nucli-antic-carrer-major.jpg\" data-link=\"https:\/\/lasenia.cat\/web\/?attachment_id=2907\" class=\"wp-image-2907\" srcset=\"https:\/\/lasenia.cat\/web\/wp-content\/uploads\/2022\/12\/nucli-antic-carrer-major-683x1024.jpg 683w, https:\/\/lasenia.cat\/web\/wp-content\/uploads\/2022\/12\/nucli-antic-carrer-major-200x300.jpg 200w, https:\/\/lasenia.cat\/web\/wp-content\/uploads\/2022\/12\/nucli-antic-carrer-major-768x1152.jpg 768w, https:\/\/lasenia.cat\/web\/wp-content\/uploads\/2022\/12\/nucli-antic-carrer-major-1024x1536.jpg 1024w, https:\/\/lasenia.cat\/web\/wp-content\/uploads\/2022\/12\/nucli-antic-carrer-major.jpg 1365w\" sizes=\"auto, (max-width: 683px) 100vw, 683px\" \/><\/figure><\/li><li class=\"blocks-gallery-item\"><figure><img loading=\"lazy\" decoding=\"async\" width=\"1024\" height=\"683\" src=\"https:\/\/lasenia.cat\/web\/wp-content\/uploads\/2022\/12\/cultural-nucli-antic-1024x683.jpg\" alt=\"\" data-id=\"2908\" data-full-url=\"https:\/\/lasenia.cat\/web\/wp-content\/uploads\/2022\/12\/cultural-nucli-antic.jpg\" data-link=\"https:\/\/lasenia.cat\/web\/?attachment_id=2908\" class=\"wp-image-2908\" srcset=\"https:\/\/lasenia.cat\/web\/wp-content\/uploads\/2022\/12\/cultural-nucli-antic-1024x683.jpg 1024w, https:\/\/lasenia.cat\/web\/wp-content\/uploads\/2022\/12\/cultural-nucli-antic-300x200.jpg 300w, https:\/\/lasenia.cat\/web\/wp-content\/uploads\/2022\/12\/cultural-nucli-antic-768x512.jpg 768w, https:\/\/lasenia.cat\/web\/wp-content\/uploads\/2022\/12\/cultural-nucli-antic-1536x1024.jpg 1536w, https:\/\/lasenia.cat\/web\/wp-content\/uploads\/2022\/12\/cultural-nucli-antic.jpg 2048w\" sizes=\"auto, (max-width: 1024px) 100vw, 1024px\" \/><\/figure><\/li><\/ul><\/figure>\n","protected":false},"excerpt":{"rendered":"<p>La situaci\u00f3 del nucli urb\u00e0 m\u00e9s antic del municipi es troba en relaci\u00f3 amb els lligallos que conflu\u00efen vora el<\/p>\n","protected":false},"author":1,"featured_media":0,"parent":0,"menu_order":0,"comment_status":"closed","ping_status":"closed","template":"","meta":{"colormag_page_container_layout":"no_sidebar_full_width","colormag_page_sidebar_layout":"no_sidebar","footnotes":""},"class_list":["post-2904","page","type-page","status-publish","hentry"],"_links":{"self":[{"href":"https:\/\/lasenia.cat\/web\/wp-json\/wp\/v2\/pages\/2904","targetHints":{"allow":["GET"]}}],"collection":[{"href":"https:\/\/lasenia.cat\/web\/wp-json\/wp\/v2\/pages"}],"about":[{"href":"https:\/\/lasenia.cat\/web\/wp-json\/wp\/v2\/types\/page"}],"author":[{"embeddable":true,"href":"https:\/\/lasenia.cat\/web\/wp-json\/wp\/v2\/users\/1"}],"replies":[{"embeddable":true,"href":"https:\/\/lasenia.cat\/web\/wp-json\/wp\/v2\/comments?post=2904"}],"version-history":[{"count":1,"href":"https:\/\/lasenia.cat\/web\/wp-json\/wp\/v2\/pages\/2904\/revisions"}],"predecessor-version":[{"id":2909,"href":"https:\/\/lasenia.cat\/web\/wp-json\/wp\/v2\/pages\/2904\/revisions\/2909"}],"wp:attachment":[{"href":"https:\/\/lasenia.cat\/web\/wp-json\/wp\/v2\/media?parent=2904"}],"curies":[{"name":"wp","href":"https:\/\/api.w.org\/{rel}","templated":true}]}}