{"id":2892,"date":"2022-12-19T19:18:26","date_gmt":"2022-12-19T18:18:26","guid":{"rendered":"http:\/\/lasenia.cat\/web\/?page_id=2892"},"modified":"2026-01-26T09:51:38","modified_gmt":"2026-01-26T08:51:38","slug":"camp-aviacio-la-senia","status":"publish","type":"page","link":"https:\/\/lasenia.cat\/web\/camp-aviacio-la-senia\/","title":{"rendered":"Camp d&#8217;Aviaci\u00f3 de la S\u00e9nia"},"content":{"rendered":"\n<p>Durant la Guerra Civil Espanyola, el Govern de la II Rep\u00fablica, per tal de defensar-se del cop militar rebel, va planejar la construcci\u00f3 de diversos aer\u00f2droms militars a Catalunya, entre ells, el Camp d\u2019Aviaci\u00f3 de la S\u00e9nia.<\/p>\n\n\n\n<p>A l\u2019abril del 38, l\u2019aer\u00f2drom va passar a mans de l\u2019ex\u00e8rcit nacional, esdevenint base de la Legi\u00f3 C\u00f2ndor alemanya fins finalitzar el conflicte.<\/p>\n\n\n\n<p>Actualment, es tracta d\u2019un espai parcialment conservat que acull un centre d\u2019interpretaci\u00f3 a l\u2019antiga Casa de Comandament i preserva el refugi antiaeri. Especial rellev\u00e0ncia rep el Centre d\u2019Aviaci\u00f3 Hist\u00f2rica de la S\u00e9nia, museu d\u2019avions \u00fanic al territori, el qual exhibeix diferents peces aeron\u00e0utiques de l\u2019\u00e8poca que sorprenen per la seva pres\u00e8ncia i majestuositat, considerades de gran valor i inter\u00e8s.<\/p>\n\n\n\n<figure class=\"wp-block-gallery has-nested-images columns-default is-cropped wp-block-gallery-1 is-layout-flex wp-block-gallery-is-layout-flex\">\n<figure class=\"wp-block-image size-large\"><img loading=\"lazy\" decoding=\"async\" width=\"1024\" height=\"683\" data-id=\"2893\" src=\"https:\/\/lasenia.cat\/web\/wp-content\/uploads\/2022\/12\/camp-aviacio\u0301-interior-casa-comandament-1024x683.jpg\" alt=\"\" class=\"wp-image-2893\" srcset=\"https:\/\/lasenia.cat\/web\/wp-content\/uploads\/2022\/12\/camp-aviacio\u0301-interior-casa-comandament-1024x683.jpg 1024w, https:\/\/lasenia.cat\/web\/wp-content\/uploads\/2022\/12\/camp-aviacio\u0301-interior-casa-comandament-300x200.jpg 300w, https:\/\/lasenia.cat\/web\/wp-content\/uploads\/2022\/12\/camp-aviacio\u0301-interior-casa-comandament-768x512.jpg 768w, https:\/\/lasenia.cat\/web\/wp-content\/uploads\/2022\/12\/camp-aviacio\u0301-interior-casa-comandament.jpg 1200w\" sizes=\"auto, (max-width: 1024px) 100vw, 1024px\" \/><\/figure>\n<\/figure>\n\n\n\n<p><strong>Visites guiades al Camp d\u2019Aviaci\u00f3<\/strong><\/p>\n\n\n\n<p>Con\u00e8ixer la hist\u00f2ria d\u2019aquest conjunt patrimonial va subjecte a les visites guiades que oferim. Els treballs de recerca que es desenvolupen i la realitzaci\u00f3 de les visites guiades, pretenen traslladar al visitant la mem\u00f2ria hist\u00f2rica viscuda en aquesta poblaci\u00f3 durant una \u00e8poca convulsa, invitant a la reflexi\u00f3 i apel\u00b7lant a la responsabilitat de tothom per a que no es tornin a repetir uns fets similars.<\/p>\n\n\n\n<ul class=\"wp-block-list\">\n<li>Durada de la visita: 2 hores aproximadament.<\/li>\n\n\n\n<li>Preu: 5 \u20ac\/persona \u2013 infants gratu\u00eft fins els 10 anys (consultar preu per grups organitzats)<\/li>\n<\/ul>\n\n\n\n<p>El preu inclou: explicacions als diferents espais que conformen el conjunt patrimonial del Camp d\u2019Aviaci\u00f3 de la S\u00e9nia, amb les respectives entrades al museu de la Casa de Comandament, refugi antiaeri i Centre d\u2019Aviaci\u00f3 Hist\u00f2rica.<\/p>\n\n\n\n<p><strong>M\u00e9s informaci\u00f3 i reserves:<\/strong><\/p>\n\n\n\n<p><strong>Oficina de Turisme de la S\u00e9nia<\/strong><br>977 713 000 \/ 977 576 156 \/ 653 937 204<br> <span class=\"link-color sendIt\">turisme<img decoding=\"async\" class=\"inline-img\" style=\"max-height:2em\" src=\"https:\/\/lasenia.cat\/html\/images\/arroba.svg\" alt=\"@\">lasenia.cat<\/span> <\/p>\n\n\n\n<figure class=\"wp-block-gallery has-nested-images columns-default is-cropped wp-block-gallery-2 is-layout-flex wp-block-gallery-is-layout-flex\">\n<figure class=\"wp-block-image size-large\"><img loading=\"lazy\" decoding=\"async\" width=\"1024\" height=\"486\" data-id=\"2894\" src=\"https:\/\/lasenia.cat\/web\/wp-content\/uploads\/2022\/12\/camp-aviacio\u0301-visita-guiada.jpg\" alt=\"\" class=\"wp-image-2894\" srcset=\"https:\/\/lasenia.cat\/web\/wp-content\/uploads\/2022\/12\/camp-aviacio\u0301-visita-guiada.jpg 1024w, https:\/\/lasenia.cat\/web\/wp-content\/uploads\/2022\/12\/camp-aviacio\u0301-visita-guiada-300x142.jpg 300w, https:\/\/lasenia.cat\/web\/wp-content\/uploads\/2022\/12\/camp-aviacio\u0301-visita-guiada-768x365.jpg 768w\" sizes=\"auto, (max-width: 1024px) 100vw, 1024px\" \/><\/figure>\n\n\n\n<figure class=\"wp-block-image size-large\"><img loading=\"lazy\" decoding=\"async\" width=\"1024\" height=\"576\" data-id=\"2895\" src=\"https:\/\/lasenia.cat\/web\/wp-content\/uploads\/2022\/12\/camp-aviacio\u0301-tupolev-sb-1024x576.jpg\" alt=\"\" class=\"wp-image-2895\" srcset=\"https:\/\/lasenia.cat\/web\/wp-content\/uploads\/2022\/12\/camp-aviacio\u0301-tupolev-sb-1024x576.jpg 1024w, https:\/\/lasenia.cat\/web\/wp-content\/uploads\/2022\/12\/camp-aviacio\u0301-tupolev-sb-300x169.jpg 300w, https:\/\/lasenia.cat\/web\/wp-content\/uploads\/2022\/12\/camp-aviacio\u0301-tupolev-sb-768x432.jpg 768w, https:\/\/lasenia.cat\/web\/wp-content\/uploads\/2022\/12\/camp-aviacio\u0301-tupolev-sb-1536x864.jpg 1536w, https:\/\/lasenia.cat\/web\/wp-content\/uploads\/2022\/12\/camp-aviacio\u0301-tupolev-sb-2048x1152.jpg 2048w\" sizes=\"auto, (max-width: 1024px) 100vw, 1024px\" \/><\/figure>\n\n\n\n<figure class=\"wp-block-image size-large\"><img loading=\"lazy\" decoding=\"async\" width=\"1024\" height=\"683\" data-id=\"2896\" src=\"https:\/\/lasenia.cat\/web\/wp-content\/uploads\/2022\/12\/camp-aviacio\u0301-refugi-1024x683.jpg\" alt=\"\" class=\"wp-image-2896\" srcset=\"https:\/\/lasenia.cat\/web\/wp-content\/uploads\/2022\/12\/camp-aviacio\u0301-refugi-1024x683.jpg 1024w, https:\/\/lasenia.cat\/web\/wp-content\/uploads\/2022\/12\/camp-aviacio\u0301-refugi-300x200.jpg 300w, https:\/\/lasenia.cat\/web\/wp-content\/uploads\/2022\/12\/camp-aviacio\u0301-refugi-768x512.jpg 768w, https:\/\/lasenia.cat\/web\/wp-content\/uploads\/2022\/12\/camp-aviacio\u0301-refugi-1536x1024.jpg 1536w, https:\/\/lasenia.cat\/web\/wp-content\/uploads\/2022\/12\/camp-aviacio\u0301-refugi-2048x1365.jpg 2048w\" sizes=\"auto, (max-width: 1024px) 100vw, 1024px\" \/><\/figure>\n\n\n\n<figure class=\"wp-block-image size-large\"><img loading=\"lazy\" decoding=\"async\" width=\"1024\" height=\"683\" data-id=\"2897\" src=\"https:\/\/lasenia.cat\/web\/wp-content\/uploads\/2022\/12\/camp-aviacio\u0301-interior-casa-comandament-1-1024x683.jpg\" alt=\"\" class=\"wp-image-2897\" srcset=\"https:\/\/lasenia.cat\/web\/wp-content\/uploads\/2022\/12\/camp-aviacio\u0301-interior-casa-comandament-1-1024x683.jpg 1024w, https:\/\/lasenia.cat\/web\/wp-content\/uploads\/2022\/12\/camp-aviacio\u0301-interior-casa-comandament-1-300x200.jpg 300w, https:\/\/lasenia.cat\/web\/wp-content\/uploads\/2022\/12\/camp-aviacio\u0301-interior-casa-comandament-1-768x512.jpg 768w, https:\/\/lasenia.cat\/web\/wp-content\/uploads\/2022\/12\/camp-aviacio\u0301-interior-casa-comandament-1.jpg 1200w\" sizes=\"auto, (max-width: 1024px) 100vw, 1024px\" \/><\/figure>\n\n\n\n<figure class=\"wp-block-image size-large\"><img loading=\"lazy\" decoding=\"async\" width=\"1024\" height=\"576\" data-id=\"2898\" src=\"https:\/\/lasenia.cat\/web\/wp-content\/uploads\/2022\/12\/camp-aviacio\u0301-exterior-CAHS-1024x576.jpeg\" alt=\"\" class=\"wp-image-2898\" srcset=\"https:\/\/lasenia.cat\/web\/wp-content\/uploads\/2022\/12\/camp-aviacio\u0301-exterior-CAHS-1024x576.jpeg 1024w, https:\/\/lasenia.cat\/web\/wp-content\/uploads\/2022\/12\/camp-aviacio\u0301-exterior-CAHS-300x169.jpeg 300w, https:\/\/lasenia.cat\/web\/wp-content\/uploads\/2022\/12\/camp-aviacio\u0301-exterior-CAHS-768x432.jpeg 768w, https:\/\/lasenia.cat\/web\/wp-content\/uploads\/2022\/12\/camp-aviacio\u0301-exterior-CAHS-1536x864.jpeg 1536w, https:\/\/lasenia.cat\/web\/wp-content\/uploads\/2022\/12\/camp-aviacio\u0301-exterior-CAHS.jpeg 2048w\" sizes=\"auto, (max-width: 1024px) 100vw, 1024px\" \/><\/figure>\n<\/figure>\n","protected":false},"excerpt":{"rendered":"<p>Durant la Guerra Civil Espanyola, el Govern de la II Rep\u00fablica, per tal de defensar-se del cop militar rebel, va<\/p>\n","protected":false},"author":1,"featured_media":0,"parent":0,"menu_order":0,"comment_status":"closed","ping_status":"closed","template":"","meta":{"colormag_page_container_layout":"no_sidebar_full_width","colormag_page_sidebar_layout":"no_sidebar","footnotes":""},"class_list":["post-2892","page","type-page","status-publish","hentry"],"_links":{"self":[{"href":"https:\/\/lasenia.cat\/web\/wp-json\/wp\/v2\/pages\/2892","targetHints":{"allow":["GET"]}}],"collection":[{"href":"https:\/\/lasenia.cat\/web\/wp-json\/wp\/v2\/pages"}],"about":[{"href":"https:\/\/lasenia.cat\/web\/wp-json\/wp\/v2\/types\/page"}],"author":[{"embeddable":true,"href":"https:\/\/lasenia.cat\/web\/wp-json\/wp\/v2\/users\/1"}],"replies":[{"embeddable":true,"href":"https:\/\/lasenia.cat\/web\/wp-json\/wp\/v2\/comments?post=2892"}],"version-history":[{"count":3,"href":"https:\/\/lasenia.cat\/web\/wp-json\/wp\/v2\/pages\/2892\/revisions"}],"predecessor-version":[{"id":7860,"href":"https:\/\/lasenia.cat\/web\/wp-json\/wp\/v2\/pages\/2892\/revisions\/7860"}],"wp:attachment":[{"href":"https:\/\/lasenia.cat\/web\/wp-json\/wp\/v2\/media?parent=2892"}],"curies":[{"name":"wp","href":"https:\/\/api.w.org\/{rel}","templated":true}]}}